{"id":60817,"date":"2022-10-25T09:33:12","date_gmt":"2022-10-25T09:33:12","guid":{"rendered":"https:\/\/fmed.eu\/product\/osnovne-prenatalne-kapsule-thorne-research\/"},"modified":"2026-01-06T12:36:51","modified_gmt":"2026-01-06T10:36:51","slug":"osnovne-prenatalne-kapsule-thorne-research","status":"publish","type":"product","link":"https:\/\/fmed.eu\/de\/produkt\/osnovne-prenatalne-kapsule-thorne-research\/","title":{"rendered":"Thorne Research, Basic Prenatal, 90 kapsul"},"content":{"rendered":"<p>Thorne Research Osnovni Prenatalni, 90 kapsul<\/p>\n<p>Ne\u017een in u\u010dinkovit dnevni multi- za \u017eenske, ki posku\u0161ajo zanositi, so nose\u010de ali dojijo.<br \/>\nDobro raziskana ve\u010dnamenska formula za hranjenje matere in podporo otrokovemu razvoju, od pred spo\u010detjem do dojenja.* Narejena je brez dodatkov in oblog, ki jih najdemo v obi\u010dajnih prenatalnih dodatkih.<\/p>\n","protected":false},"excerpt":{"rendered":"<p>Kakovostne multivitaminske tablete v aktivni, koencimski ali metilni obliki za najbolj\u0161o absorpcijo in bio-razpolo\u017eljivost.<\/p>\n","protected":false},"featured_media":60818,"comment_status":"open","ping_status":"closed","template":"","meta":[],"etheme_brands":[{"term_id":4657,"name":"Thorne Research","slug":"thorne-research","term_group":0,"term_taxonomy_id":4657,"taxonomy":"brand","description":"Thorne research sodi po kvaliteti proizvodov v sam vrh industrije prehranskih dopolnil. Njihov formule so edinstvene in prav vsak izdelek je u\u010dinkovit ter podprt s \u0161tudijami.","parent":0,"count":2,"filter":"raw"}],"product_brand":[],"product_cat":[3722,3732,3733,3875,3723,3724,3736,3740,3725],"product_tag":[5471,5524,5469,5500,5561,5562,5563,5564],"class_list":{"0":"post-60817","1":"product","2":"type-product","3":"status-publish","4":"has-post-thumbnail","6":"brand-thorne-research","7":"product_cat-antioksidanti","8":"product_cat-energija-in-motivacija","9":"product_cat-imunski-sistem","10":"product_cat-novo-v-ponudbi","11":"product_cat-podpora-srca-in-ozilja","12":"product_cat-razstrupljanje-in-jetra","13":"product_cat-spomin-in-zdravje-mozganov","14":"product_cat-uravnavanje-krvnega-sladkorja","15":"product_cat-vitamini-in-minerali","16":"product_tag-antioksidant","17":"product_tag-b-kompleks","18":"product_tag-energija","19":"product_tag-imunski-sistem","20":"product_tag-minerali","21":"product_tag-multivitamin","22":"product_tag-preventiva","23":"product_tag-vitamini","25":"first","26":"outofstock","27":"taxable","28":"shipping-taxable","29":"purchasable","30":"product-type-simple"},"_links":{"self":[{"href":"https:\/\/fmed.eu\/de\/wp-json\/wp\/v2\/product\/60817","targetHints":{"allow":["GET"]}}],"collection":[{"href":"https:\/\/fmed.eu\/de\/wp-json\/wp\/v2\/product"}],"about":[{"href":"https:\/\/fmed.eu\/de\/wp-json\/wp\/v2\/types\/product"}],"replies":[{"embeddable":true,"href":"https:\/\/fmed.eu\/de\/wp-json\/wp\/v2\/comments?post=60817"}],"version-history":[{"count":1,"href":"https:\/\/fmed.eu\/de\/wp-json\/wp\/v2\/product\/60817\/revisions"}],"predecessor-version":[{"id":69242,"href":"https:\/\/fmed.eu\/de\/wp-json\/wp\/v2\/product\/60817\/revisions\/69242"}],"wp:featuredmedia":[{"embeddable":true,"href":"https:\/\/fmed.eu\/de\/wp-json\/wp\/v2\/media\/60818"}],"wp:attachment":[{"href":"https:\/\/fmed.eu\/de\/wp-json\/wp\/v2\/media?parent=60817"}],"wp:term":[{"taxonomy":"brand","embeddable":true,"href":"https:\/\/fmed.eu\/de\/wp-json\/wp\/v2\/etheme_brands?post=60817"},{"taxonomy":"product_brand","embeddable":true,"href":"https:\/\/fmed.eu\/de\/wp-json\/wp\/v2\/product_brand?post=60817"},{"taxonomy":"product_cat","embeddable":true,"href":"https:\/\/fmed.eu\/de\/wp-json\/wp\/v2\/product_cat?post=60817"},{"taxonomy":"product_tag","embeddable":true,"href":"https:\/\/fmed.eu\/de\/wp-json\/wp\/v2\/product_tag?post=60817"}],"curies":[{"name":"wp","href":"https:\/\/api.w.org\/{rel}","templated":true}]}}