{"id":60829,"date":"2023-01-12T11:10:25","date_gmt":"2023-01-12T11:10:25","guid":{"rendered":"https:\/\/fmed.eu\/product\/selen-now-foods-200mg-90-kapsul\/"},"modified":"2026-03-06T08:42:42","modified_gmt":"2026-03-06T06:42:42","slug":"selen-now-foods-200mg-90-kapsul","status":"publish","type":"product","link":"https:\/\/fmed.eu\/de\/produkt\/selen-now-foods-200mg-90-kapsul\/","title":{"rendered":"Selen, NOW Foods, 200mg 90 kapsul"},"content":{"rendered":"<p>Selen (L-selenomethionine) 200 mcg x 90 kapsul<\/p>\n<p>Selen je mineral, ki ga \u010dlove\u0161ko telo ne more proizvesti, zato sodi med esencialna hranila. Je mikrohranilo, ker ga telo potrebuje v majhnih koli\u010dinah. V bistvu sodi selen med elemente v sledovih in je v visokih odmerkih lahko toksi\u010den. Prav zato je potrebna primerna koli\u010dina in kvalitetna oblika semena za varno dodajanje k prehrani.<\/p>\n<p>Selen je v \u010dlove\u0161kem telesu del nekoliko nenavadne kombinacije z amino kislinami in tvori selenocistein ter selenometionin. Slu\u017ei tudi kot kofaktor pri razli\u010dnih encimih.<\/p>\n<p>\u0160e posebej je pomemben za delovanje \u0161\u010ditnice, saj je sestavni del encima, ki pretvarja neaktivni \u0161\u010ditni\u010dni hormon T4 v njegovo aktivno obliko T3.<\/p>\n<p>Kako deluje?<\/p>\n<p>Selen v telesu sodeluje kot kofaktor \u017eivljenjsko pomembnih encimov in beljakovin ter antioksidativnih mehanizmov.<\/p>\n<p>Prehransko dopolnilo vsebuje SELEN, ki:<\/p>\n<p>prispeva k ohranjanju zdravih las in nohtov<\/p>\n<p>ima vlogo pri delovanju imunskega sistema<\/p>\n<p>ima vlogo pri delovanju \u0161\u010ditnice<\/p>\n<p>ima vlogo pri za\u0161\u010diti celic pred oksidativnim stresom<\/p>\n","protected":false},"excerpt":{"rendered":"<p>Selen je mineral, ki med prispeva k ohranjanju zdravih las, nohtov, imunskega sistema in delovanju \u0161\u010ditnice.<\/p>\n","protected":false},"featured_media":60830,"comment_status":"open","ping_status":"closed","template":"","meta":[],"etheme_brands":[{"term_id":4646,"name":"Now Foods","slug":"now-foods","term_group":0,"term_taxonomy_id":4646,"taxonomy":"brand","description":"Now Foods je dru\u017einsko podjetje, ki je nastalo leta 1968. V podjetju prisegajo na naravne in organske proizvode, kar je uslu\u017ebencem in znamki sami prineslo \u0161tevilne nagrade in priznanja. Osrednji moto podjetja je proizvajati visokokakovostne izdelke, ki so strankam cenovno dostopni.","parent":0,"count":33,"filter":"raw"}],"product_brand":[],"product_cat":[3722,3732,3733,3875,3756,3724,3739,3725],"product_tag":[5471,5444,5526,5545,5494,5592,5593],"class_list":{"0":"post-60829","1":"product","2":"type-product","3":"status-publish","4":"has-post-thumbnail","6":"brand-now-foods","7":"product_cat-antioksidanti","8":"product_cat-energija-in-motivacija","9":"product_cat-imunski-sistem","10":"product_cat-novo-v-ponudbi","11":"product_cat-prehladna-obolenja","12":"product_cat-razstrupljanje-in-jetra","13":"product_cat-uravnavanje-hormonov","14":"product_cat-vitamini-in-minerali","15":"product_tag-antioksidant","16":"product_tag-lasje","17":"product_tag-nohti","18":"product_tag-prostata","19":"product_tag-scitnica","20":"product_tag-svinec","21":"product_tag-zivo-srebro","23":"first","24":"outofstock","25":"taxable","26":"shipping-taxable","27":"purchasable","28":"product-type-simple"},"_links":{"self":[{"href":"https:\/\/fmed.eu\/de\/wp-json\/wp\/v2\/product\/60829","targetHints":{"allow":["GET"]}}],"collection":[{"href":"https:\/\/fmed.eu\/de\/wp-json\/wp\/v2\/product"}],"about":[{"href":"https:\/\/fmed.eu\/de\/wp-json\/wp\/v2\/types\/product"}],"replies":[{"embeddable":true,"href":"https:\/\/fmed.eu\/de\/wp-json\/wp\/v2\/comments?post=60829"}],"version-history":[{"count":1,"href":"https:\/\/fmed.eu\/de\/wp-json\/wp\/v2\/product\/60829\/revisions"}],"predecessor-version":[{"id":69241,"href":"https:\/\/fmed.eu\/de\/wp-json\/wp\/v2\/product\/60829\/revisions\/69241"}],"wp:featuredmedia":[{"embeddable":true,"href":"https:\/\/fmed.eu\/de\/wp-json\/wp\/v2\/media\/60830"}],"wp:attachment":[{"href":"https:\/\/fmed.eu\/de\/wp-json\/wp\/v2\/media?parent=60829"}],"wp:term":[{"taxonomy":"brand","embeddable":true,"href":"https:\/\/fmed.eu\/de\/wp-json\/wp\/v2\/etheme_brands?post=60829"},{"taxonomy":"product_brand","embeddable":true,"href":"https:\/\/fmed.eu\/de\/wp-json\/wp\/v2\/product_brand?post=60829"},{"taxonomy":"product_cat","embeddable":true,"href":"https:\/\/fmed.eu\/de\/wp-json\/wp\/v2\/product_cat?post=60829"},{"taxonomy":"product_tag","embeddable":true,"href":"https:\/\/fmed.eu\/de\/wp-json\/wp\/v2\/product_tag?post=60829"}],"curies":[{"name":"wp","href":"https:\/\/api.w.org\/{rel}","templated":true}]}}