{"id":61190,"date":"2023-11-24T10:01:35","date_gmt":"2023-11-24T10:01:35","guid":{"rendered":"https:\/\/fmed.eu\/product\/ostrovit-vitamin-d3-4000iu-120-softgelov\/"},"modified":"2026-02-09T09:57:40","modified_gmt":"2026-02-09T07:57:40","slug":"ostrovit-vitamin-d3-4000iu-120-softgelov","status":"publish","type":"product","link":"https:\/\/fmed.eu\/de\/produkt\/ostrovit-vitamin-d3-4000iu-120-softgelov\/","title":{"rendered":"OstroVit, Vitamin D3 4000IU, 120 softgelov"},"content":{"rendered":"<p>OstroVit, Vitamin D3 4000IU, 120 softgelov<\/p>\n<p>Vitamin D3, znan tudi kot holekalciferol, je klju\u010den ma\u0161\u010doboraztopljiv vitamin, ki igra pomembno vlogo pri razli\u010dnih fiziolo\u0161kih procesih v telesu. Za razliko od mnogih drugih vitaminov se vitamin D lahko sintetizira v ko\u017ei ob izpostavljenosti ultravijoli\u010dnemu B (UVB) son\u010dnemu sevanju. Poleg tega se pridobiva s hrano in prehranskimi dopolnili.<\/p>\n<p>Tu so nekateri klju\u010dni vidiki vitamina D3:<\/p>\n<p>Zdravje kosti: Ena glavnih funkcij vitamina D3 je vzdr\u017eevanje pravilnega zdravja kosti. Omogo\u010da absorpcijo kalcija in fosforja v \u010drevesju, bistvenih mineralov za trdnost in razvoj kosti.<\/p>\n<p>Podpora imunskemu sistemu: Vitamin D3 naj bi moduliral imunski sistem, pomagal pri regulaciji imunskih odzivov in pove\u010dal obrambno sposobnost telesa proti oku\u017ebam in boleznim.<\/p>\n<p>Funkcija mi\u0161ic: Ustrezne ravni vitamina D3 so povezane z bolj\u0161o funkcijo in mo\u010djo mi\u0161ic. To je \u0161e posebej pomembno za starej\u0161e odrasle, ki so lahko bolj nagnjeni k oslabelosti mi\u0161ic.<\/p>\n<p>Rast in regulacija celic: Vitamin D3 naj bi sodeloval pri regulaciji rasti in diferenciacije celic. Ima vlogo pri nadzoru celi\u010dnih ciklov in lahko vpliva na prepre\u010devanje razvoja dolo\u010denih bolezni.<\/p>\n<p>Razpolo\u017eenje in du\u0161evno zdravje: Nekatere \u0161tudije nakazujejo povezavo med ravni vitamina D in regulacijo razpolo\u017eenja. Ustrezne ravni vitamina D3 lahko prispevajo k splo\u0161nemu du\u0161evnemu po\u010dutju.<\/p>\n<p>Vir: Poleg izpostavljenosti soncu so prehranski viri vitamina D3 mastne ribe (kot so losos in sku\u0161a), obogatena \u017eivila (na primer obogateno mleko in \u017eitarice) ter prehranska dopolnila.<\/p>\n<p>Pomanjkanje: Pomanjkanje vitamina D lahko privede do razli\u010dnih zdravstvenih te\u017eav, vklju\u010dno s oslabljenimi kostmi (osteoporozo), pove\u010danim tveganjem za zlome in oslabljeno imunsko funkcijo. Posamezniki s omejeno izpostavljenostjo soncu, dolo\u010denimi zdravstvenimi stanji ali tisti z bolj temno poltjo so lahko bolj nagnjeni k pomanjkanju vitamina D.<\/p>\n","protected":false},"excerpt":{"rendered":"<p>Vitamin D je skupina ma\u0161\u010doboraztopljivih vitaminov, ki igrajo klju\u010dno vlogo pri razli\u010dnih funkcijah v telesu.<\/p>\n","protected":false},"featured_media":61191,"comment_status":"open","ping_status":"closed","template":"","meta":[],"etheme_brands":[{"term_id":4783,"name":"Ostrovit","slug":"ostrovit","term_group":0,"term_taxonomy_id":4783,"taxonomy":"brand","description":"","parent":0,"count":37,"filter":"raw"}],"product_brand":[],"product_cat":[3733,3875,3766,3726],"product_tag":[5441,5455,5779,5775],"class_list":{"0":"post-61190","1":"product","2":"type-product","3":"status-publish","4":"has-post-thumbnail","6":"brand-ostrovit","7":"product_cat-imunski-sistem","8":"product_cat-novo-v-ponudbi","9":"product_cat-vitamin-d","10":"product_cat-vnetja-kosti-in-sklepi","11":"product_tag-kosti","12":"product_tag-sklepi","13":"product_tag-vitamin-d3","14":"product_tag-zdravje","16":"first","17":"outofstock","18":"taxable","19":"shipping-taxable","20":"purchasable","21":"product-type-simple"},"_links":{"self":[{"href":"https:\/\/fmed.eu\/de\/wp-json\/wp\/v2\/product\/61190","targetHints":{"allow":["GET"]}}],"collection":[{"href":"https:\/\/fmed.eu\/de\/wp-json\/wp\/v2\/product"}],"about":[{"href":"https:\/\/fmed.eu\/de\/wp-json\/wp\/v2\/types\/product"}],"replies":[{"embeddable":true,"href":"https:\/\/fmed.eu\/de\/wp-json\/wp\/v2\/comments?post=61190"}],"version-history":[{"count":1,"href":"https:\/\/fmed.eu\/de\/wp-json\/wp\/v2\/product\/61190\/revisions"}],"predecessor-version":[{"id":69209,"href":"https:\/\/fmed.eu\/de\/wp-json\/wp\/v2\/product\/61190\/revisions\/69209"}],"wp:featuredmedia":[{"embeddable":true,"href":"https:\/\/fmed.eu\/de\/wp-json\/wp\/v2\/media\/61191"}],"wp:attachment":[{"href":"https:\/\/fmed.eu\/de\/wp-json\/wp\/v2\/media?parent=61190"}],"wp:term":[{"taxonomy":"brand","embeddable":true,"href":"https:\/\/fmed.eu\/de\/wp-json\/wp\/v2\/etheme_brands?post=61190"},{"taxonomy":"product_brand","embeddable":true,"href":"https:\/\/fmed.eu\/de\/wp-json\/wp\/v2\/product_brand?post=61190"},{"taxonomy":"product_cat","embeddable":true,"href":"https:\/\/fmed.eu\/de\/wp-json\/wp\/v2\/product_cat?post=61190"},{"taxonomy":"product_tag","embeddable":true,"href":"https:\/\/fmed.eu\/de\/wp-json\/wp\/v2\/product_tag?post=61190"}],"curies":[{"name":"wp","href":"https:\/\/api.w.org\/{rel}","templated":true}]}}