{"id":61322,"date":"2023-11-29T11:18:49","date_gmt":"2023-11-29T09:18:49","guid":{"rendered":"https:\/\/fmed.eu\/product\/ostrovit-eaa-400g-okus-kremasta-jagoda\/"},"modified":"2026-01-06T12:35:40","modified_gmt":"2026-01-06T10:35:40","slug":"ostrovit-eaa-400g-okus-kremasta-jagoda","status":"publish","type":"product","link":"https:\/\/fmed.eu\/de\/produkt\/ostrovit-eaa-400g-okus-kremasta-jagoda\/","title":{"rendered":"OstroVit EAA, esencialne aminokisline, 400g, okus kremasta jagoda"},"content":{"rendered":"<p>OstroVit EAA, 400g, okus kremasta jagoda<\/p>\n<p>OstroVit EAA je prehransko dopolnilo v prahu, ki na\u0161o prehrano dopolnjuje z esencialnimi eksogenimi aminokislinami, ki jih \u010dlove\u0161ko telo ne more sintetizirati samo. Izdelek linije TRUE TASTE je bil razvit iz najkakovostnej\u0161ih surovin.\u00a0<\/p>\n<p>EAA &#8211; ESENCILNE AMINOKISLINE<br \/>\nEsencialne aminokisline EAA so skupina organskih kemi\u010dnih spojin (aminokislin), ki so osnovna \u00bbuganka\u00ab za gradnjo peptidov in beljakovin. Na\u0161e telo, \u017eal, ni sposobno samo sintetizirati (proizvajati), zato je tako pomembno, da jih zagotovimo s pravilno prehrano ali s pomo\u010djo prehranskih dopolnil. Sestava vklju\u010duje kompleks BCAA, to je tri dolgoveri\u017ene aminokisline: levcin, valin in izolevcin, pa tudi spojine, kot so lizin, treonin, fenilalanin, metionin, arginin, histidin in triptofan. Kompleks OstroVit Supreme Pure EAA zahvaljujo\u010d beljakovinskim aminokislinam podpira regeneracijo in anaboli\u010dne procese na\u0161ih mi\u0161i\u010dnih celic. Sestavine dodatka prispevajo k podpori in neposredno sodelujejo pri \u0161tevilnih \u017eivljenjskih procesih na\u0161ega telesa, podpirajo imunski, \u017eiv\u010dni in prebavni sistem.<\/p>\n<p>Lastnosti sestavin, ki jih vsebuje OstroVit EAA :<\/p>\n<p>&#8211; Prehrano dopolnite z esencialnimi eksogenimi aminokislinami<br \/>\n&#8211; Pospe\u0161i procese regeneracije mi\u0161ic<br \/>\n&#8211; Lahko podpira anaboli\u010dne procese v mi\u0161i\u010dnih celicah<br \/>\n&#8211; Prepre\u010dite mi\u0161i\u010dni katabolizem<br \/>\n&#8211; Podpira delovanje CUN \u2013 centralnega \u017eiv\u010dnega in prebavnega sistema<br \/>\n&#8211; EAA so esencialne aminokisline za pravilno delovanje imunskega sistema<br \/>\n&#8211; Izbolj\u0161ajte energetske procese v telesu<br \/>\n&#8211; Dodatek glutamina, tirozina, cisteina in vitamina B6<\/p>\n<p>OPOZORILO! Zaradi visoke vsebnosti L-levcina, L-izolevcina, L-fenilalanina in L-triptofana je za izdelek zna\u010dilna manj\u0161a topnost in grenak priokus. To je naravna zna\u010dilnost uporabljenih surovin. Dobra re\u0161itev je, da izdelek zme\u0161ate v vodi ali soku in raztopino ne\u017eno preme\u0161ate ali da pra\u0161ek popijete neposredno z vodo ali sokom.<\/p>\n<p>Laboratorijsko dokazana kakovost<br \/>\nIzdelke, ki jih izdelujemo, zaradi zdravja na\u0161ih strank redno testiramo v neodvisnem akreditiranem laboratoriju, da zagotovimo in vzdr\u017eujemo najvi\u0161jo kakovost.<\/p>\n","protected":false},"excerpt":{"rendered":"<p>OstroVit EAA je prehransko dopolnilo v prahu, ki na\u0161o prehrano dopolnjuje z esencialnimi eksogenimi aminokislinami, ki jih \u010dlove\u0161ko telo ne more sintetizirati samo.<\/p>\n","protected":false},"featured_media":61323,"comment_status":"open","ping_status":"closed","template":"","meta":[],"etheme_brands":[{"term_id":4783,"name":"Ostrovit","slug":"ostrovit","term_group":0,"term_taxonomy_id":4783,"taxonomy":"brand","description":"","parent":0,"count":37,"filter":"raw"}],"product_brand":[],"product_cat":[3732,3875,5385],"product_tag":[5663,5768,5469,5710,5784,5777],"class_list":{"0":"post-61322","1":"product","2":"type-product","3":"status-publish","4":"has-post-thumbnail","6":"brand-ostrovit","7":"product_cat-energija-in-motivacija","8":"product_cat-novo-v-ponudbi","9":"product_cat-sportna-prehrana-regeneracija","10":"product_tag-aminokisline","11":"product_tag-elektroliti","12":"product_tag-energija","13":"product_tag-sport","14":"product_tag-sportna-prehrana","15":"product_tag-trening","17":"first","18":"instock","19":"taxable","20":"shipping-taxable","21":"purchasable","22":"product-type-simple"},"_links":{"self":[{"href":"https:\/\/fmed.eu\/de\/wp-json\/wp\/v2\/product\/61322","targetHints":{"allow":["GET"]}}],"collection":[{"href":"https:\/\/fmed.eu\/de\/wp-json\/wp\/v2\/product"}],"about":[{"href":"https:\/\/fmed.eu\/de\/wp-json\/wp\/v2\/types\/product"}],"replies":[{"embeddable":true,"href":"https:\/\/fmed.eu\/de\/wp-json\/wp\/v2\/comments?post=61322"}],"version-history":[{"count":1,"href":"https:\/\/fmed.eu\/de\/wp-json\/wp\/v2\/product\/61322\/revisions"}],"predecessor-version":[{"id":69197,"href":"https:\/\/fmed.eu\/de\/wp-json\/wp\/v2\/product\/61322\/revisions\/69197"}],"wp:featuredmedia":[{"embeddable":true,"href":"https:\/\/fmed.eu\/de\/wp-json\/wp\/v2\/media\/61323"}],"wp:attachment":[{"href":"https:\/\/fmed.eu\/de\/wp-json\/wp\/v2\/media?parent=61322"}],"wp:term":[{"taxonomy":"brand","embeddable":true,"href":"https:\/\/fmed.eu\/de\/wp-json\/wp\/v2\/etheme_brands?post=61322"},{"taxonomy":"product_brand","embeddable":true,"href":"https:\/\/fmed.eu\/de\/wp-json\/wp\/v2\/product_brand?post=61322"},{"taxonomy":"product_cat","embeddable":true,"href":"https:\/\/fmed.eu\/de\/wp-json\/wp\/v2\/product_cat?post=61322"},{"taxonomy":"product_tag","embeddable":true,"href":"https:\/\/fmed.eu\/de\/wp-json\/wp\/v2\/product_tag?post=61322"}],"curies":[{"name":"wp","href":"https:\/\/api.w.org\/{rel}","templated":true}]}}