{"id":61342,"date":"2023-11-29T10:31:22","date_gmt":"2023-11-29T10:31:22","guid":{"rendered":"https:\/\/fmed.eu\/product\/ostrovit-glukozamin-msm-hondroitin-90-tablet\/"},"modified":"2025-04-22T13:04:45","modified_gmt":"2025-04-22T11:04:45","slug":"ostrovit-glukozamin-msm-hondroitin-90-tablet","status":"publish","type":"product","link":"https:\/\/fmed.eu\/de\/produkt\/ostrovit-glukozamin-msm-hondroitin-90-tablet\/","title":{"rendered":"OstroVit Glukozamin+ MSM +hondroitin, 90 tablet"},"content":{"rendered":"<p>OstroVit Glukozamin+ MSM +hondroitin, 90 tablet<\/p>\n<p>Glukozamin je organska kemi\u010dna spojina, ki je aminski derivat glukoze. Je snov, ki se v telesu sintetizira v majhnih koli\u010dinah, zmo\u017enost njene tvorbe pa se s staranjem zmanj\u0161uje. Lahko pa spojino vnesemo v telo s hrano \u2013 snov najdemo v morski hrani \u2013 v hitinskih oklepih rakov, pa tudi v obliki prehranskih dopolnil. Tablete OstroVit Glucosamine + MSM + Chondroitin 90 uporabljajo glukozamin sulfat, ki je oblika spojine, ki velja za najbolj biolo\u0161ko uporabno, zaradi \u010desar se spojina odlikuje po bolj\u0161i biolo\u0161ki uporabnosti od drugih oblik snovi.<\/p>\n<p>MSM ali metilsulfonilmetan je organska \u017eveplova spojina. Tako kot glukozamin se pogosto priporo\u010da pri te\u017eavah s sklepi. Poleg tega \u017eveplo sodeluje tudi pri sintezi kolagena in keratina. Te snovi so bistvenega pomena za ohranjanje mo\u010dnih in zdravih las, ko\u017ee in nohtov.<\/p>\n<p>Hondroitin pa je organska spojina iz skupine mukopolisaharidov, ki je sestavljena iz ostankov glukuronske kisline in N-acetilgalaktozamina. Je endogena snov, ki se naravno proizvaja v \u010dlove\u0161kem telesu, vendar se s staranjem njena vsebnost v telesu zmanj\u0161uje in sposobnost sinteze spojine. Se pa snov nahaja tudi v nekaterih \u017eivilih, pa tudi v prehranskih dopolnilih.<\/p>\n<p>V OstroVit Glucosamine + MSM + Chondroitin 90 tabletah je bil uporabljen hondroitin sulfat, torej tista oblika spojine, ki se med razpolo\u017eljivimi oblikami hondroitina odlikuje po najve\u010dji u\u010dinkovitosti.<\/p>\n<p>Izdelke, ki jih izdelujemo, zaradi zdravja na\u0161ih strank redno testiramo v neodvisnem akreditiranem laboratoriju, da zagotovimo in vzdr\u017eujemo najvi\u0161jo kakovost.<\/p>\n","protected":false},"excerpt":{"rendered":"<p>Kombinacija glukozamina, hondoritina, MSM-a\u00a0 za zdrave sklepe, kosti, vezi in tetive.<\/p>\n","protected":false},"featured_media":61343,"comment_status":"open","ping_status":"closed","template":"","meta":[],"etheme_brands":[{"term_id":4783,"name":"Ostrovit","slug":"ostrovit","term_group":0,"term_taxonomy_id":4783,"taxonomy":"brand","description":"","parent":0,"count":37,"filter":"raw"}],"product_brand":[],"product_cat":[3875,3726],"product_tag":[5444,5526,5455,5781],"class_list":{"0":"post-61342","1":"product","2":"type-product","3":"status-publish","4":"has-post-thumbnail","6":"brand-ostrovit","7":"product_cat-novo-v-ponudbi","8":"product_cat-vnetja-kosti-in-sklepi","9":"product_tag-lasje","10":"product_tag-nohti","11":"product_tag-sklepi","12":"product_tag-vezi","14":"first","15":"outofstock","16":"taxable","17":"shipping-taxable","18":"purchasable","19":"product-type-simple"},"_links":{"self":[{"href":"https:\/\/fmed.eu\/de\/wp-json\/wp\/v2\/product\/61342","targetHints":{"allow":["GET"]}}],"collection":[{"href":"https:\/\/fmed.eu\/de\/wp-json\/wp\/v2\/product"}],"about":[{"href":"https:\/\/fmed.eu\/de\/wp-json\/wp\/v2\/types\/product"}],"replies":[{"embeddable":true,"href":"https:\/\/fmed.eu\/de\/wp-json\/wp\/v2\/comments?post=61342"}],"version-history":[{"count":1,"href":"https:\/\/fmed.eu\/de\/wp-json\/wp\/v2\/product\/61342\/revisions"}],"predecessor-version":[{"id":69195,"href":"https:\/\/fmed.eu\/de\/wp-json\/wp\/v2\/product\/61342\/revisions\/69195"}],"wp:featuredmedia":[{"embeddable":true,"href":"https:\/\/fmed.eu\/de\/wp-json\/wp\/v2\/media\/61343"}],"wp:attachment":[{"href":"https:\/\/fmed.eu\/de\/wp-json\/wp\/v2\/media?parent=61342"}],"wp:term":[{"taxonomy":"brand","embeddable":true,"href":"https:\/\/fmed.eu\/de\/wp-json\/wp\/v2\/etheme_brands?post=61342"},{"taxonomy":"product_brand","embeddable":true,"href":"https:\/\/fmed.eu\/de\/wp-json\/wp\/v2\/product_brand?post=61342"},{"taxonomy":"product_cat","embeddable":true,"href":"https:\/\/fmed.eu\/de\/wp-json\/wp\/v2\/product_cat?post=61342"},{"taxonomy":"product_tag","embeddable":true,"href":"https:\/\/fmed.eu\/de\/wp-json\/wp\/v2\/product_tag?post=61342"}],"curies":[{"name":"wp","href":"https:\/\/api.w.org\/{rel}","templated":true}]}}