{"id":61478,"date":"2024-04-25T11:47:57","date_gmt":"2024-04-25T11:47:57","guid":{"rendered":"https:\/\/fmed.eu\/product\/serapeptaza-source-naturals120-kapsul\/"},"modified":"2025-04-22T13:04:44","modified_gmt":"2025-04-22T11:04:44","slug":"serapeptaza-source-naturals120-kapsul","status":"publish","type":"product","link":"https:\/\/fmed.eu\/de\/produkt\/serapeptaza-source-naturals120-kapsul\/","title":{"rendered":"Serapeptaza, Source Naturals,120 kapsul"},"content":{"rendered":"<p>Source Naturals, Serapeptaza<\/p>\n<p>Serrapeptaza je encim, ki izvira iz sviloprejke. Pogosto se uporablja kot prehransko dopolnilo zaradi svojih potencialnih koristi za zdravje. Verjame se, da ima serrapeptaza protivnetne lastnosti in lahko pomaga zmanj\u0161ati bole\u010dino in oteklino, zaradi \u010desar je priljubljena pri stanjih, kot so artritis, sinusitis in okrevanje po po\u0161kodbah. Nekateri ljudje jo uporabljajo tudi za izbolj\u0161anje krvnega obtoka in spodbujanje zdravja srca in o\u017eilja.<\/p>\n<p>Pomaga podpirati zdrave sinuse<\/p>\n<p>Pomaga pri razgradnji ne\u017eelenih beljakovin<\/p>\n","protected":false},"excerpt":{"rendered":"<p>Pomaga sprostiti sluznice pri gripi in prehladu ter razstruplja. Pomaga podpirati zdrave sinuse, Pomaga pri razgradnji ne\u017eelenih beljakovin<\/p>\n","protected":false},"featured_media":61479,"comment_status":"open","ping_status":"closed","template":"","meta":[],"etheme_brands":[{"term_id":4651,"name":"Source Naturals","slug":"source-naturals","term_group":0,"term_taxonomy_id":4651,"taxonomy":"brand","description":"Podjetje Source Naturals je na svetovnem trgu prisotno \u017ee vse od leta 1982. Vajeti ima v rokah direktor Ira Goldberg, ki se ves ta \u010das trudi zasledovati glavni cilj, ki je: podpirati potencial vsakega posameznika, da u\u017eiva v optimalnem zdravju. V tistih za\u010detnih \u010dasih je bila ideja zdru\u017eiti \u0161tevilne hranilne snovi, zeli\u0161\u010da in farmacevtske dodatke, prava redkost. Podjetje se danes lahko pohvali s \u0161tevilnimi nagrajenimi formulami, ki so priznane in poznane po svoji odli\u010dnosti. To podpirajo tudi neodvisne raziskave in prehranske analize.","parent":0,"count":21,"filter":"raw"}],"product_brand":[],"product_cat":[3722,3733,3875,3759,3756,3724],"product_tag":[5471,5440,5498,5451,5503,5445,5618,5458],"class_list":{"0":"post-61478","1":"product","2":"type-product","3":"status-publish","4":"has-post-thumbnail","6":"brand-source-naturals","7":"product_cat-antioksidanti","8":"product_cat-imunski-sistem","9":"product_cat-novo-v-ponudbi","10":"product_cat-pljuca-dihala","11":"product_cat-prehladna-obolenja","12":"product_cat-razstrupljanje-in-jetra","13":"product_tag-antioksidant","14":"product_tag-glutation","15":"product_tag-gripa","16":"product_tag-jetra","17":"product_tag-prehlad","18":"product_tag-razstrupljanje","19":"product_tag-sinusi","20":"product_tag-sluznica","22":"first","23":"outofstock","24":"taxable","25":"shipping-taxable","26":"purchasable","27":"product-type-simple"},"_links":{"self":[{"href":"https:\/\/fmed.eu\/de\/wp-json\/wp\/v2\/product\/61478","targetHints":{"allow":["GET"]}}],"collection":[{"href":"https:\/\/fmed.eu\/de\/wp-json\/wp\/v2\/product"}],"about":[{"href":"https:\/\/fmed.eu\/de\/wp-json\/wp\/v2\/types\/product"}],"replies":[{"embeddable":true,"href":"https:\/\/fmed.eu\/de\/wp-json\/wp\/v2\/comments?post=61478"}],"version-history":[{"count":1,"href":"https:\/\/fmed.eu\/de\/wp-json\/wp\/v2\/product\/61478\/revisions"}],"predecessor-version":[{"id":69182,"href":"https:\/\/fmed.eu\/de\/wp-json\/wp\/v2\/product\/61478\/revisions\/69182"}],"wp:featuredmedia":[{"embeddable":true,"href":"https:\/\/fmed.eu\/de\/wp-json\/wp\/v2\/media\/61479"}],"wp:attachment":[{"href":"https:\/\/fmed.eu\/de\/wp-json\/wp\/v2\/media?parent=61478"}],"wp:term":[{"taxonomy":"brand","embeddable":true,"href":"https:\/\/fmed.eu\/de\/wp-json\/wp\/v2\/etheme_brands?post=61478"},{"taxonomy":"product_brand","embeddable":true,"href":"https:\/\/fmed.eu\/de\/wp-json\/wp\/v2\/product_brand?post=61478"},{"taxonomy":"product_cat","embeddable":true,"href":"https:\/\/fmed.eu\/de\/wp-json\/wp\/v2\/product_cat?post=61478"},{"taxonomy":"product_tag","embeddable":true,"href":"https:\/\/fmed.eu\/de\/wp-json\/wp\/v2\/product_tag?post=61478"}],"curies":[{"name":"wp","href":"https:\/\/api.w.org\/{rel}","templated":true}]}}