{"id":61488,"date":"2024-07-22T08:25:15","date_gmt":"2024-07-22T08:25:15","guid":{"rendered":"https:\/\/fmed.eu\/product\/microbiome-labs-zenbiome-cope-60-kapsul\/"},"modified":"2026-01-06T12:36:26","modified_gmt":"2026-01-06T10:36:26","slug":"microbiome-labs-zenbiome-cope-60-kapsul","status":"publish","type":"product","link":"https:\/\/fmed.eu\/de\/produkt\/microbiome-labs-zenbiome-cope-60-kapsul\/","title":{"rendered":"Microbiome Labs, Zenbiome Cope, 60 kapsul"},"content":{"rendered":"<p>Microbiome Labs, Zenbiome Cope, 60 kapsul<\/p>\n<p>Zasnovan za pomo\u010d strankam pri bolj\u0161em obvladovanju ob\u010dasnih \u017eivljenjskih stresorjev. Zenbiome\u2122 COPE zdru\u017euje dobro raziskani psihobiotik 1714\u2122 z drugimi vitalnimi hranili, kot so vitamini skupine B in rastlinski izvle\u010dki, da zagotovi ciljno podporo pri obvladovanju vsakodnevnih stresorjev in sprememb razpolo\u017eenja.<\/p>\n<p>Podpira zdravo razpolo\u017eenje<\/p>\n<p>Spodbuja bolj\u0161e obvladovanje ob\u010dasnega stresa<\/p>\n<p>Podpira delovanje mo\u017eganov<\/p>\n<p>Pove\u010duje vitalnost<\/p>\n<p>Os \u010drevesje-mo\u017egani, dvosmerna komunikacija med mikrobioto \u010drevesja in centralnim \u017eiv\u010dnim sistemom (C\u017dS), lahko igra vlogo pri kognitivnih funkcijah, prebavi in razpolo\u017eenju. \u0160tudije ka\u017eejo, da je 80-90% vlaken v vagusnem \u017eivcu povezanih s \u010drevesjem, kar zagotavlja fizi\u010dno povezavo, preko katere mikrobiota \u010drevesja komunicira z mo\u017egani. V zvezi s tem se izraz psihobiom uporablja za opis interakcije med \u010dlovekovim skupnim mikrobiomom in njegovim du\u0161evnim stanjem. Raznolik in uravnote\u017een mikrobiom lahko pomaga vzdr\u017eevati os \u010drevesje-mo\u017egani. Psihobiotik je izraz za komenzalne bakterije, ki igrajo vlogo v osi \u010drevesje-mo\u017egani in podpirajo zdravje mo\u017eganov.<\/p>\n<p>1714\u2122: Prelomni Psihobiotik<br \/>\nNa\u0161a re\u0161itev za podporo psihobioma uporablja najsodobnej\u0161o probioti\u010dno tehnologijo. 1714\u2122, edinstven sev Bifidobacterium longum, je obetaven psihobiotik, ki lahko pomaga pri obvladovanju ob\u010dasnega stresa in njegove biokemi\u010dne izra\u017eenosti v \u010dlove\u0161kem telesu. Ta psihobiotik deluje tako, da cilja na HPA os, da podpira zdravo raven kortizola. 1714\u2122 lahko podpira du\u0161evno zdravje, kognitivne procese, nevrotransmiterje in splo\u0161no po\u010dutje. V 4-tedenski \u010dlove\u0161ki \u0161tudiji je 1714\u2122 zmanj\u0161al zaznani stres, izbolj\u0161al spominsko zmogljivost, zmanj\u0161al du\u0161evno utrujenost, pozitivno podprl mo\u017egansko aktivnost in izbolj\u0161al sposobnost obvladovanja ob\u010dasnega stresa.<\/p>\n","protected":false},"excerpt":{"rendered":"<p>Zenbiome Cope je probioti\u010dno dopolnilo, zasnovano za podporo osi \u010drevesje-mo\u017egani in pomo\u010d pri obvladovanju stresa ter anksioznosti. Vsebuje specifi\u010dne seve probiotikov in druge sestavine, namenjene izbolj\u0161anju du\u0161evnega po\u010dutja z modulacijo mikrobioma \u010drevesja.<\/p>\n","protected":false},"featured_media":61489,"comment_status":"open","ping_status":"closed","template":"","meta":[],"etheme_brands":[{"term_id":4667,"name":"Microbiome Labs","slug":"microbiome-labs","term_group":0,"term_taxonomy_id":4667,"taxonomy":"brand","description":"Pod znamko Microbiome Labs se podpisuje Physicians exclusive- zdru\u017eenje zdravnikov, ki ga vodi doktor Tom Bayne. Izdelujejo izdelke, ki jih prodajajo izklju\u010dno strokovnjakom za zdravje. Ti nato izdelke ponujajo svojim pacientom. Doktor Bayne je namre\u010d prepri\u010dan, da lahko posameznik prehranska dopolnila pravilno u\u017eiva zgolj pod nadzorom strokovnjaka, zato izdelki niso na voljo komercialni\/vele prodaji.","parent":0,"count":3,"filter":"raw"}],"product_brand":[],"product_cat":[3733,3875,5384,3750],"product_tag":[5488,5470,5796],"class_list":{"0":"post-61488","1":"product","2":"type-product","3":"status-publish","4":"has-post-thumbnail","6":"brand-microbiome-labs","7":"product_cat-imunski-sistem","8":"product_cat-novo-v-ponudbi","9":"product_cat-obvladovanje-stresa","10":"product_cat-probiotiki-in-prebiotiki","11":"product_tag-crevesje","12":"product_tag-stres","13":"product_tag-vagus-zivec","15":"first","16":"instock","17":"taxable","18":"shipping-taxable","19":"purchasable","20":"product-type-simple"},"_links":{"self":[{"href":"https:\/\/fmed.eu\/de\/wp-json\/wp\/v2\/product\/61488","targetHints":{"allow":["GET"]}}],"collection":[{"href":"https:\/\/fmed.eu\/de\/wp-json\/wp\/v2\/product"}],"about":[{"href":"https:\/\/fmed.eu\/de\/wp-json\/wp\/v2\/types\/product"}],"replies":[{"embeddable":true,"href":"https:\/\/fmed.eu\/de\/wp-json\/wp\/v2\/comments?post=61488"}],"version-history":[{"count":1,"href":"https:\/\/fmed.eu\/de\/wp-json\/wp\/v2\/product\/61488\/revisions"}],"predecessor-version":[{"id":69181,"href":"https:\/\/fmed.eu\/de\/wp-json\/wp\/v2\/product\/61488\/revisions\/69181"}],"wp:featuredmedia":[{"embeddable":true,"href":"https:\/\/fmed.eu\/de\/wp-json\/wp\/v2\/media\/61489"}],"wp:attachment":[{"href":"https:\/\/fmed.eu\/de\/wp-json\/wp\/v2\/media?parent=61488"}],"wp:term":[{"taxonomy":"brand","embeddable":true,"href":"https:\/\/fmed.eu\/de\/wp-json\/wp\/v2\/etheme_brands?post=61488"},{"taxonomy":"product_brand","embeddable":true,"href":"https:\/\/fmed.eu\/de\/wp-json\/wp\/v2\/product_brand?post=61488"},{"taxonomy":"product_cat","embeddable":true,"href":"https:\/\/fmed.eu\/de\/wp-json\/wp\/v2\/product_cat?post=61488"},{"taxonomy":"product_tag","embeddable":true,"href":"https:\/\/fmed.eu\/de\/wp-json\/wp\/v2\/product_tag?post=61488"}],"curies":[{"name":"wp","href":"https:\/\/api.w.org\/{rel}","templated":true}]}}