{"id":69530,"date":"2025-01-06T06:38:05","date_gmt":"2025-01-06T04:38:05","guid":{"rendered":"https:\/\/fmed.eu\/izdelek\/jarrow-formulas-gepuffertes-vitamin-c-100-tabletten\/"},"modified":"2025-01-06T06:38:05","modified_gmt":"2025-01-06T04:38:05","slug":"jarrow-formulas-gepuffertes-vitamin-c-100-tabletten","status":"publish","type":"product","link":"https:\/\/fmed.eu\/de\/produkt\/jarrow-formulas-gepuffertes-vitamin-c-100-tabletten\/","title":{"rendered":"Jarrow Formulas Gepuffertes Vitamin C, 100 Tabletten"},"content":{"rendered":"<p>Jarrow Formulas, gepuffertes Vitamin C, 100 Tabletten<\/p>\n<p>Unter gepuffertem Vitamin C versteht man eine Form von Vitamin C, die chemisch behandelt (neutralisiert) wird, so dass es weniger sauer und damit magenschonend ist. Normales Vitamin C (Ascorbins\u00e4ure) ist von Natur aus sauer, was bei manchen Menschen zu Reizungen der Magenschleimhaut f\u00fchren kann, insbesondere bei hohen Dosen. <\/p>\n<p>Vorteile von gepuffertem Vitamin C<\/p>\n<p>Weniger reizend f\u00fcr den Magen:<br \/>\n Geeignet f\u00fcr Menschen mit empfindlichem Magen, Magenproblemen oder solchen, die hohe Dosen von Vitamin C einnehmen.<\/p>\n<p>Zus\u00e4tzliche Mineralstoffe:<br \/>\n Neben Vitamin C enth\u00e4lt es Mineralstoffe (z.B. Kalzium, Magnesium), die f\u00fcr den K\u00f6rper von Vorteil sind.<\/p>\n<p>Es wird besser absorbiert:<br \/>\n Bei manchen Menschen kann es besser aufgenommen und im ganzen K\u00f6rper verteilt werden.<\/p>\n<p>Reduziert den S\u00e4uregehalt:<br \/>\n Es kann helfen, das S\u00e4ure-Basen-Gleichgewicht im K\u00f6rper aufrechtzuerhalten.<\/p>\n<p>F\u00fcr wen ist gepuffertes Vitamin C geeignet?<br \/>\nMenschen mit empfindlichem Magen.<br \/>\nDiejenigen, die hohe Dosen von Vitamin C ben\u00f6tigen.<br \/>\nMenschen mit s\u00e4urebedingten Problemen (z. B. Reflux, Geschw\u00fcre).<br \/>\n\u00c4ltere Menschen, die ein h\u00f6heres Risiko f\u00fcr Magenprobleme haben.<\/p>\n<p>Vitamin C ist ein Antioxidans, das hilft, Vitamin E zu recyceln, um seine antioxidative Aktivit\u00e4t im K\u00f6rper zu unterst\u00fctzen, und ist essentiell f\u00fcr die Kollagenbildung und unterst\u00fctzt die Gesundheit des Immunsystems.*<\/p>\n<p>Bioflavonoide sind polyphenolische Antioxidantien, die Vitamin C erg\u00e4nzen und den K\u00f6rper vor freien Radikalen sch\u00fctzen.* Vitamin C, Citrus-Bioflavonoide und ihre Metaboliten unterst\u00fctzen die Durchblutung und die kardiovaskul\u00e4re Gesundheit.*<\/p>\n","protected":false},"excerpt":{"rendered":"<p>Gepuffertes Vitamin C bietet die gleichen Vorteile wie normales Vitamin C, ist jedoch benutzerfreundlicher und enth\u00e4lt oft zus\u00e4tzliche N\u00e4hrstoffe.<\/p>\n","protected":false},"featured_media":61676,"comment_status":"open","ping_status":"closed","template":"","meta":[],"etheme_brands":[{"term_id":4737,"name":"Jarrow Formulas","slug":"jarrow-formulas-de","term_group":0,"term_taxonomy_id":4737,"taxonomy":"brand","description":"Jarrow Formulas (a company based in Los Angeles) is the founder and supplier of premium dietary supplements. The company was founded in 1977. The entire line of Jarrow Formulas covers vitamins, minerals, probiotics, standardized herbal concentrates, amino acids and enzymes.\nThe company also funds research studies on the importance of food products, such as CoQ10. The aim of the company is to promote optimal health with high quality food supplements, efficiency, accessibility and top-quality forms.","parent":0,"count":13,"filter":"raw"}],"product_brand":[],"product_cat":[3849,5430,5429,3884],"product_tag":[6275,6274,6272,6273],"class_list":{"0":"post-69530","1":"product","2":"type-product","3":"status-publish","4":"has-post-thumbnail","6":"brand-jarrow-formulas-de","7":"product_cat-antioxidantien","8":"product_cat-erkaltungen","9":"product_cat-lunge-atmungssystem","10":"product_cat-neu-im-angebot","11":"product_tag-ascorbinsaure","12":"product_tag-gesundheit","13":"product_tag-immunsystem-de","14":"product_tag-kalt","16":"first","17":"outofstock","18":"taxable","19":"shipping-taxable","20":"purchasable","21":"product-type-simple"},"_links":{"self":[{"href":"https:\/\/fmed.eu\/de\/wp-json\/wp\/v2\/product\/69530","targetHints":{"allow":["GET"]}}],"collection":[{"href":"https:\/\/fmed.eu\/de\/wp-json\/wp\/v2\/product"}],"about":[{"href":"https:\/\/fmed.eu\/de\/wp-json\/wp\/v2\/types\/product"}],"replies":[{"embeddable":true,"href":"https:\/\/fmed.eu\/de\/wp-json\/wp\/v2\/comments?post=69530"}],"version-history":[{"count":0,"href":"https:\/\/fmed.eu\/de\/wp-json\/wp\/v2\/product\/69530\/revisions"}],"wp:featuredmedia":[{"embeddable":true,"href":"https:\/\/fmed.eu\/de\/wp-json\/wp\/v2\/media\/61676"}],"wp:attachment":[{"href":"https:\/\/fmed.eu\/de\/wp-json\/wp\/v2\/media?parent=69530"}],"wp:term":[{"taxonomy":"brand","embeddable":true,"href":"https:\/\/fmed.eu\/de\/wp-json\/wp\/v2\/etheme_brands?post=69530"},{"taxonomy":"product_brand","embeddable":true,"href":"https:\/\/fmed.eu\/de\/wp-json\/wp\/v2\/product_brand?post=69530"},{"taxonomy":"product_cat","embeddable":true,"href":"https:\/\/fmed.eu\/de\/wp-json\/wp\/v2\/product_cat?post=69530"},{"taxonomy":"product_tag","embeddable":true,"href":"https:\/\/fmed.eu\/de\/wp-json\/wp\/v2\/product_tag?post=69530"}],"curies":[{"name":"wp","href":"https:\/\/api.w.org\/{rel}","templated":true}]}}