{"id":69567,"date":"2024-10-09T06:54:33","date_gmt":"2024-10-09T04:54:33","guid":{"rendered":"https:\/\/fmed.eu\/izdelek\/ostrovit-vit-min-forte-multivitamine-90-tabletten\/"},"modified":"2024-10-09T06:54:33","modified_gmt":"2024-10-09T04:54:33","slug":"ostrovit-vit-min-forte-multivitamine-90-tabletten","status":"publish","type":"product","link":"https:\/\/fmed.eu\/de\/produkt\/ostrovit-vit-min-forte-multivitamine-90-tabletten\/","title":{"rendered":"OstroVit Vit &amp;min FORTE Multivitamine, 90 Tabletten;"},"content":{"rendered":"<p>OstroVit Vit&amp;min FORTE, 90 Tabletten<\/p>\n<p>Vitamine sind exogene Substanzen, die \u00fcber die Nahrung in das System aufgenommen werden m\u00fcssen, da der K\u00f6rper nicht in der Lage ist, sie selbst herzustellen. Dabei handelt es sich um Verbindungen, die keine Ern\u00e4hrungs- oder Energiefunktion haben, aber f\u00fcr das reibungslose Funktionieren des K\u00f6rpers notwendig sind. <\/p>\n<p>Mineralien sind eine Gruppe von N\u00e4hrstoffen, die nicht vom menschlichen K\u00f6rper synthetisiert werden und von au\u00dfen durch t\u00e4gliche Nahrung und\/oder Nahrungserg\u00e4nzungsmittel in das System eingef\u00fchrt werden m\u00fcssen. Dies sind Verbindungen, die keine Energiequelle sind, aber f\u00fcr das reibungslose Funktionieren des K\u00f6rpers notwendig sind. <\/p>\n<p>OstroVit Vit&amp;Min Forte enth\u00e4lt Vitamine wie Vitamin A, Vitamin C, Vitamin E, Vitamin D und B-Vitamine &#8211; Thiamin, Riboflavin, Niacin, Pantothens\u00e4ure, Vitamin B6, Fols\u00e4ure, Biotin und Vitamin B12. Das Supplement verwendet auch wertvolle Mineralien wie Kalium, Magnesium, Kupfer, Mangan, Eisen, Chrom, Selen, Calcium oder Zink in hoch bioverf\u00fcgbarer Form, was sich positiv auf die Qualit\u00e4t des Supplements auswirkt. <\/p>\n<p>Eigenschaften der in OstroVit Vit&amp;Min Forte enthaltenen Inhaltsstoffe<\/p>\n<p>Vitamin A tr\u00e4gt zur Erhaltung der normalen Sehkraft bei, und Vitamin C tr\u00e4gt zur normalen Bildung von Kollagen bei, um eine optimale Funktion von Blutgef\u00e4\u00dfen, Knochen, Knorpel, Z\u00e4hnen, Zahnfleisch und Haut zu gew\u00e4hrleisten. Vitamin D tr\u00e4gt zur Erhaltung normaler Knochen und Z\u00e4hne und zur ordnungsgem\u00e4\u00dfen Funktion der Muskeln bei, w\u00e4hrend Vitamin E zum Schutz der Zellen vor oxidativem Stress beitr\u00e4gt. B-Vitamine wie Thiamin und Riboflavin tragen zur Verringerung von M\u00fcdigkeit und Ersch\u00f6pfung bei, und Kalium tr\u00e4gt zur Aufrechterhaltung eines normalen Blutdrucks bei. Magnesium unterst\u00fctzt das reibungslose Funktionieren des Nervensystems und Kupfer tr\u00e4gt zur Aufrechterhaltung der richtigen Pigmentierung von Haut und Haaren bei. Mangan tr\u00e4gt zur normalen Bildung von Bindegewebe bei, und Eisen tr\u00e4gt zur Aufrechterhaltung optimaler kognitiver Funktionen bei. Chrom tr\u00e4gt zur Aufrechterhaltung eines normalen Blutzuckerspiegels bei, und Selen unterst\u00fctzt das reibungslose Funktionieren der Schilddr\u00fcse. Kalzium wiederum hilft bei der ordnungsgem\u00e4\u00dfen Funktion von Verdauungsenzymen, und Zink unterst\u00fctzt die richtige Synthese der DNA.      <\/p>\n<p>Laborzertifizierte Qualit\u00e4t:<\/p>\n<p>Der Gesundheit unserer Kunden zuliebe, werden die von uns hergestellten Produkte regelm\u00e4\u00dfig in einem unabh\u00e4ngigen akkreditierten Labor getestet, um h\u00f6chste Qualit\u00e4t zu gew\u00e4hrleisten und zu erhalten.<\/p>\n","protected":false},"excerpt":{"rendered":"<p>Eine Quelle f\u00fcr Vitamine und Mineralstoffe in hoch bioverf\u00fcgbarer Form &#8211; enth\u00e4lt Vitamine wie Vitamin A, B-Vitamine, Vitamin C sowie Vitamin D und E.<\/p>\n","protected":false},"featured_media":61538,"comment_status":"open","ping_status":"closed","template":"","meta":[],"etheme_brands":[{"term_id":6248,"name":"Ostrovit","slug":"ostrovit-de","term_group":0,"term_taxonomy_id":6248,"taxonomy":"brand","description":"","parent":0,"count":7,"filter":"raw"}],"product_brand":[],"product_cat":[3853,3884,5406,3854],"product_tag":[6272,6380,6379,6381],"class_list":{"0":"post-69567","1":"product","2":"type-product","3":"status-publish","4":"has-post-thumbnail","6":"brand-ostrovit-de","7":"product_cat-immunsystem","8":"product_cat-neu-im-angebot","9":"product_cat-vitamin-d-de","10":"product_cat-vitamine-und-mineralien","11":"product_tag-immunsystem-de","12":"product_tag-multivitamine","13":"product_tag-vitamine-de","14":"product_tag-widerstand","16":"first","17":"outofstock","18":"taxable","19":"shipping-taxable","20":"purchasable","21":"product-type-simple"},"_links":{"self":[{"href":"https:\/\/fmed.eu\/de\/wp-json\/wp\/v2\/product\/69567","targetHints":{"allow":["GET"]}}],"collection":[{"href":"https:\/\/fmed.eu\/de\/wp-json\/wp\/v2\/product"}],"about":[{"href":"https:\/\/fmed.eu\/de\/wp-json\/wp\/v2\/types\/product"}],"replies":[{"embeddable":true,"href":"https:\/\/fmed.eu\/de\/wp-json\/wp\/v2\/comments?post=69567"}],"version-history":[{"count":0,"href":"https:\/\/fmed.eu\/de\/wp-json\/wp\/v2\/product\/69567\/revisions"}],"wp:featuredmedia":[{"embeddable":true,"href":"https:\/\/fmed.eu\/de\/wp-json\/wp\/v2\/media\/61538"}],"wp:attachment":[{"href":"https:\/\/fmed.eu\/de\/wp-json\/wp\/v2\/media?parent=69567"}],"wp:term":[{"taxonomy":"brand","embeddable":true,"href":"https:\/\/fmed.eu\/de\/wp-json\/wp\/v2\/etheme_brands?post=69567"},{"taxonomy":"product_brand","embeddable":true,"href":"https:\/\/fmed.eu\/de\/wp-json\/wp\/v2\/product_brand?post=69567"},{"taxonomy":"product_cat","embeddable":true,"href":"https:\/\/fmed.eu\/de\/wp-json\/wp\/v2\/product_cat?post=69567"},{"taxonomy":"product_tag","embeddable":true,"href":"https:\/\/fmed.eu\/de\/wp-json\/wp\/v2\/product_tag?post=69567"}],"curies":[{"name":"wp","href":"https:\/\/api.w.org\/{rel}","templated":true}]}}