{"id":54820,"date":"2018-08-03T06:25:27","date_gmt":"2018-08-03T06:25:27","guid":{"rendered":"https:\/\/fmed.eu\/product\/mastika-mastic-gum\/"},"modified":"2025-04-22T13:05:26","modified_gmt":"2025-04-22T11:05:26","slug":"mastika-mastic-gum","status":"publish","type":"product","link":"https:\/\/fmed.eu\/en\/product\/mastika-mastic-gum\/","title":{"rendered":"Jarrow Formulas Mastika (Mastic Gum), 60 kapsul"},"content":{"rendered":"<p>Jarrow Formulas Mastic gum<\/p>\n<p>Mastika (Mastic Gum) je smola zimzelenga drevesa mastika (Pistacia lentiscus), ki je raz\u0161irjenja po sredozemskih obalah Francije, Italije, \u0160panije, Gr\u010dije, Tur\u010dije in Severne Arfike. Gojijo jo predvsem na gr\u0161kem otoku Kos za pridobivanje te aromati\u010dne smole, ki se uporablja v zdravstvene namene \u017ee od anti\u010dne Gr\u010dije.<\/p>\n<p>Masti\u010dna smola je pogosto promovirana zaradi svoje morebitne sposobnosti podpore prebavnemu zdravju, \u0161e posebej pri stanjih, kot je oku\u017eba z bakterijo Helicobacter pylori (H. pylori) in razli\u010dne prebavne te\u017eave. Nekatere \u0161tudije in anekdoti\u010dna pri\u010devanja nakazujejo, da masti\u010dna smola lahko ima protimikrobne in protivnetne lastnosti, kar bi lahko prispevalo k njenim morebitnim koristim za dolo\u010dena prebavna stanja.<\/p>\n<p>Za zdravstvene namene je koristno predvsem olje v smoli. V svoji knjigi De Materia Medica jo omenja \u017ee Gr\u0161ki zdravnik Pedanius Dioscorides, uporabljala pa sta jo tudi Hipokrat in Galenij.<\/p>\n","protected":false},"excerpt":{"rendered":"<p>Smola drevesa mastic, ki se terapevtsko uporablja \u017ee preko 2500 let. <a href=\"https:\/\/fmed.splet.in\/trgovina\/mastika-mastic-gum-refluks-zgaga\/\">Za\u010dasno je na voljo Mastika NutriCology.<\/a><\/p>\n","protected":false},"featured_media":54821,"comment_status":"open","ping_status":"closed","template":"","meta":[],"etheme_brands":[{"term_id":4642,"name":"Jarrow Formulas","slug":"jarrow-formulas","term_group":0,"term_taxonomy_id":4642,"taxonomy":"brand","description":"Jarrow Formulas (podjetje s sede\u017eem v ameri\u0161kem Los Angelesu) je snovalec in dobavitelj vrhunskih prehranskih dopolnil. Podjetje je bilo ustanovljeno leta 1977. Celotna linija Jarrow Formulas zajema vitamine, minerale, probiotike, standardizirane zeli\u0161\u010dne koncentrate, aminokisline in encime.\r\nPodjetje tudi financira raziskovalne \u0161tudije o pomembnosti prehranskih izdelkov, kot je denimo CoQ10. Cilj podjetja je namre\u010d spodbujati optimalno zdravje s prehranskimi dopolnili visoke kakovosti, u\u010dinkovitosti, dostopnosti in v vrhunskih oblikah.","parent":0,"count":36,"filter":"raw"}],"product_brand":[],"product_cat":[3722,3733,3723,3716,3726],"product_tag":[5489,5457,5437,5490,5458,5460,5439],"class_list":{"0":"post-54820","1":"product","2":"type-product","3":"status-publish","4":"has-post-thumbnail","6":"brand-jarrow-formulas","7":"product_cat-antioksidanti","8":"product_cat-imunski-sistem","9":"product_cat-podpora-srca-in-ozilja","10":"product_cat-prebava-zelodec-crevesje","11":"product_cat-vnetja-kosti-in-sklepi","12":"product_tag-disbioza","13":"product_tag-helikobakter","14":"product_tag-refluks","15":"product_tag-sibo","16":"product_tag-sluznica","17":"product_tag-zelodec","18":"product_tag-zgaga","20":"first","21":"outofstock","22":"taxable","23":"shipping-taxable","24":"purchasable","25":"product-type-simple"},"_links":{"self":[{"href":"https:\/\/fmed.eu\/en\/wp-json\/wp\/v2\/product\/54820","targetHints":{"allow":["GET"]}}],"collection":[{"href":"https:\/\/fmed.eu\/en\/wp-json\/wp\/v2\/product"}],"about":[{"href":"https:\/\/fmed.eu\/en\/wp-json\/wp\/v2\/types\/product"}],"replies":[{"embeddable":true,"href":"https:\/\/fmed.eu\/en\/wp-json\/wp\/v2\/comments?post=54820"}],"version-history":[{"count":1,"href":"https:\/\/fmed.eu\/en\/wp-json\/wp\/v2\/product\/54820\/revisions"}],"predecessor-version":[{"id":69376,"href":"https:\/\/fmed.eu\/en\/wp-json\/wp\/v2\/product\/54820\/revisions\/69376"}],"wp:featuredmedia":[{"embeddable":true,"href":"https:\/\/fmed.eu\/en\/wp-json\/wp\/v2\/media\/54821"}],"wp:attachment":[{"href":"https:\/\/fmed.eu\/en\/wp-json\/wp\/v2\/media?parent=54820"}],"wp:term":[{"taxonomy":"brand","embeddable":true,"href":"https:\/\/fmed.eu\/en\/wp-json\/wp\/v2\/etheme_brands?post=54820"},{"taxonomy":"product_brand","embeddable":true,"href":"https:\/\/fmed.eu\/en\/wp-json\/wp\/v2\/product_brand?post=54820"},{"taxonomy":"product_cat","embeddable":true,"href":"https:\/\/fmed.eu\/en\/wp-json\/wp\/v2\/product_cat?post=54820"},{"taxonomy":"product_tag","embeddable":true,"href":"https:\/\/fmed.eu\/en\/wp-json\/wp\/v2\/product_tag?post=54820"}],"curies":[{"name":"wp","href":"https:\/\/api.w.org\/{rel}","templated":true}]}}