{"id":59991,"date":"2021-12-06T12:48:57","date_gmt":"2021-12-06T12:48:57","guid":{"rendered":"https:\/\/fmed.eu\/product\/korenina-navadni-slez-marshmallow\/"},"modified":"2026-01-06T12:36:33","modified_gmt":"2026-01-06T10:36:33","slug":"korenina-navadni-slez-marshmallow","status":"publish","type":"product","link":"https:\/\/fmed.eu\/en\/product\/korenina-navadni-slez-marshmallow\/","title":{"rendered":"Korenina navadnega sleza (Marshmallow), Nature&#8217;s Way"},"content":{"rendered":"<p>Od leta 1969 se tradicionalno uporablja za pomiritev prebave<br \/>\nPotrjeno pristno TRU-ID\u2122<br \/>\nPreverjeno brez GSO<br \/>\n960 mg na porcijo<br \/>\nPrehransko dopolnilo<br \/>\nVeganskoTradicionalno se uporablja za pomiritev prebave<\/p>\n<p>Marshmallow se nahaja Evropi, zahodni Aziji in severovzhodni regiji Afrike. Raste na neobdelanih, pe\u0161\u010denih tleh, pogosto na bregovih rek in mo\u010dvirja. Pri Nature&#8217;s Way\u00ae verjamejo, da narava ve najbolje. Zato je njihovo poslanstvo iskati najbolj\u0161a zeli\u0161\u010da, ki jih ima zemlja. To je na\u010din, kako zagotavljajo brezkompromisno kakovost in vam pomagajo \u017eiveti bolj zdravo.<\/p>\n","protected":false},"excerpt":{"rendered":"<p>Korenina navadnega sleza (Marshmallow) se tradicionalno uporablja za pomo\u010d pri zdravju dihal.<\/p>\n","protected":false},"featured_media":59992,"comment_status":"open","ping_status":"closed","template":"","meta":[],"etheme_brands":[{"term_id":4653,"name":"Nature's Way","slug":"natures-way","term_group":0,"term_taxonomy_id":4653,"taxonomy":"brand","description":"Podjetje je nastalo na podlagi ideje Toma Murdocka, leta 1968. Gospod je namre\u010d iskal na\u010din, kako izbolj\u0161ati zdravje \u017eene. Ko ga je konvencionalna medicina pustila na cedilu, se je zatekel k tradicionalnemu zdravljenju ameri\u0161kih domorodcev. Njihovo zdravljenje temelji na zdravilni mo\u010di rastlin. Iz tega je nastalo podjetje, ki se danes trudi iskati idealno pot med naravo in sodobno znanostjo.","parent":0,"count":12,"filter":"raw"}],"product_brand":[],"product_cat":[3722,3732,3733,3875,3756,3724,3739,3725],"product_tag":[5471,5444,5526,5545,5494,5592,5593],"class_list":{"0":"post-59991","1":"product","2":"type-product","3":"status-publish","4":"has-post-thumbnail","6":"brand-natures-way","7":"product_cat-antioksidanti","8":"product_cat-energija-in-motivacija","9":"product_cat-imunski-sistem","10":"product_cat-novo-v-ponudbi","11":"product_cat-prehladna-obolenja","12":"product_cat-razstrupljanje-in-jetra","13":"product_cat-uravnavanje-hormonov","14":"product_cat-vitamini-in-minerali","15":"product_tag-antioksidant","16":"product_tag-lasje","17":"product_tag-nohti","18":"product_tag-prostata","19":"product_tag-scitnica","20":"product_tag-svinec","21":"product_tag-zivo-srebro","23":"first","24":"outofstock","25":"taxable","26":"shipping-taxable","27":"purchasable","28":"product-type-simple"},"_links":{"self":[{"href":"https:\/\/fmed.eu\/en\/wp-json\/wp\/v2\/product\/59991","targetHints":{"allow":["GET"]}}],"collection":[{"href":"https:\/\/fmed.eu\/en\/wp-json\/wp\/v2\/product"}],"about":[{"href":"https:\/\/fmed.eu\/en\/wp-json\/wp\/v2\/types\/product"}],"replies":[{"embeddable":true,"href":"https:\/\/fmed.eu\/en\/wp-json\/wp\/v2\/comments?post=59991"}],"version-history":[{"count":1,"href":"https:\/\/fmed.eu\/en\/wp-json\/wp\/v2\/product\/59991\/revisions"}],"predecessor-version":[{"id":69294,"href":"https:\/\/fmed.eu\/en\/wp-json\/wp\/v2\/product\/59991\/revisions\/69294"}],"wp:featuredmedia":[{"embeddable":true,"href":"https:\/\/fmed.eu\/en\/wp-json\/wp\/v2\/media\/59992"}],"wp:attachment":[{"href":"https:\/\/fmed.eu\/en\/wp-json\/wp\/v2\/media?parent=59991"}],"wp:term":[{"taxonomy":"brand","embeddable":true,"href":"https:\/\/fmed.eu\/en\/wp-json\/wp\/v2\/etheme_brands?post=59991"},{"taxonomy":"product_brand","embeddable":true,"href":"https:\/\/fmed.eu\/en\/wp-json\/wp\/v2\/product_brand?post=59991"},{"taxonomy":"product_cat","embeddable":true,"href":"https:\/\/fmed.eu\/en\/wp-json\/wp\/v2\/product_cat?post=59991"},{"taxonomy":"product_tag","embeddable":true,"href":"https:\/\/fmed.eu\/en\/wp-json\/wp\/v2\/product_tag?post=59991"}],"curies":[{"name":"wp","href":"https:\/\/api.w.org\/{rel}","templated":true}]}}