{"id":60001,"date":"2021-12-06T13:22:29","date_gmt":"2021-12-06T13:22:29","guid":{"rendered":"https:\/\/fmed.eu\/product\/niacinamid-natures-way\/"},"modified":"2026-01-06T12:36:37","modified_gmt":"2026-01-06T10:36:37","slug":"niacinamid-natures-way","status":"publish","type":"product","link":"https:\/\/fmed.eu\/en\/product\/niacinamid-natures-way\/","title":{"rendered":"Nature&#8217;s Way, Niacinamide, 500mg 100 kapsul"},"content":{"rendered":"<p>Podpira proizvodnjo celi\u010dne energije<br \/>\n500 mg na porcijo<br \/>\nPrehransko dopolnilo<br \/>\nPodpira proizvodnjo celi\u010dne energije<\/p>\n<p>Niacinamid je oblika niacina (vitamina B3), ki ne izplakuje. Potreben je za normalno razgradnjo ma\u0161\u010dob in spro\u0161\u010danje energije iz ogljikovih hidratov. Na\u0161 niacinamid je skrbno preizku\u0161en in proizveden po vrhunskih standardih kakovosti.<\/p>\n","protected":false},"excerpt":{"rendered":"<p>Niacinamid je oblika niacina (vitamina B3), ki ne izplakuje. Potreben je za normalno razgradnjo ma\u0161\u010dob in spro\u0161\u010danje energije iz ogljikovih hidratov.<\/p>\n","protected":false},"featured_media":60002,"comment_status":"open","ping_status":"closed","template":"","meta":[],"etheme_brands":[{"term_id":4653,"name":"Nature's Way","slug":"natures-way","term_group":0,"term_taxonomy_id":4653,"taxonomy":"brand","description":"Podjetje je nastalo na podlagi ideje Toma Murdocka, leta 1968. Gospod je namre\u010d iskal na\u010din, kako izbolj\u0161ati zdravje \u017eene. Ko ga je konvencionalna medicina pustila na cedilu, se je zatekel k tradicionalnemu zdravljenju ameri\u0161kih domorodcev. Njihovo zdravljenje temelji na zdravilni mo\u010di rastlin. Iz tega je nastalo podjetje, ki se danes trudi iskati idealno pot med naravo in sodobno znanostjo.","parent":0,"count":12,"filter":"raw"}],"product_brand":[],"product_cat":[3722,3732,3733,3875,3756,3724,3739,3725],"product_tag":[5471,5444,5526,5545,5494,5592,5593],"class_list":{"0":"post-60001","1":"product","2":"type-product","3":"status-publish","4":"has-post-thumbnail","6":"brand-natures-way","7":"product_cat-antioksidanti","8":"product_cat-energija-in-motivacija","9":"product_cat-imunski-sistem","10":"product_cat-novo-v-ponudbi","11":"product_cat-prehladna-obolenja","12":"product_cat-razstrupljanje-in-jetra","13":"product_cat-uravnavanje-hormonov","14":"product_cat-vitamini-in-minerali","15":"product_tag-antioksidant","16":"product_tag-lasje","17":"product_tag-nohti","18":"product_tag-prostata","19":"product_tag-scitnica","20":"product_tag-svinec","21":"product_tag-zivo-srebro","23":"first","24":"outofstock","25":"taxable","26":"shipping-taxable","27":"purchasable","28":"product-type-simple"},"_links":{"self":[{"href":"https:\/\/fmed.eu\/en\/wp-json\/wp\/v2\/product\/60001","targetHints":{"allow":["GET"]}}],"collection":[{"href":"https:\/\/fmed.eu\/en\/wp-json\/wp\/v2\/product"}],"about":[{"href":"https:\/\/fmed.eu\/en\/wp-json\/wp\/v2\/types\/product"}],"replies":[{"embeddable":true,"href":"https:\/\/fmed.eu\/en\/wp-json\/wp\/v2\/comments?post=60001"}],"version-history":[{"count":1,"href":"https:\/\/fmed.eu\/en\/wp-json\/wp\/v2\/product\/60001\/revisions"}],"predecessor-version":[{"id":69293,"href":"https:\/\/fmed.eu\/en\/wp-json\/wp\/v2\/product\/60001\/revisions\/69293"}],"wp:featuredmedia":[{"embeddable":true,"href":"https:\/\/fmed.eu\/en\/wp-json\/wp\/v2\/media\/60002"}],"wp:attachment":[{"href":"https:\/\/fmed.eu\/en\/wp-json\/wp\/v2\/media?parent=60001"}],"wp:term":[{"taxonomy":"brand","embeddable":true,"href":"https:\/\/fmed.eu\/en\/wp-json\/wp\/v2\/etheme_brands?post=60001"},{"taxonomy":"product_brand","embeddable":true,"href":"https:\/\/fmed.eu\/en\/wp-json\/wp\/v2\/product_brand?post=60001"},{"taxonomy":"product_cat","embeddable":true,"href":"https:\/\/fmed.eu\/en\/wp-json\/wp\/v2\/product_cat?post=60001"},{"taxonomy":"product_tag","embeddable":true,"href":"https:\/\/fmed.eu\/en\/wp-json\/wp\/v2\/product_tag?post=60001"}],"curies":[{"name":"wp","href":"https:\/\/api.w.org\/{rel}","templated":true}]}}