{"id":60025,"date":"2021-12-07T07:43:05","date_gmt":"2021-12-07T07:43:05","guid":{"rendered":"https:\/\/fmed.eu\/product\/ashwagandha-asvaganda-natures-answer\/"},"modified":"2025-04-22T13:05:02","modified_gmt":"2025-04-22T11:05:02","slug":"ashwagandha-asvaganda-natures-answer","status":"publish","type":"product","link":"https:\/\/fmed.eu\/en\/product\/ashwagandha-asvaganda-natures-answer\/","title":{"rendered":"Ashwagandha (A\u0161vaganda) , Nature&#8217;s Answer"},"content":{"rendered":"<p>Nature&#8217;s Answer Ashwagandha<\/p>\n<p>A\u0161vagando ( Withania somnifera ) imenujejo tudi \u00bbkraljico ajurvedskih zeli\u0161\u010d\u00ab. Tipi\u010dno se uporablja kot adaptogen (EFSA-Q-2008-3983), kar pomeni da uravnava hormonsko ravnovesje, predvsem v \u010dasu povi\u0161anega stresa.<\/p>\n<p>Pomaga pri psiholo\u0161kem stresu, napetosti in anksioznosti ter prispeva k optimalni sprostitvi ter splo\u0161nemu dobremu po\u010dutju in emocionalnem ravnovesju (EFSA-Q-2008-2916).<\/p>\n<p>Dodatno lahko ugodno vpliva tudi na srce in celoten sr\u010dno-\u017eilni sistem (EFSA-Q-2008-3236).<\/p>\n<p>Ashvaganda pomeni v dobesednem prevodu \u00bbvonj po konju\u00ab, kar izhaja iz tipi\u010dnega vonja, ki ga imajo sve\u017ee korenine. Raste v Severni Ameriki in Indiji in je v uporabi \u017ee tiso\u010dletja.<\/p>\n<p>Ekstrakt korenine je najbolj\u0161a oblika a\u0161vagandhe, saj se je edini pokazal kot u\u010dinkovit in netoksi\u010den. Bodite pozorni, da uporabljate le \u010disti ekstrakt korenine!<\/p>\n<p>Brezalkoholni izvle\u010dki so proizvedeni z hladnim Bio-Chelated\u00ae lastni\u0161kim postopkom ekstrakcije, ki daje Holistically Balanced\u00ae Advanced Botanical Fingerprint\u00ae ekstrakt v enakih sinergijskih razmerjih kot v rastlini.<\/p>\n","protected":false},"excerpt":{"rendered":"<p>Imenovana tudi &#8220;kraljica ajurvedske medicine&#8221;, deluje kot adaptogen pri simptomih stresa.<\/p>\n","protected":false},"featured_media":60026,"comment_status":"open","ping_status":"closed","template":"","meta":[],"etheme_brands":[{"term_id":4661,"name":"Nature's Answer","slug":"natures-answer","term_group":0,"term_taxonomy_id":4661,"taxonomy":"brand","description":"Nature's Answer\u00ae kot eden najve\u010djih in najstarej\u0161ih ameri\u0161kih proizvajalcev prehranskih dodatkov ima ponosno tradicijo zagotavljanja sestavin najvi\u0161je kakovosti in \u010distosti v vsakem proizvodu \u017ee od leta 1972. Edinstveno lahko zagotavljajo te standarde za vse njihove teko\u010de rastlinske izvle\u010dke, saj oboje proizvajajo in pakirajo.\nDanes Nature's Answer\u00ae \u0161e naprej zdru\u017euje najbolj\u0161a tradicionalna zeli\u0161\u010dna zdravila, vitamine in minerale z inovativnimi znanstvenimi tehnikami in fitofarmacevtskimi postopki, ki prina\u0161ajo dodatke najbolj\u0161e kakovosti in vrednosti za vso dru\u017eino.","parent":0,"count":5,"filter":"raw"}],"product_brand":[],"product_cat":[3732,3733,3875,5384,3723,3736,3739,3752],"product_tag":[5495,5448,5449,5496,5464,5465,5497,5470,5466,5467],"class_list":{"0":"post-60025","1":"product","2":"type-product","3":"status-publish","4":"has-post-thumbnail","6":"brand-natures-answer","7":"product_cat-energija-in-motivacija","8":"product_cat-imunski-sistem","9":"product_cat-novo-v-ponudbi","10":"product_cat-obvladovanje-stresa","11":"product_cat-podpora-srca-in-ozilja","12":"product_cat-spomin-in-zdravje-mozganov","13":"product_cat-uravnavanje-hormonov","14":"product_cat-zelisca-izvlecki-in-tinkture","15":"product_tag-adaptogen","16":"product_tag-anksioznost","17":"product_tag-depresija","18":"product_tag-ozilje","19":"product_tag-spanje","20":"product_tag-sproscanje","21":"product_tag-srce","22":"product_tag-stres","23":"product_tag-umirjanje","24":"product_tag-utrujenost","26":"first","27":"outofstock","28":"taxable","29":"shipping-taxable","30":"purchasable","31":"product-type-simple"},"_links":{"self":[{"href":"https:\/\/fmed.eu\/en\/wp-json\/wp\/v2\/product\/60025","targetHints":{"allow":["GET"]}}],"collection":[{"href":"https:\/\/fmed.eu\/en\/wp-json\/wp\/v2\/product"}],"about":[{"href":"https:\/\/fmed.eu\/en\/wp-json\/wp\/v2\/types\/product"}],"replies":[{"embeddable":true,"href":"https:\/\/fmed.eu\/en\/wp-json\/wp\/v2\/comments?post=60025"}],"version-history":[{"count":1,"href":"https:\/\/fmed.eu\/en\/wp-json\/wp\/v2\/product\/60025\/revisions"}],"predecessor-version":[{"id":69291,"href":"https:\/\/fmed.eu\/en\/wp-json\/wp\/v2\/product\/60025\/revisions\/69291"}],"wp:featuredmedia":[{"embeddable":true,"href":"https:\/\/fmed.eu\/en\/wp-json\/wp\/v2\/media\/60026"}],"wp:attachment":[{"href":"https:\/\/fmed.eu\/en\/wp-json\/wp\/v2\/media?parent=60025"}],"wp:term":[{"taxonomy":"brand","embeddable":true,"href":"https:\/\/fmed.eu\/en\/wp-json\/wp\/v2\/etheme_brands?post=60025"},{"taxonomy":"product_brand","embeddable":true,"href":"https:\/\/fmed.eu\/en\/wp-json\/wp\/v2\/product_brand?post=60025"},{"taxonomy":"product_cat","embeddable":true,"href":"https:\/\/fmed.eu\/en\/wp-json\/wp\/v2\/product_cat?post=60025"},{"taxonomy":"product_tag","embeddable":true,"href":"https:\/\/fmed.eu\/en\/wp-json\/wp\/v2\/product_tag?post=60025"}],"curies":[{"name":"wp","href":"https:\/\/api.w.org\/{rel}","templated":true}]}}