{"id":60091,"date":"2021-12-07T16:24:02","date_gmt":"2021-12-07T14:24:02","guid":{"rendered":"https:\/\/fmed.eu\/product\/aktiven-vitamin-b12-metilkobalamin\/"},"modified":"2026-03-16T12:44:06","modified_gmt":"2026-03-16T10:44:06","slug":"aktiven-vitamin-b12-metilkobalamin","status":"publish","type":"product","link":"https:\/\/fmed.eu\/en\/product\/aktiven-vitamin-b12-metilkobalamin\/","title":{"rendered":"Doctor&#8217;s Best, Fully Active B12, Popolnoma aktiven B12, 1500mcg 60 kapsul"},"content":{"rendered":"<p>Doctor&#8217;s Best Vitamin B12<\/p>\n<p>Doctor&#8217;s Best Fully active B12 podpira zdrav spomin, razpolo\u017eenje, cirkulacijo in dobro po\u010dutje.<\/p>\n<p>Zagotavlja metilkobalamin, biokemi\u010dno najbolj aktivno obliko vitamina B12.<\/p>\n<p>Vitamin B12 je bistvenega pomena za ljudi v vseh \u017eivljenjskih obdobjih, od spo\u010detja do starej\u0161e starosti.<\/p>\n<p>Zdrav status vitamina B12 je povezan z zdravim razpolo\u017eenjem in upravljanjem spomina.<\/p>\n<p>Brez glutena, brez GSO, vegetarijansko, vegansko, brez soje<\/p>\n<p>Kako se B vitamini razlikujejo?<\/p>\n<p>Niso vsi B vitamini enaki. \u017de \u010de zanemarimo vsebovane koli\u010dine bomo videli, da so med njimi bistvene razlike. Vzemimo na primer vitamin B12, ki se v ve\u010dini dodatkov nahaja v obliki cyanocobalamin (ciano-kobalamin). B12 (oz. kobalamin) je tukaj vezan na nosilec cianid. Se \u0161e spomnite kaj cianid je? Da &#8211; strup. Spet druga oblika B12 je hidroksikobalamin, ki pa je razmeroma nestabilna in se uporablja v medicini kot protistrup pri zastrupitvah s cianidom. Aktivna in stabilna oblika vitamina B12 je metil-kobalamin , kjer je B12 vezan na metilno skupino in lahko neposredno sodeluje v metilacijskem ciklusu (vse ostale oblike mora telo prej spremeniti zato tiste imenujemo neaktivne).<\/p>\n<p>Za koga je B12?<\/p>\n<p>Dopolnilo je primerno za vse, ki \u017eelite kvaliteten nadomestek najpomembnej\u0161ih B vitaminov. \u0160e posebej primeren je za vegane, ki B12 ne morejo dobiti iz hrane in za tiste, ki imate te\u017eave z absorpcijo, saj se na\u0161e pastile absorbirajo \u017ee v ustih.<\/p>\n<p>B12 dokazano u\u010dinkuje na veliko telesnih procesov<\/p>\n<p>Klju\u010dni B vitamini lahko pomagajo pri odpravi anemije in slabokrvnosti, izbolj\u0161anju imunskega sistema in prepre\u010devanju psiholo\u0161kih ter nevrolo\u0161kih te\u017eav. Prepre\u010duje utrujenost.<\/p>\n<p>prispeva k spro\u0161\u010danju energije pri presnovi<\/p>\n<p>prispeva k delovanju \u017eiv\u010dnega sistema<\/p>\n<p>ima vlogo pri delovanju imunskega sistema<\/p>\n<p>prispeva k zmanj\u0161evanju utrujenosti in iz\u010drpanosti<\/p>\n<p>ima vlogo pri delitvi celic<\/p>\n<p>prispeva k razvoju materinega tkiva med nose\u010dnostjo<\/p>\n<p>prispeva k sintezi aminokislin<\/p>\n<p>normalni sitezi cisteina, ki je pomembna aminokislina v sulfacijskem ciklusu telesa in proizvodnji najmo\u010dnej\u0161ega antioksidanta v telesu, glutationa ,<\/p>\n<p>dobrem delovanju \u017eiv\u010devja,<\/p>\n<p>normalnem metabolizmu homocisteina, ki je metabolit metilacijskega ciklusa, ki v velikih koli\u010dinah mo\u010dno po\u0161koduje notranjost \u017eil in \u017eilic, na tak na\u010din pa povzro\u010da sr\u010dno-\u017eilne bolezni,<\/p>\n<p>normalnem metabolizmu beljakovin in glikogena (zalog ogljikovih hidratov),<\/p>\n<p>delovanju psiholo\u0161kih funkcij (npr. depresija ipd.),<\/p>\n","protected":false},"excerpt":{"rendered":"<p>Izjemno u\u010dinkovit in kvaliteten najpomembnej\u0161i B12 vitamin, ki prepre\u010duje utrujenost, slabokrvnost in psiholo\u0161ke te\u017eave.<\/p>\n","protected":false},"featured_media":60092,"comment_status":"open","ping_status":"closed","template":"","meta":[],"etheme_brands":[{"term_id":4643,"name":"Doctor's Best","slug":"doctors-best","term_group":0,"term_taxonomy_id":4643,"taxonomy":"brand","description":"Doctor's Best je znamka, ki so jo leta 1990 ustanovili zdravniki. Podjetje ponuja ve\u010d kot 200 izdelkov, katerih ve\u010dina je narejenih iz sestavin lastne blagovne znamke. Podjetje se lahko pohvali z izdelki, ki jih odlikujejo standardi najvi\u0161je kakovosti.","parent":0,"count":32,"filter":"raw"}],"product_brand":[],"product_cat":[3732,3733,3875,5384,3723,3717,3725],"product_tag":[5449,5469,5518,5514,5500,5515,5452,5493,5616,5496,5445,5464,5516,5517],"class_list":{"0":"post-60091","1":"product","2":"type-product","3":"status-publish","4":"has-post-thumbnail","6":"brand-doctors-best","7":"product_cat-energija-in-motivacija","8":"product_cat-imunski-sistem","9":"product_cat-novo-v-ponudbi","10":"product_cat-obvladovanje-stresa","11":"product_cat-podpora-srca-in-ozilja","12":"product_cat-slabokrvnost-anemija","13":"product_cat-vitamini-in-minerali","14":"product_tag-depresija","15":"product_tag-energija","16":"product_tag-glavobol","17":"product_tag-homocistein","18":"product_tag-imunski-sistem","19":"product_tag-metil-kobalamin","20":"product_tag-metilacija","21":"product_tag-mozgani","22":"product_tag-nosecnost","23":"product_tag-ozilje","24":"product_tag-razstrupljanje","25":"product_tag-spanje","26":"product_tag-veganstvo","27":"product_tag-zivcevje","29":"first","30":"instock","31":"taxable","32":"shipping-taxable","33":"purchasable","34":"product-type-simple"},"_links":{"self":[{"href":"https:\/\/fmed.eu\/en\/wp-json\/wp\/v2\/product\/60091","targetHints":{"allow":["GET"]}}],"collection":[{"href":"https:\/\/fmed.eu\/en\/wp-json\/wp\/v2\/product"}],"about":[{"href":"https:\/\/fmed.eu\/en\/wp-json\/wp\/v2\/types\/product"}],"replies":[{"embeddable":true,"href":"https:\/\/fmed.eu\/en\/wp-json\/wp\/v2\/comments?post=60091"}],"version-history":[{"count":1,"href":"https:\/\/fmed.eu\/en\/wp-json\/wp\/v2\/product\/60091\/revisions"}],"predecessor-version":[{"id":69284,"href":"https:\/\/fmed.eu\/en\/wp-json\/wp\/v2\/product\/60091\/revisions\/69284"}],"wp:featuredmedia":[{"embeddable":true,"href":"https:\/\/fmed.eu\/en\/wp-json\/wp\/v2\/media\/60092"}],"wp:attachment":[{"href":"https:\/\/fmed.eu\/en\/wp-json\/wp\/v2\/media?parent=60091"}],"wp:term":[{"taxonomy":"brand","embeddable":true,"href":"https:\/\/fmed.eu\/en\/wp-json\/wp\/v2\/etheme_brands?post=60091"},{"taxonomy":"product_brand","embeddable":true,"href":"https:\/\/fmed.eu\/en\/wp-json\/wp\/v2\/product_brand?post=60091"},{"taxonomy":"product_cat","embeddable":true,"href":"https:\/\/fmed.eu\/en\/wp-json\/wp\/v2\/product_cat?post=60091"},{"taxonomy":"product_tag","embeddable":true,"href":"https:\/\/fmed.eu\/en\/wp-json\/wp\/v2\/product_tag?post=60091"}],"curies":[{"name":"wp","href":"https:\/\/api.w.org\/{rel}","templated":true}]}}