{"id":60105,"date":"2021-12-08T07:52:02","date_gmt":"2021-12-08T07:52:02","guid":{"rendered":"https:\/\/fmed.eu\/product\/dodatno-mocan-ginko-doctors-best\/"},"modified":"2025-04-22T13:05:00","modified_gmt":"2025-04-22T11:05:00","slug":"dodatno-mocan-ginko-doctors-best","status":"publish","type":"product","link":"https:\/\/fmed.eu\/en\/product\/dodatno-mocan-ginko-doctors-best\/","title":{"rendered":"Doctor&#8217;s Best Extra Strength Ginkgo 120mg 120tabl."},"content":{"rendered":"<p>Doctor&#8217;s Best Extra Strength Ginkgo (Dodatno mo\u010dan Ginko)<\/p>\n<p>Ko se ozremo v preteklost, pogosto najdemo modrost. Drevo ginka, ki lahko uspeva do 1000 let, je \u010dudovit primer dolgo\u017eivosti, ki nas \u0161e danes navdihuje. Na Kitajskem ga gojijo kot sveto drevo \u017ee tiso\u010dletja, njegova tradicionalna zdravstvena uporaba pa sega \u017ee v leto 2800 pr. Na\u0161 ginko Extra Strength Ginkgo je pristen pripravek iz ginka, ki podpira u\u010dinkovito du\u0161evno delovanje in spomin s spodbujanjem dostave kisika in hranil v mo\u017egane.* Ta formula zagotavlja optimalno mo\u010dno kombinacijo flavonoidov, izoliranih iz listov Ginkgo bilobe.<\/p>\n<p>DODATNO MO\u010cAN GINKO pomaga podpirati spomin in zmogljivost mo\u017eganov. Prav tako pomaga podpirati zdravo delovanje mitohondrijev in \u017eiv\u010dnih celic.<\/p>\n<p>Ta izvle\u010dek ginka bilobe vrhunske kakovosti je standardiziran, kar zagotavlja, da vsebuje najmanj 24% flavonskih glikozidov in 6% terpenskih laktonov, kar je potrjeno z neodvisno laboratorijsko analizo.<\/p>\n<p>pomaga podpirati zdravo cirkulacijo v mo\u017eganih in drugih organih. S spodbujanjem dostave kisika in hranil v mo\u017egane in druge organe ta pristen pripravek iz ginka pomaga podpirati u\u010dinkovito du\u0161evno in celotno telo.<\/p>\n<p>pomaga ohranjati zdravo cirkulacijo in pomaga podpirati du\u0161evno budnost in zdravo delovanje mo\u017eganov ter izbolj\u0161a blage te\u017eave s spominom, povezane s staranjem.<\/p>\n<p>Du\u0161evna budnost in spomin: Ginkgo biloba pomaga podpirati zdravo delovanje mo\u017eganov, du\u0161evno budnost in podpira spomin.<\/p>\n<p>Za ta izvle\u010dek ginka jam\u010di sistem za zagotavljanje kakovosti ProfileProven, ki ga je razvila dru\u017eba Ethical Naturals, Inc. Ta proces vklju\u010duje najobse\u017enej\u0161e testiranje in preglede na vsaki stopnji proizvodnje, da se zagotovi \u010distost in mo\u010d.<\/p>\n","protected":false},"excerpt":{"rendered":"<p>Ginkgo biloba pomaga podpirati zdravo delovanje mo\u017eganov, du\u0161evno budnost in podpira spomin ter zdravo delovanje mitohondrijev in \u017eiv\u010dnih celic.<\/p>\n","protected":false},"featured_media":60106,"comment_status":"open","ping_status":"closed","template":"","meta":[],"etheme_brands":[{"term_id":4643,"name":"Doctor's Best","slug":"doctors-best","term_group":0,"term_taxonomy_id":4643,"taxonomy":"brand","description":"Doctor's Best je znamka, ki so jo leta 1990 ustanovili zdravniki. Podjetje ponuja ve\u010d kot 200 izdelkov, katerih ve\u010dina je narejenih iz sestavin lastne blagovne znamke. Podjetje se lahko pohvali z izdelki, ki jih odlikujejo standardi najvi\u0161je kakovosti.","parent":0,"count":32,"filter":"raw"}],"product_brand":[],"product_cat":[3732,3733,3875,5384,3723,3736,3725],"product_tag":[5449,5469,5518,5514,5500,5515,5452,5493,5616,5496,5445,5464,5516,5517],"class_list":{"0":"post-60105","1":"product","2":"type-product","3":"status-publish","4":"has-post-thumbnail","6":"brand-doctors-best","7":"product_cat-energija-in-motivacija","8":"product_cat-imunski-sistem","9":"product_cat-novo-v-ponudbi","10":"product_cat-obvladovanje-stresa","11":"product_cat-podpora-srca-in-ozilja","12":"product_cat-spomin-in-zdravje-mozganov","13":"product_cat-vitamini-in-minerali","14":"product_tag-depresija","15":"product_tag-energija","16":"product_tag-glavobol","17":"product_tag-homocistein","18":"product_tag-imunski-sistem","19":"product_tag-metil-kobalamin","20":"product_tag-metilacija","21":"product_tag-mozgani","22":"product_tag-nosecnost","23":"product_tag-ozilje","24":"product_tag-razstrupljanje","25":"product_tag-spanje","26":"product_tag-veganstvo","27":"product_tag-zivcevje","29":"first","30":"outofstock","31":"taxable","32":"shipping-taxable","33":"purchasable","34":"product-type-simple"},"_links":{"self":[{"href":"https:\/\/fmed.eu\/en\/wp-json\/wp\/v2\/product\/60105","targetHints":{"allow":["GET"]}}],"collection":[{"href":"https:\/\/fmed.eu\/en\/wp-json\/wp\/v2\/product"}],"about":[{"href":"https:\/\/fmed.eu\/en\/wp-json\/wp\/v2\/types\/product"}],"replies":[{"embeddable":true,"href":"https:\/\/fmed.eu\/en\/wp-json\/wp\/v2\/comments?post=60105"}],"version-history":[{"count":1,"href":"https:\/\/fmed.eu\/en\/wp-json\/wp\/v2\/product\/60105\/revisions"}],"predecessor-version":[{"id":69283,"href":"https:\/\/fmed.eu\/en\/wp-json\/wp\/v2\/product\/60105\/revisions\/69283"}],"wp:featuredmedia":[{"embeddable":true,"href":"https:\/\/fmed.eu\/en\/wp-json\/wp\/v2\/media\/60106"}],"wp:attachment":[{"href":"https:\/\/fmed.eu\/en\/wp-json\/wp\/v2\/media?parent=60105"}],"wp:term":[{"taxonomy":"brand","embeddable":true,"href":"https:\/\/fmed.eu\/en\/wp-json\/wp\/v2\/etheme_brands?post=60105"},{"taxonomy":"product_brand","embeddable":true,"href":"https:\/\/fmed.eu\/en\/wp-json\/wp\/v2\/product_brand?post=60105"},{"taxonomy":"product_cat","embeddable":true,"href":"https:\/\/fmed.eu\/en\/wp-json\/wp\/v2\/product_cat?post=60105"},{"taxonomy":"product_tag","embeddable":true,"href":"https:\/\/fmed.eu\/en\/wp-json\/wp\/v2\/product_tag?post=60105"}],"curies":[{"name":"wp","href":"https:\/\/api.w.org\/{rel}","templated":true}]}}