{"id":60133,"date":"2021-12-08T09:28:24","date_gmt":"2021-12-08T09:28:24","guid":{"rendered":"https:\/\/fmed.eu\/product\/l-tirozin-tyrosine-doctors-best\/"},"modified":"2025-04-22T13:05:00","modified_gmt":"2025-04-22T11:05:00","slug":"l-tirozin-tyrosine-doctors-best","status":"publish","type":"product","link":"https:\/\/fmed.eu\/en\/product\/l-tirozin-tyrosine-doctors-best\/","title":{"rendered":"L-tirozin (L-Tyrosine), Doctor&#8217;s Best"},"content":{"rendered":"<p>Doctor&#8217;s Best L-tirozin (L-Tyrosine)<\/p>\n<p>DOCTOR&#8217;S BEST L-TIROZIN je pogojno esencialna aminokislina, ki je predhodnica kateholaminskih prena\u0161alcev dopamina, epinefrina in norepinefrina. To so klju\u010dnega pomena za mo\u017egane in druga \u017eiv\u010dna omre\u017eja v telesu. \u0160\u010ditnica potrebuje tudi tirozin za proizvodnjo vitalnega hormona tiroksina.<\/p>\n<p>PODPORA KOGNITIVNI IN RAZPOPOLNJENJU &#8211; odmerek L-tirozina podpira zdravo delovanje mo\u017eganov in preostalega \u017eiv\u010dnega sistema. Kateholamini so sestavni del funkcij centralnega \u017eiv\u010dnega sistema, kot so zaznavanje, \u010dustva, spomin, gibanje in regulacija \u017elez, ki izlo\u010dajo hormone v kri.<\/p>\n<p>ZDRAVO DELOVANJE \u017dLEZ \u2013 lahko pomaga pri laj\u0161anju stresa. L-tirozin je neesencialna aminokislina, ki igra pomembno vlogo pri proizvodnji nevrotransmiterjev dopamina in norepinefrina. Tirozin je bistvenega pomena za sintezo \u0161\u010ditni\u010dnega hormona in epinefrina (adrenalina), L-tirozin podpira tudi zdravo delovanje \u017elez.<\/p>\n<p>kot esencialni prehranski dodatek igra \u0161tevilne pomembne vloge v telesu, med drugim pomaga celicam proizvajati presnovno energijo, podpira optimalno delovanje \u017eivcev, pomaga pri pravilnem spro\u0161\u010danju mi\u0161ic in ohranja zdrav sr\u010dni utrip.<\/p>\n","protected":false},"excerpt":{"rendered":"<p>Podpora za mo\u017eganski oddajnik, predhodnik za \u017eiv\u010dne prena\u0161alce dopamina, norepinefrina in epinefrina (adrenalina), predhodnik za proizvodnjo tiroksina v \u0161\u010ditnici<\/p>\n","protected":false},"featured_media":60134,"comment_status":"open","ping_status":"closed","template":"","meta":[],"etheme_brands":[{"term_id":4643,"name":"Doctor's Best","slug":"doctors-best","term_group":0,"term_taxonomy_id":4643,"taxonomy":"brand","description":"Doctor's Best je znamka, ki so jo leta 1990 ustanovili zdravniki. Podjetje ponuja ve\u010d kot 200 izdelkov, katerih ve\u010dina je narejenih iz sestavin lastne blagovne znamke. Podjetje se lahko pohvali z izdelki, ki jih odlikujejo standardi najvi\u0161je kakovosti.","parent":0,"count":32,"filter":"raw"}],"product_brand":[],"product_cat":[3732,3875,5384,3715,3736],"product_tag":[5449,5574,5469,5506,5492,5629,5510,5584,5575,5494,5630],"class_list":{"0":"post-60133","1":"product","2":"type-product","3":"status-publish","4":"has-post-thumbnail","6":"brand-doctors-best","7":"product_cat-energija-in-motivacija","8":"product_cat-novo-v-ponudbi","9":"product_cat-obvladovanje-stresa","10":"product_cat-ostalo","11":"product_cat-spomin-in-zdravje-mozganov","12":"product_tag-depresija","13":"product_tag-dopamin","14":"product_tag-energija","15":"product_tag-fokus","16":"product_tag-koncentracija","17":"product_tag-l-dopa","18":"product_tag-motivacija","19":"product_tag-nootropik","20":"product_tag-parkinsonova-bolezen","21":"product_tag-scitnica","22":"product_tag-tirozin","24":"first","25":"outofstock","26":"taxable","27":"shipping-taxable","28":"purchasable","29":"product-type-simple"},"_links":{"self":[{"href":"https:\/\/fmed.eu\/en\/wp-json\/wp\/v2\/product\/60133","targetHints":{"allow":["GET"]}}],"collection":[{"href":"https:\/\/fmed.eu\/en\/wp-json\/wp\/v2\/product"}],"about":[{"href":"https:\/\/fmed.eu\/en\/wp-json\/wp\/v2\/types\/product"}],"replies":[{"embeddable":true,"href":"https:\/\/fmed.eu\/en\/wp-json\/wp\/v2\/comments?post=60133"}],"version-history":[{"count":1,"href":"https:\/\/fmed.eu\/en\/wp-json\/wp\/v2\/product\/60133\/revisions"}],"predecessor-version":[{"id":69281,"href":"https:\/\/fmed.eu\/en\/wp-json\/wp\/v2\/product\/60133\/revisions\/69281"}],"wp:featuredmedia":[{"embeddable":true,"href":"https:\/\/fmed.eu\/en\/wp-json\/wp\/v2\/media\/60134"}],"wp:attachment":[{"href":"https:\/\/fmed.eu\/en\/wp-json\/wp\/v2\/media?parent=60133"}],"wp:term":[{"taxonomy":"brand","embeddable":true,"href":"https:\/\/fmed.eu\/en\/wp-json\/wp\/v2\/etheme_brands?post=60133"},{"taxonomy":"product_brand","embeddable":true,"href":"https:\/\/fmed.eu\/en\/wp-json\/wp\/v2\/product_brand?post=60133"},{"taxonomy":"product_cat","embeddable":true,"href":"https:\/\/fmed.eu\/en\/wp-json\/wp\/v2\/product_cat?post=60133"},{"taxonomy":"product_tag","embeddable":true,"href":"https:\/\/fmed.eu\/en\/wp-json\/wp\/v2\/product_tag?post=60133"}],"curies":[{"name":"wp","href":"https:\/\/api.w.org\/{rel}","templated":true}]}}