{"id":60147,"date":"2021-12-08T09:55:04","date_gmt":"2021-12-08T09:55:04","guid":{"rendered":"https:\/\/fmed.eu\/product\/acetil-karnitin-doctors-best\/"},"modified":"2026-01-06T12:36:51","modified_gmt":"2026-01-06T10:36:51","slug":"acetil-karnitin-doctors-best","status":"publish","type":"product","link":"https:\/\/fmed.eu\/en\/product\/acetil-karnitin-doctors-best\/","title":{"rendered":"Doctor&#8217;s Best, Acetil-L-karnitin (Acetyl-L-Carnitine), 500mg 60 kapsul"},"content":{"rendered":"<p>Doctor&#8217;s Best Acetyl-l-carnitine<\/p>\n<p>Karnitin je hranilo, ki ga telo tvori samo, delno pa se nahaja tudi v hrani. Acetil-l-karnitin je oblika karnitina, ki se v naravi pojavlja najpogosteje.<\/p>\n<p>Acetil karnitin je oblika, ki se enostavno dostavi do celic in lahko prehaja tudi mo\u017egansko opno. V krvi ga razgradijo plazma esteraze v \u010disti karnitin, ki nato prena\u0161a ma\u0161\u010dobne kisline v mitohondrije.<\/p>\n","protected":false},"excerpt":{"rendered":"<p>Acetilirana oblika L-karnitina, ki lahko prehaja mo\u017egansko pregrado.<\/p>\n","protected":false},"featured_media":60148,"comment_status":"open","ping_status":"closed","template":"","meta":[],"etheme_brands":[{"term_id":4643,"name":"Doctor's Best","slug":"doctors-best","term_group":0,"term_taxonomy_id":4643,"taxonomy":"brand","description":"Doctor's Best je znamka, ki so jo leta 1990 ustanovili zdravniki. Podjetje ponuja ve\u010d kot 200 izdelkov, katerih ve\u010dina je narejenih iz sestavin lastne blagovne znamke. Podjetje se lahko pohvali z izdelki, ki jih odlikujejo standardi najvi\u0161je kakovosti.","parent":0,"count":32,"filter":"raw"}],"product_brand":[],"product_cat":[3732,3875,3715,3723,3736],"product_tag":[5491,5492,5493,5494],"class_list":{"0":"post-60147","1":"product","2":"type-product","3":"status-publish","4":"has-post-thumbnail","6":"brand-doctors-best","7":"product_cat-energija-in-motivacija","8":"product_cat-novo-v-ponudbi","9":"product_cat-ostalo","10":"product_cat-podpora-srca-in-ozilja","11":"product_cat-spomin-in-zdravje-mozganov","12":"product_tag-hujsanje","13":"product_tag-koncentracija","14":"product_tag-mozgani","15":"product_tag-scitnica","17":"first","18":"instock","19":"taxable","20":"shipping-taxable","21":"purchasable","22":"product-type-simple"},"_links":{"self":[{"href":"https:\/\/fmed.eu\/en\/wp-json\/wp\/v2\/product\/60147","targetHints":{"allow":["GET"]}}],"collection":[{"href":"https:\/\/fmed.eu\/en\/wp-json\/wp\/v2\/product"}],"about":[{"href":"https:\/\/fmed.eu\/en\/wp-json\/wp\/v2\/types\/product"}],"replies":[{"embeddable":true,"href":"https:\/\/fmed.eu\/en\/wp-json\/wp\/v2\/comments?post=60147"}],"version-history":[{"count":1,"href":"https:\/\/fmed.eu\/en\/wp-json\/wp\/v2\/product\/60147\/revisions"}],"predecessor-version":[{"id":69280,"href":"https:\/\/fmed.eu\/en\/wp-json\/wp\/v2\/product\/60147\/revisions\/69280"}],"wp:featuredmedia":[{"embeddable":true,"href":"https:\/\/fmed.eu\/en\/wp-json\/wp\/v2\/media\/60148"}],"wp:attachment":[{"href":"https:\/\/fmed.eu\/en\/wp-json\/wp\/v2\/media?parent=60147"}],"wp:term":[{"taxonomy":"brand","embeddable":true,"href":"https:\/\/fmed.eu\/en\/wp-json\/wp\/v2\/etheme_brands?post=60147"},{"taxonomy":"product_brand","embeddable":true,"href":"https:\/\/fmed.eu\/en\/wp-json\/wp\/v2\/product_brand?post=60147"},{"taxonomy":"product_cat","embeddable":true,"href":"https:\/\/fmed.eu\/en\/wp-json\/wp\/v2\/product_cat?post=60147"},{"taxonomy":"product_tag","embeddable":true,"href":"https:\/\/fmed.eu\/en\/wp-json\/wp\/v2\/product_tag?post=60147"}],"curies":[{"name":"wp","href":"https:\/\/api.w.org\/{rel}","templated":true}]}}