{"id":60193,"date":"2021-12-10T10:27:32","date_gmt":"2021-12-10T08:27:32","guid":{"rendered":"https:\/\/fmed.eu\/product\/peptan-kolagen-v-tabletah-tip-1-3-vitamin-c\/"},"modified":"2026-02-03T11:27:09","modified_gmt":"2026-02-03T09:27:09","slug":"peptan-kolagen-v-tabletah-tip-1-3-vitamin-c","status":"publish","type":"product","link":"https:\/\/fmed.eu\/en\/product\/peptan-kolagen-v-tabletah-tip-1-3-vitamin-c\/","title":{"rendered":"Peptan\u00ae Kolagen v tabletah Tip 1 &amp; 3 z vitaminom C, Doctor&#8217;s Best, 1000mg, 180 tablet"},"content":{"rendered":"<p>Doctor&#8217;s Best Kolagen v tabletah tip 1 in 3<\/p>\n<p>Kaj je kolagen?<\/p>\n<p>Kolagen je pomembna in najpogostej\u0161a strukturna beljakovina \u010dlove\u0161kega telesa. Sestavlja ve\u010dino sklepnega tkiva. Sestavlja kar 25 do 35% vseh beljakovin v \u010dlove\u0161kem telesu. Kolagen sestavljajo posamezne aminokisline v obliki trojnega heliksa. Najve\u010d ga je v fibroznem tkivu kot so vezi, ligamenti in ko\u017ea.<\/p>\n<p>V odnosu z njegovo mineralizacijo obstaja v bolj ali manj trdnih oblikah. Kadar je zelo mineraliziran tvori trdne povezave kot so kosti in sklepi, kadar je manj mineralizirana pa kolagen tvori pro\u017ena tkiva kot so vezi in ko\u017ea. Veliko ga je tudi v o\u017eilju in \u010drevesju.<\/p>\n<p>Absorpcija kolagena<\/p>\n<p>Znanstveni dokazi potrjujejo, da se hidroliziran kolagen absorbira v obliki majhnih peptidov, kar pomeni, da ga telo pred absorpcijo ne razgradi, s tem pa je v telesu na voljo neposredno za vgrajevanje v ciljna tkiva.<\/p>\n<p>To je mogo\u010de le pri hidroliziranem kolagenu katerega molekulska masa je dovolj majhna, da lahko prehaja \u010drevesno steno v obliki intaktnih peptidov. Vsi ostali kolageni se razgradijo na posamezne aminokisline preden se lahko absorbirajo, s tem pa se izgubi glavna prednost kolagena.<\/p>\n<p>Dr&#8217;s Best vsebuje hidroliziran kolagen tipa 1 in 3<\/p>\n<p>Dr&#8217;s Best so \u010diste beljakovine hidroliziranega kolagena. Kolagen tipa 1 in 3 je encimatsko hidroliziran v posamezne peptidne komponente z majhno molekulsko maso za optimalno absorpcijo in uporabo v \u010dlove\u0161kem telesu.<\/p>\n<p>Dr. Feil v knjigi Premagajmo artrozo in bole\u010dine v sklepih<\/p>\n<p>Dr. Feil omenja kolagen tudi v svoji knjigi Premagajmo artrozo in bole\u010dine v sklepih na strani 76 in 77.<\/p>\n<p>Kolagen odli\u010dno deluje v kombinaciji z liposomskim vitaminom C in Borom .<\/p>\n","protected":false},"excerpt":{"rendered":"<p>Hidroliziran kolagen v tabletah je glavna beljakovina, ki sestavlja fibrozna tkiva kot so kosti, sklepi, vezi, ko\u017ea, lasje in nohti. Kot dodatek ga priporo\u010da tudi dr. Feil v njegovi knjigi Premagajmo artrozo in bole\u010dine v sklepih.<\/p>\n","protected":false},"featured_media":60194,"comment_status":"open","ping_status":"closed","template":"","meta":[],"etheme_brands":[{"term_id":4643,"name":"Doctor's Best","slug":"doctors-best","term_group":0,"term_taxonomy_id":4643,"taxonomy":"brand","description":"Doctor's Best je znamka, ki so jo leta 1990 ustanovili zdravniki. Podjetje ponuja ve\u010d kot 200 izdelkov, katerih ve\u010dina je narejenih iz sestavin lastne blagovne znamke. Podjetje se lahko pohvali z izdelki, ki jih odlikujejo standardi najvi\u0161je kakovosti.","parent":0,"count":32,"filter":"raw"}],"product_brand":[],"product_cat":[3715,3723,3716,3726],"product_tag":[5572,5579,5441,5442,5444,5526,5496,5455],"class_list":{"0":"post-60193","1":"product","2":"type-product","3":"status-publish","4":"has-post-thumbnail","6":"brand-doctors-best","7":"product_cat-ostalo","8":"product_cat-podpora-srca-in-ozilja","9":"product_cat-prebava-zelodec-crevesje","10":"product_cat-vnetja-kosti-in-sklepi","11":"product_tag-artroza","12":"product_tag-celulit","13":"product_tag-kosti","14":"product_tag-koza","15":"product_tag-lasje","16":"product_tag-nohti","17":"product_tag-ozilje","18":"product_tag-sklepi","20":"first","21":"instock","22":"taxable","23":"shipping-taxable","24":"purchasable","25":"product-type-simple"},"_links":{"self":[{"href":"https:\/\/fmed.eu\/en\/wp-json\/wp\/v2\/product\/60193","targetHints":{"allow":["GET"]}}],"collection":[{"href":"https:\/\/fmed.eu\/en\/wp-json\/wp\/v2\/product"}],"about":[{"href":"https:\/\/fmed.eu\/en\/wp-json\/wp\/v2\/types\/product"}],"replies":[{"embeddable":true,"href":"https:\/\/fmed.eu\/en\/wp-json\/wp\/v2\/comments?post=60193"}],"version-history":[{"count":1,"href":"https:\/\/fmed.eu\/en\/wp-json\/wp\/v2\/product\/60193\/revisions"}],"predecessor-version":[{"id":69277,"href":"https:\/\/fmed.eu\/en\/wp-json\/wp\/v2\/product\/60193\/revisions\/69277"}],"wp:featuredmedia":[{"embeddable":true,"href":"https:\/\/fmed.eu\/en\/wp-json\/wp\/v2\/media\/60194"}],"wp:attachment":[{"href":"https:\/\/fmed.eu\/en\/wp-json\/wp\/v2\/media?parent=60193"}],"wp:term":[{"taxonomy":"brand","embeddable":true,"href":"https:\/\/fmed.eu\/en\/wp-json\/wp\/v2\/etheme_brands?post=60193"},{"taxonomy":"product_brand","embeddable":true,"href":"https:\/\/fmed.eu\/en\/wp-json\/wp\/v2\/product_brand?post=60193"},{"taxonomy":"product_cat","embeddable":true,"href":"https:\/\/fmed.eu\/en\/wp-json\/wp\/v2\/product_cat?post=60193"},{"taxonomy":"product_tag","embeddable":true,"href":"https:\/\/fmed.eu\/en\/wp-json\/wp\/v2\/product_tag?post=60193"}],"curies":[{"name":"wp","href":"https:\/\/api.w.org\/{rel}","templated":true}]}}