{"id":60207,"date":"2021-12-13T14:52:27","date_gmt":"2021-12-13T14:52:27","guid":{"rendered":"https:\/\/fmed.eu\/product\/optimizator-spanja-sleep-optimizer\/"},"modified":"2025-04-22T13:04:59","modified_gmt":"2025-04-22T11:04:59","slug":"optimizator-spanja-sleep-optimizer","status":"publish","type":"product","link":"https:\/\/fmed.eu\/en\/product\/optimizator-spanja-sleep-optimizer\/","title":{"rendered":"Jarrow Formulas, Sleep Optimizer, Optimizator spanja, 60 kapsul"},"content":{"rendered":"<p>Optimizator spanja (Sleep optimizer), Jarrow Formulas, 60 kapsul<\/p>\n<p>\u010ce ste eden mnogih, ki imajo redno ali ob\u010dasno te\u017eave s spanjem , potem je Optimizator spanja pravi izdelek za vas.<\/p>\n<p>Bodisi te\u017eko zaspite ali se pono\u010di pogosto prebujate , veseli boste te re\u0161itve, ki ne vsebuje nobenih sestavin, od katerih bi lahko postali odvisni (kot zdravila za spanje). Optimizator spanja ne povzro\u010da odvisnosti in prav tako ne izgublja svojega u\u010dinka pri dolgoro\u010dnem jemanju.<\/p>\n<p>Izbolj\u0161ajte svoj spanec brez nevarnih u\u010dinkovin in potencialnih stranskih u\u010dinkov.<\/p>\n<p>Optimizator spanja je inovativna formula v obliki kapsul, ki zagotavlja u\u010dinkovito in hitro absorpcijo najbolj\u0161ih hranil, ki pomagajo pri kvalitetnem spancu. Uporabljajte Optimizator spanja za:<\/p>\n<p>pove\u010danje ob\u010dutka zaspanosti,<\/p>\n<p>pomiritev va\u0161ih mo\u017eganov in misli,<\/p>\n<p>zaspite hitreje,<\/p>\n<p>izbolj\u0161ajte kvaliteto spanca nasploh,<\/p>\n<p>pove\u010dajte budnost zjutraj,<\/p>\n<p>zmanj\u0161ajte utrujenost \u010dez dan.<\/p>\n<p>Zdrav cikel spanja \u2013 Optimizator spanja zdru\u017euje zeli\u0161\u010da in aminokisline, ki skupaj olaj\u0161ajo zaspanje in vzdr\u017eujejo reden cikel spanja. Ta formula obravnava vse vidike spanja, vklju\u010dno s sprostitvijo, latenco in biolo\u0161ko uro.<\/p>\n<p>Spodbuja sprostitev \u2013 formula vsebuje gama-aminobutirno kislino (GABA), meliso in L-triptofan, ki spodbujajo sprostitev.<\/p>\n<p>Zmanj\u0161ana zakasnitev spanja \u2013 baldrijan in hmelj sta povezana z zmanj\u0161anjem latence (zakasnitev pred vstopom v spanje). Formula vklju\u010duje tudi mo\u017eganske glasnike in predhodnike, vklju\u010dno z melatoninom, ki nastavi uro spanja in budnosti in signalizira vstop v spanje.<\/p>\n<p>Zelenjavne kapice \u2013 Vzemite dve zelenjavni kapsuli pred spanjem ali po navodilih va\u0161ega usposobljenega zdravstvenega delavca.<br \/>\nVrhunska prehrana in formulacija \u2013 Cilj Jarrow Formulas je spodbujanje optimalnega zdravja z visokokakovostnimi, u\u010dinkovitimi, cenovno dostopnimi in vrhunskimi formulami prehranskih dopolnil. Na\u0161im strankam lahko zagotovimo \u010distost, vrednost in mo\u010d.<\/p>\n","protected":false},"excerpt":{"rendered":"<p>Posebna formula za izbolj\u0161anje spanja, ki ne ustvarja odvisnosti. Globok in krep\u010dilen spanec s to izjemno u\u010dinkovito formulo.<\/p>\n","protected":false},"featured_media":60208,"comment_status":"open","ping_status":"closed","template":"","meta":[],"etheme_brands":[{"term_id":4642,"name":"Jarrow Formulas","slug":"jarrow-formulas","term_group":0,"term_taxonomy_id":4642,"taxonomy":"brand","description":"Jarrow Formulas (podjetje s sede\u017eem v ameri\u0161kem Los Angelesu) je snovalec in dobavitelj vrhunskih prehranskih dopolnil. Podjetje je bilo ustanovljeno leta 1977. Celotna linija Jarrow Formulas zajema vitamine, minerale, probiotike, standardizirane zeli\u0161\u010dne koncentrate, aminokisline in encime.\r\nPodjetje tudi financira raziskovalne \u0161tudije o pomembnosti prehranskih izdelkov, kot je denimo CoQ10. Cilj podjetja je namre\u010d spodbujati optimalno zdravje s prehranskimi dopolnili visoke kakovosti, u\u010dinkovitosti, dostopnosti in v vrhunskih oblikah.","parent":0,"count":36,"filter":"raw"}],"product_brand":[],"product_cat":[5384,3735],"product_tag":[5748,5749,5750,5464],"class_list":{"0":"post-60207","1":"product","2":"type-product","3":"status-publish","4":"has-post-thumbnail","6":"brand-jarrow-formulas","7":"product_cat-obvladovanje-stresa","8":"product_cat-spanje-insomnia","9":"product_tag-insomnija","10":"product_tag-melatonin","11":"product_tag-nespecnost","12":"product_tag-spanje","14":"first","15":"outofstock","16":"taxable","17":"shipping-taxable","18":"purchasable","19":"product-type-simple"},"_links":{"self":[{"href":"https:\/\/fmed.eu\/en\/wp-json\/wp\/v2\/product\/60207","targetHints":{"allow":["GET"]}}],"collection":[{"href":"https:\/\/fmed.eu\/en\/wp-json\/wp\/v2\/product"}],"about":[{"href":"https:\/\/fmed.eu\/en\/wp-json\/wp\/v2\/types\/product"}],"replies":[{"embeddable":true,"href":"https:\/\/fmed.eu\/en\/wp-json\/wp\/v2\/comments?post=60207"}],"version-history":[{"count":1,"href":"https:\/\/fmed.eu\/en\/wp-json\/wp\/v2\/product\/60207\/revisions"}],"predecessor-version":[{"id":69276,"href":"https:\/\/fmed.eu\/en\/wp-json\/wp\/v2\/product\/60207\/revisions\/69276"}],"wp:featuredmedia":[{"embeddable":true,"href":"https:\/\/fmed.eu\/en\/wp-json\/wp\/v2\/media\/60208"}],"wp:attachment":[{"href":"https:\/\/fmed.eu\/en\/wp-json\/wp\/v2\/media?parent=60207"}],"wp:term":[{"taxonomy":"brand","embeddable":true,"href":"https:\/\/fmed.eu\/en\/wp-json\/wp\/v2\/etheme_brands?post=60207"},{"taxonomy":"product_brand","embeddable":true,"href":"https:\/\/fmed.eu\/en\/wp-json\/wp\/v2\/product_brand?post=60207"},{"taxonomy":"product_cat","embeddable":true,"href":"https:\/\/fmed.eu\/en\/wp-json\/wp\/v2\/product_cat?post=60207"},{"taxonomy":"product_tag","embeddable":true,"href":"https:\/\/fmed.eu\/en\/wp-json\/wp\/v2\/product_tag?post=60207"}],"curies":[{"name":"wp","href":"https:\/\/api.w.org\/{rel}","templated":true}]}}