{"id":60255,"date":"2021-12-14T16:04:27","date_gmt":"2021-12-14T16:04:27","guid":{"rendered":"https:\/\/fmed.eu\/product\/n-acetil-cistein-nac-now-foods\/"},"modified":"2026-03-16T12:48:57","modified_gmt":"2026-03-16T10:48:57","slug":"n-acetil-cistein-nac-now-foods","status":"publish","type":"product","link":"https:\/\/fmed.eu\/en\/product\/n-acetil-cistein-nac-now-foods\/","title":{"rendered":"Now Foods, NAC"},"content":{"rendered":"<p>Now Foods N-A-C<\/p>\n<p>NAC ali n-acetil cistein je eden od gradnikov glutationa. Na\u0161li ga boste tudi pod nazivi acetilcistein (Acetylcysteine) ali N-acetylcysteine. NAC je dobro poznano prehransko dopolnilo z mo\u010dnimi u\u010dinki za metabolizem. V medicini ga celo uporabljajo kot zdravilo proti zastrupitvam jeter s paracetamolom (protibole\u010dinske tablete). V medicini ga uporabljajo tudi za sprostitev zadebeljenih sluznic. Prav zato je pogosta sestavina pripravkov proti gripi in prehladu.<\/p>\n<p>Acetilcistein je bil patentiran \u017ee davnega leta 1960 in je odobren za uporabo od leta 1968. Je na listi esencialnih zdravil Svetovne organizacije za zdravje in sodi med ene najbolj u\u010dinkovitih in varnih zdravil.<\/p>\n<p>Kot prehransko dopolnilo je na voljo v manj\u0161ih koncentracijah in ni namenjen zdravljenju.<\/p>\n<p>Zelo koristen je lahko za zmanj\u0161evanje simptomov \u00bbma\u010dka\u00ab. Alkohol povzro\u010da ve\u010dje potrebe po razstrupljanju s tem pa tudi ve\u010dje potrebe po glutationu in acetil cisteinu. Koristen je lahko tudi pri kroni\u010dnem alkoholizmu.<\/p>\n<p>Zanimiva je tudi povezava med pomanjkanjem NAC in dovzetnostjo za odvisnosti (droge, nikotin, alkohol). Pomanjkanje lahko namre\u010d zmanj\u0161a izra\u017eenost EAAT2 receptorjev v NAcc, kar je povezano z odvisnostmi.<\/p>\n","protected":false},"excerpt":{"rendered":"<p>N-acetil cistein je celo tako mo\u010dan, da ga uporabljajo v medicini kot zdravilo. Pomaga sprostiti sluznice pri gripi in prehladu ter pomaga pri razstrupljanju.<\/p>\n","protected":false},"featured_media":60234,"comment_status":"open","ping_status":"closed","template":"","meta":[],"etheme_brands":[{"term_id":4646,"name":"Now Foods","slug":"now-foods","term_group":0,"term_taxonomy_id":4646,"taxonomy":"brand","description":"Now Foods je dru\u017einsko podjetje, ki je nastalo leta 1968. V podjetju prisegajo na naravne in organske proizvode, kar je uslu\u017ebencem in znamki sami prineslo \u0161tevilne nagrade in priznanja. Osrednji moto podjetja je proizvajati visokokakovostne izdelke, ki so strankam cenovno dostopni.","parent":0,"count":33,"filter":"raw"}],"product_brand":[],"product_cat":[3722,3733,3759,3756,3724],"product_tag":[5471,5440,5498,5451,5503,5445,5618,5458],"class_list":{"0":"post-60255","1":"product","2":"type-product","3":"status-publish","4":"has-post-thumbnail","6":"brand-now-foods","7":"product_cat-antioksidanti","8":"product_cat-imunski-sistem","9":"product_cat-pljuca-dihala","10":"product_cat-prehladna-obolenja","11":"product_cat-razstrupljanje-in-jetra","12":"product_tag-antioksidant","13":"product_tag-glutation","14":"product_tag-gripa","15":"product_tag-jetra","16":"product_tag-prehlad","17":"product_tag-razstrupljanje","18":"product_tag-sinusi","19":"product_tag-sluznica","21":"first","22":"outofstock","23":"taxable","24":"shipping-taxable","25":"purchasable","26":"product-type-variable"},"_links":{"self":[{"href":"https:\/\/fmed.eu\/en\/wp-json\/wp\/v2\/product\/60255","targetHints":{"allow":["GET"]}}],"collection":[{"href":"https:\/\/fmed.eu\/en\/wp-json\/wp\/v2\/product"}],"about":[{"href":"https:\/\/fmed.eu\/en\/wp-json\/wp\/v2\/types\/product"}],"replies":[{"embeddable":true,"href":"https:\/\/fmed.eu\/en\/wp-json\/wp\/v2\/comments?post=60255"}],"version-history":[{"count":1,"href":"https:\/\/fmed.eu\/en\/wp-json\/wp\/v2\/product\/60255\/revisions"}],"predecessor-version":[{"id":69274,"href":"https:\/\/fmed.eu\/en\/wp-json\/wp\/v2\/product\/60255\/revisions\/69274"}],"wp:featuredmedia":[{"embeddable":true,"href":"https:\/\/fmed.eu\/en\/wp-json\/wp\/v2\/media\/60234"}],"wp:attachment":[{"href":"https:\/\/fmed.eu\/en\/wp-json\/wp\/v2\/media?parent=60255"}],"wp:term":[{"taxonomy":"brand","embeddable":true,"href":"https:\/\/fmed.eu\/en\/wp-json\/wp\/v2\/etheme_brands?post=60255"},{"taxonomy":"product_brand","embeddable":true,"href":"https:\/\/fmed.eu\/en\/wp-json\/wp\/v2\/product_brand?post=60255"},{"taxonomy":"product_cat","embeddable":true,"href":"https:\/\/fmed.eu\/en\/wp-json\/wp\/v2\/product_cat?post=60255"},{"taxonomy":"product_tag","embeddable":true,"href":"https:\/\/fmed.eu\/en\/wp-json\/wp\/v2\/product_tag?post=60255"}],"curies":[{"name":"wp","href":"https:\/\/api.w.org\/{rel}","templated":true}]}}