{"id":60303,"date":"2021-12-22T12:29:10","date_gmt":"2021-12-22T12:29:10","guid":{"rendered":"https:\/\/fmed.eu\/product\/magnezijev-treonat-v-kapsulah-neuro-mag-lifeextension\/"},"modified":"2026-03-18T19:55:56","modified_gmt":"2026-03-18T17:55:56","slug":"magnezijev-treonat-v-kapsulah-neuro-mag-lifeextension","status":"publish","type":"product","link":"https:\/\/fmed.eu\/en\/product\/magnezijev-treonat-v-kapsulah-neuro-mag-lifeextension\/","title":{"rendered":"LifeExtension, Neuro-Mag Magnezijev treonat v kapsulah, 2000mg 90 kapsul"},"content":{"rendered":"<p>LifeExtension Neuro-Mag \u00ae Magnezijev L-treonat v kapsulah<\/p>\n<p>Magnezijev treonat, je trenutno verjetno najkvalitetnej\u0161a oblika magnezija. Poznate ga pod ve\u010d imeni kot je Magtein, MagMind ali Neuro-Mag. Pri vseh imenih gre za isto, izredno kvalitetno obliko magnezija.<\/p>\n<p>LifeExtension Neuro-Mag je zasnovan za izbolj\u0161anje spomina ter kognitivnih procesov telesa.<\/p>\n<p>Njegova specifi\u010dna lastnost je, da prosto prehaja mo\u017egansko opno, kar pomeni, da lahko vpliva nepostredno na \u017eiv\u010dno tkivo v mo\u017eganih. Pri\u010dakujete lahko mo\u010dnej\u0161e in hitrej\u0161e delovanje specifi\u010dno na mo\u017egane, psiholo\u0161ko zdravje. Z vplivom na \u017eiv\u010dni sistem odli\u010dno deluje tudi proti glavobolom.<\/p>\n<p>Dodatno tudi ne dra\u017ei \u010drevesja saj se absorbira se v 90% ali ve\u010d, zato ga potrebujete manj kot navadnega magnezija (absorpcija magnezijevega oksida, ki se najpogostej\u0161a oblika magnezija v dopolnilnih je manj\u0161a do 10%).<\/p>\n<p>Magnezij je eden najpomembnej\u0161ih mineralov v \u010dlove\u0161kem telesu saj je od njega odvisnih pribli\u017eno 400 metabolnih procesov. Ker ga je v zemlji in s tem prehrani vse manj, so pomanjkanja pogosta, s tem pa sodi med najbolj u\u010dinkovita in za\u017eelena prehranska dopolnila.<\/p>\n<p>Magnezij je verjetno eden redkih dopolnil, ki se ga spla\u010da nadome\u0161\u010dati neprestano saj telo potrebuje velike koli\u010dine, ki jih je iz hrane vse te\u017eje pridobiti. \u0160e posebej so v nevarnosti pomanjkanja:<\/p>\n<p>starej\u0161i (preko 80% bolnikov starej\u0161ih od 60 let ima pomanjkanje magnezija) in<\/p>\n<p>\u0161portniki<\/p>\n<p>Zakaj so med magneziji tako velike razlike?<\/p>\n<p>Magneziji prihajajo v razli\u010dnih oblika, ki se med seboj mo\u010dno razlikujejo. Magnezij je zelo nestabilna molekula, zato je v naravi (in tudi hrani ter dopolnilih) zmeraj vezan \u0161e na nosilni element. Od tega nosilnega elementa je odvisno kako se bo magnezij v na\u0161em telesu absorbiral.<\/p>\n<p>Magnezij kot elektrolit vpliva na osmoti\u010dni pritisk zato ga na\u0161e telo v \u010drevesju ne \u017eeli veliko. Kadar je magnezija v \u010drevesju preve\u010d, ga bo telo zalilo z vodo, da ga \u010dim prej izplakne in rezultat je mehkej\u0161e blato ali celo driska. Iz te iritacije \u010drevesja izhaja odvajalni u\u010dinek magnezija.<\/p>\n<p>Vezava na razli\u010dne elemente ustvarja razli\u010dno velike molekule (in posledi\u010dno tudi razli\u010dno velike tablete). Kot prvo velja torej, da v eni malo tabletki ne morete dobiti zadostno dnevno koli\u010dino magnezija (ali pa je ta slabe kvalitete in se ne bo absorbiral).<\/p>\n<p>Kadar so molekule majhne (kot na primer pri oksidu, kloridu, sulfatu) je absorpcija praviloma zelo slaba (okrog 10%). Velike molekule (npr. glicinat, bisglicinat, tav<\/p>\n","protected":false},"excerpt":{"rendered":"<p>Magnezijev treonat je trenutno najbolj\u0161a oblika magnezija, ki prosto prehaja mo\u017egansko opno in odli\u010dno deluje proti glavobolu, nespe\u010dnosti in depresiji.<\/p>\n","protected":false},"featured_media":60304,"comment_status":"open","ping_status":"closed","template":"","meta":[],"etheme_brands":[{"term_id":4696,"name":"LifeExtension","slug":"lifeextension","term_group":0,"term_taxonomy_id":4696,"taxonomy":"brand","description":"LifeExtenstion je podjetje, ki polaga posebno pozornost na kvaliteto. Osredoto\u010deni so na dva posebna podro\u010dja:\r\n\r\nSurovine: Za razliko od drugih proizvajalcev, sestavine, ki gredo v njihove izdelke, niso izbrane na podlagi stro\u0161kov. Namesto tega so izbrane na podlagi \u010distosti, u\u010dinkovitosti in dokazov iz znanstvenih raziskav.\r\n\r\nPotrjevanje u\u010dinkovitosti u\u010dinkovin z znanstvenimi raziskavami: Uporabljajo sestavine in odmerke, ki natan\u010dno posnemajo najuspe\u0161nej\u0161e rezultate, pridobljene v znanstvenih \u0161tudijah, za najve\u010djo u\u010dinkovitost.","parent":0,"count":12,"filter":"raw"}],"product_brand":[],"product_cat":[3722,3732,3738,3875,5384,3723,3735,3736,3740,3725],"product_tag":[5518,5461,5462,5519,5493,5463,5436,5464,5465,5466,5467],"class_list":{"0":"post-60303","1":"product","2":"type-product","3":"status-publish","4":"has-post-thumbnail","6":"brand-lifeextension","7":"product_cat-antioksidanti","8":"product_cat-energija-in-motivacija","9":"product_cat-magnezij","10":"product_cat-novo-v-ponudbi","11":"product_cat-obvladovanje-stresa","12":"product_cat-podpora-srca-in-ozilja","13":"product_cat-spanje-insomnia","14":"product_cat-spomin-in-zdravje-mozganov","15":"product_cat-uravnavanje-krvnega-sladkorja","16":"product_cat-vitamini-in-minerali","17":"product_tag-glavobol","18":"product_tag-krci","19":"product_tag-krvni-sladkor","20":"product_tag-migrena","21":"product_tag-mozgani","22":"product_tag-pms","23":"product_tag-prebava","24":"product_tag-spanje","25":"product_tag-sproscanje","26":"product_tag-umirjanje","27":"product_tag-utrujenost","29":"first","30":"instock","31":"taxable","32":"shipping-taxable","33":"purchasable","34":"product-type-simple"},"_links":{"self":[{"href":"https:\/\/fmed.eu\/en\/wp-json\/wp\/v2\/product\/60303","targetHints":{"allow":["GET"]}}],"collection":[{"href":"https:\/\/fmed.eu\/en\/wp-json\/wp\/v2\/product"}],"about":[{"href":"https:\/\/fmed.eu\/en\/wp-json\/wp\/v2\/types\/product"}],"replies":[{"embeddable":true,"href":"https:\/\/fmed.eu\/en\/wp-json\/wp\/v2\/comments?post=60303"}],"version-history":[{"count":1,"href":"https:\/\/fmed.eu\/en\/wp-json\/wp\/v2\/product\/60303\/revisions"}],"predecessor-version":[{"id":69269,"href":"https:\/\/fmed.eu\/en\/wp-json\/wp\/v2\/product\/60303\/revisions\/69269"}],"wp:featuredmedia":[{"embeddable":true,"href":"https:\/\/fmed.eu\/en\/wp-json\/wp\/v2\/media\/60304"}],"wp:attachment":[{"href":"https:\/\/fmed.eu\/en\/wp-json\/wp\/v2\/media?parent=60303"}],"wp:term":[{"taxonomy":"brand","embeddable":true,"href":"https:\/\/fmed.eu\/en\/wp-json\/wp\/v2\/etheme_brands?post=60303"},{"taxonomy":"product_brand","embeddable":true,"href":"https:\/\/fmed.eu\/en\/wp-json\/wp\/v2\/product_brand?post=60303"},{"taxonomy":"product_cat","embeddable":true,"href":"https:\/\/fmed.eu\/en\/wp-json\/wp\/v2\/product_cat?post=60303"},{"taxonomy":"product_tag","embeddable":true,"href":"https:\/\/fmed.eu\/en\/wp-json\/wp\/v2\/product_tag?post=60303"}],"curies":[{"name":"wp","href":"https:\/\/api.w.org\/{rel}","templated":true}]}}