{"id":60683,"date":"2022-04-01T07:08:56","date_gmt":"2022-04-01T07:08:56","guid":{"rendered":"https:\/\/fmed.eu\/product\/bor-complex-natures-way\/"},"modified":"2025-04-22T13:04:54","modified_gmt":"2025-04-22T11:04:54","slug":"bor-complex-natures-way","status":"publish","type":"product","link":"https:\/\/fmed.eu\/en\/product\/bor-complex-natures-way\/","title":{"rendered":"Bor Complex, Nature&#8217;s Way, 100 kapsul"},"content":{"rendered":"<p>Nature&#8217;s Way Bor<\/p>\n<p>Bor je mineral, ki je potreben za pretvorbo vitamina D v aktivno obliko. Sodeluje tesno v povezavi s kalcijem.<\/p>\n<p>Kak\u0161na je optimalna koli\u010dina bora \u0161e ni znano, priporo\u010dena zau\u017eita koli\u010dina zna\u0161a 3 &#8211; 5mg dnevno s hrano.<\/p>\n<p>Now bor v vsaki kapsuli vsebuje kar 3mg bora\u00a0 za najbolj\u0161o absorpcijo in izkoristek. V kapsulah se nahaja<\/p>\n<p>Bor (kot borov aspartat, ri\u017eeve beljakovine, kompleks citronske kisline)<\/p>\n","protected":false},"excerpt":{"rendered":"<p>Now bor vsebuje\u00a0 obliko minerala bora v sledovih..<\/p>\n","protected":false},"featured_media":60684,"comment_status":"open","ping_status":"closed","template":"","meta":[],"etheme_brands":[{"term_id":4653,"name":"Nature's Way","slug":"natures-way","term_group":0,"term_taxonomy_id":4653,"taxonomy":"brand","description":"Podjetje je nastalo na podlagi ideje Toma Murdocka, leta 1968. Gospod je namre\u010d iskal na\u010din, kako izbolj\u0161ati zdravje \u017eene. Ko ga je konvencionalna medicina pustila na cedilu, se je zatekel k tradicionalnemu zdravljenju ameri\u0161kih domorodcev. Njihovo zdravljenje temelji na zdravilni mo\u010di rastlin. Iz tega je nastalo podjetje, ki se danes trudi iskati idealno pot med naravo in sodobno znanostjo.","parent":0,"count":12,"filter":"raw"}],"product_brand":[],"product_cat":[3725,3726],"product_tag":[5520,5572,5521,5441,5558,5573,5560,5545,5455],"class_list":{"0":"post-60683","1":"product","2":"type-product","3":"status-publish","4":"has-post-thumbnail","6":"brand-natures-way","7":"product_cat-vitamini-in-minerali","8":"product_cat-vnetja-kosti-in-sklepi","9":"product_tag-artritis","10":"product_tag-artroza","11":"product_tag-bolecine","12":"product_tag-kosti","13":"product_tag-kriz","14":"product_tag-obraba-sklepov","15":"product_tag-osteoporoza","16":"product_tag-prostata","17":"product_tag-sklepi","19":"first","20":"outofstock","21":"taxable","22":"shipping-taxable","23":"purchasable","24":"product-type-simple"},"_links":{"self":[{"href":"https:\/\/fmed.eu\/en\/wp-json\/wp\/v2\/product\/60683","targetHints":{"allow":["GET"]}}],"collection":[{"href":"https:\/\/fmed.eu\/en\/wp-json\/wp\/v2\/product"}],"about":[{"href":"https:\/\/fmed.eu\/en\/wp-json\/wp\/v2\/types\/product"}],"replies":[{"embeddable":true,"href":"https:\/\/fmed.eu\/en\/wp-json\/wp\/v2\/comments?post=60683"}],"version-history":[{"count":1,"href":"https:\/\/fmed.eu\/en\/wp-json\/wp\/v2\/product\/60683\/revisions"}],"predecessor-version":[{"id":69251,"href":"https:\/\/fmed.eu\/en\/wp-json\/wp\/v2\/product\/60683\/revisions\/69251"}],"wp:featuredmedia":[{"embeddable":true,"href":"https:\/\/fmed.eu\/en\/wp-json\/wp\/v2\/media\/60684"}],"wp:attachment":[{"href":"https:\/\/fmed.eu\/en\/wp-json\/wp\/v2\/media?parent=60683"}],"wp:term":[{"taxonomy":"brand","embeddable":true,"href":"https:\/\/fmed.eu\/en\/wp-json\/wp\/v2\/etheme_brands?post=60683"},{"taxonomy":"product_brand","embeddable":true,"href":"https:\/\/fmed.eu\/en\/wp-json\/wp\/v2\/product_brand?post=60683"},{"taxonomy":"product_cat","embeddable":true,"href":"https:\/\/fmed.eu\/en\/wp-json\/wp\/v2\/product_cat?post=60683"},{"taxonomy":"product_tag","embeddable":true,"href":"https:\/\/fmed.eu\/en\/wp-json\/wp\/v2\/product_tag?post=60683"}],"curies":[{"name":"wp","href":"https:\/\/api.w.org\/{rel}","templated":true}]}}