{"id":60757,"date":"2022-09-09T08:22:16","date_gmt":"2022-09-09T08:22:16","guid":{"rendered":"https:\/\/fmed.eu\/product\/alpha-gpc-300-mg-z-biolosko-razpolozljivim-virom-holina-now-foods\/"},"modified":"2025-04-22T13:04:53","modified_gmt":"2025-04-22T11:04:53","slug":"alpha-gpc-300-mg-z-biolosko-razpolozljivim-virom-holina-now-foods","status":"publish","type":"product","link":"https:\/\/fmed.eu\/en\/product\/alpha-gpc-300-mg-z-biolosko-razpolozljivim-virom-holina-now-foods\/","title":{"rendered":"Alpha GPC 300 mg z biolo\u0161ko razpolo\u017eljivim virom holina, NOW Foods, 60 kapsul"},"content":{"rendered":"<p>Alpha GPC 300 mg z biolo\u0161ko razpolo\u017eljivim virom holina, NOW Foods<\/p>\n<p>BIOLO\u0160KO RAZPOLO\u017dLJIV VIR HOLIN: 600 mg Alpha GPC na porcijo<br \/>\nOpomba za izdelek: Izpostavljenost vro\u010dini ali son\u010dni svetlobi lahko povzro\u010di taljenje\/po\u0161kodbo izdelka. Zato se od strank pri\u010dakuje, da so na voljo med dostavo izdelka<\/p>\n<p>PODPIRA DU\u0160EVNO OSTRINO*: Spodbuja normalno kognitivno funkcijo*<\/p>\n<p>CERTIFIKATI\/KLASIFIKACIJE: brez mleka, brez jajc, brez glutena, brez ore\u0161\u010dkov, vegansko<br \/>\nZagotovljena kakovost GMP: Certifikat GMP z oceno NPA A pomeni, da je bil pregledan vsak vidik proizvodnega procesa NOW, vklju\u010dno z na\u0161imi laboratorijskimi\/testnimi metodami (za stabilnost, mo\u010d in formulacijo izdelka)<\/p>\n<p>Kognitivna podpora<\/p>\n<p>Biorazpolo\u017eljiv vir holina<\/p>\n<p>Podpira mentalno ostrino<\/p>\n<p>Prehransko dopolnilo<\/p>\n<p>Vegetarijansko\/vegansko<\/p>\n<p>V dru\u017einski lasti od leta 1968<\/p>\n<p>Zagotovljena kakovost GMP<\/p>\n<p>Alpha GPC je naravni fiziolo\u0161ki predhodnik acetilholina, nevrotransmiterja, ki sodeluje pri spominu in drugih kognitivnih funkcijah. Alpha GPC je biolo\u0161ko bolj razpolo\u017eljiv kot druge oblike holina in znano je, da prehaja krvno-mo\u017egansko pregrado. V mo\u017eganih in drugih \u017eiv\u010dnih tkivih Alpha GPC postane sestavni del celi\u010dnih membran. Klini\u010dne \u0161tudije so pokazale, da lahko dodatki Alpha GPC pove\u010dajo mo\u017egansko sintezo acetilholina. Na ta na\u010din pomaga podpirati normalno kognitivno funkcijo in mentalno ostrino.<\/p>\n","protected":false},"excerpt":{"rendered":"<p>Alpha GPC je naravni fiziolo\u0161ki predhodnik acetilholina, nevrotransmiterja, ki sodeluje pri spominu in drugih kognitivnih funkcijah. Alpha GPC je biolo\u0161ko bolj razpolo\u017eljiv kot druge oblike holina in znano je, da prehaja krvno-mo\u017egansko pregrado.<\/p>\n","protected":false},"featured_media":60758,"comment_status":"open","ping_status":"closed","template":"","meta":[],"etheme_brands":[{"term_id":4646,"name":"Now Foods","slug":"now-foods","term_group":0,"term_taxonomy_id":4646,"taxonomy":"brand","description":"Now Foods je dru\u017einsko podjetje, ki je nastalo leta 1968. V podjetju prisegajo na naravne in organske proizvode, kar je uslu\u017ebencem in znamki sami prineslo \u0161tevilne nagrade in priznanja. Osrednji moto podjetja je proizvajati visokokakovostne izdelke, ki so strankam cenovno dostopni.","parent":0,"count":33,"filter":"raw"}],"product_brand":[],"product_cat":[3875,3723,3724,3736],"product_tag":[5540,5514,5451,5492,5583,5493,5584,5445,5527],"class_list":{"0":"post-60757","1":"product","2":"type-product","3":"status-publish","4":"has-post-thumbnail","6":"brand-now-foods","7":"product_cat-novo-v-ponudbi","8":"product_cat-podpora-srca-in-ozilja","9":"product_cat-razstrupljanje-in-jetra","10":"product_cat-spomin-in-zdravje-mozganov","11":"product_tag-holesterol","12":"product_tag-homocistein","13":"product_tag-jetra","14":"product_tag-koncentracija","15":"product_tag-mascobe","16":"product_tag-mozgani","17":"product_tag-nootropik","18":"product_tag-razstrupljanje","19":"product_tag-spomin","21":"first","22":"outofstock","23":"taxable","24":"shipping-taxable","25":"purchasable","26":"product-type-simple"},"_links":{"self":[{"href":"https:\/\/fmed.eu\/en\/wp-json\/wp\/v2\/product\/60757","targetHints":{"allow":["GET"]}}],"collection":[{"href":"https:\/\/fmed.eu\/en\/wp-json\/wp\/v2\/product"}],"about":[{"href":"https:\/\/fmed.eu\/en\/wp-json\/wp\/v2\/types\/product"}],"replies":[{"embeddable":true,"href":"https:\/\/fmed.eu\/en\/wp-json\/wp\/v2\/comments?post=60757"}],"version-history":[{"count":1,"href":"https:\/\/fmed.eu\/en\/wp-json\/wp\/v2\/product\/60757\/revisions"}],"predecessor-version":[{"id":69246,"href":"https:\/\/fmed.eu\/en\/wp-json\/wp\/v2\/product\/60757\/revisions\/69246"}],"wp:featuredmedia":[{"embeddable":true,"href":"https:\/\/fmed.eu\/en\/wp-json\/wp\/v2\/media\/60758"}],"wp:attachment":[{"href":"https:\/\/fmed.eu\/en\/wp-json\/wp\/v2\/media?parent=60757"}],"wp:term":[{"taxonomy":"brand","embeddable":true,"href":"https:\/\/fmed.eu\/en\/wp-json\/wp\/v2\/etheme_brands?post=60757"},{"taxonomy":"product_brand","embeddable":true,"href":"https:\/\/fmed.eu\/en\/wp-json\/wp\/v2\/product_brand?post=60757"},{"taxonomy":"product_cat","embeddable":true,"href":"https:\/\/fmed.eu\/en\/wp-json\/wp\/v2\/product_cat?post=60757"},{"taxonomy":"product_tag","embeddable":true,"href":"https:\/\/fmed.eu\/en\/wp-json\/wp\/v2\/product_tag?post=60757"}],"curies":[{"name":"wp","href":"https:\/\/api.w.org\/{rel}","templated":true}]}}