{"id":60771,"date":"2022-09-27T05:47:39","date_gmt":"2022-09-27T05:47:39","guid":{"rendered":"https:\/\/fmed.eu\/product\/naravni-ojacevalci-mozganov-doctors-best\/"},"modified":"2025-04-22T13:04:53","modified_gmt":"2025-04-22T11:04:53","slug":"naravni-ojacevalci-mozganov-doctors-best","status":"publish","type":"product","link":"https:\/\/fmed.eu\/en\/product\/naravni-ojacevalci-mozganov-doctors-best\/","title":{"rendered":"Doctor&#8217;s Best, Natural Brain Enhancers, Naravni Oja\u010devalci Mo\u017eganov, 60 kapsul"},"content":{"rendered":"<p>Doctor&#8217;s Best Natural Brain Enhancers<\/p>\n<p>Hranila, ki so bila intenzivno raziskana glede njihovih koristi za razli\u010dne funkcije \u010dlove\u0161kih mo\u017eganov<br \/>\nAlphaSize je blagovna znamka za sestavino GlyceroPhosphoCholine (GPC), ki dose\u017ee zelo visoke koncentracije v celicah.<br \/>\nSerinAid je blagovna znamka za sestavino PhosphatidylSerine (PS), ki je gradnik celi\u010dnih membran, ki proizvajajo mo\u017egansko energijo in elektriko.<br \/>\nBrez glutena, brez GSO, vegansko<br \/>\nSlike etiket se lahko razlikujejo<\/p>\n<p>Znanstveno utemeljena prehrana\u2122<br \/>\nPrehransko dopolnilo<br \/>\nVegansko \/ brez GSO \/ brez glutena<br \/>\nPomaga podpirati spomin in pozornost<br \/>\nDoctor&#8217;s Best Natural Brain Enhancers vsebuje GlyceroPhosphoCholine (GPC) od AlphaSize\u00ae in PhosphatidylSerine (PS) od SerinAid\u00ae. Obe sta fosfolipidni hranili, ki ju intenzivno raziskujejo glede koristi za razli\u010dne funkcije \u010dlove\u0161kih mo\u017eganov. Ta hranila se med seboj naravno dopolnjujejo: GPC dose\u017ee zelo visoke koncentracije v celicah, medtem ko je PS del celi\u010dne strukture in je klju\u010den pri vzdr\u017eevanju celi\u010dne funkcije, zlasti v mo\u017eganih, kjer ustvarja mo\u017egansko energijo in elektriko. \u0160tudije so pokazale, da GPC in PS podpirata spomin, u\u010denje in druge kognitivne funkcije. PS lahko telesu pomaga tudi pri obvladovanju ob\u010dasnega stresa.<\/p>\n<p>Pomaga podpirati pozornost, u\u010denje, spomin in druge kognitivne funkcije<br \/>\nPomaga mo\u017eganom in telesu pri obvladovanju ob\u010dasnega stresa<br \/>\nPomaga podpirati vzdr\u017eevanje celi\u010dne funkcije in obnovo mo\u017eganskega kroga<\/p>\n","protected":false},"excerpt":{"rendered":"<p>Dolgo\u017eivost in zdravje srca ter o\u017eilja.<\/p>\n","protected":false},"featured_media":60772,"comment_status":"open","ping_status":"closed","template":"","meta":[],"etheme_brands":[{"term_id":4643,"name":"Doctor's Best","slug":"doctors-best","term_group":0,"term_taxonomy_id":4643,"taxonomy":"brand","description":"Doctor's Best je znamka, ki so jo leta 1990 ustanovili zdravniki. Podjetje ponuja ve\u010d kot 200 izdelkov, katerih ve\u010dina je narejenih iz sestavin lastne blagovne znamke. Podjetje se lahko pohvali z izdelki, ki jih odlikujejo standardi najvi\u0161je kakovosti.","parent":0,"count":32,"filter":"raw"}],"product_brand":[],"product_cat":[3722,3875,3723,3724,3736,3740,3755,3726,3752],"product_tag":[5471,5579,5709,5442,5496,5710,5497],"class_list":{"0":"post-60771","1":"product","2":"type-product","3":"status-publish","4":"has-post-thumbnail","6":"brand-doctors-best","7":"product_cat-antioksidanti","8":"product_cat-novo-v-ponudbi","9":"product_cat-podpora-srca-in-ozilja","10":"product_cat-razstrupljanje-in-jetra","11":"product_cat-spomin-in-zdravje-mozganov","12":"product_cat-uravnavanje-krvnega-sladkorja","13":"product_cat-vnetja-avtoimune-bolezni","14":"product_cat-vnetja-kosti-in-sklepi","15":"product_cat-zelisca-izvlecki-in-tinkture","16":"product_tag-antioksidant","17":"product_tag-celulit","18":"product_tag-dolgozivost","19":"product_tag-koza","20":"product_tag-ozilje","21":"product_tag-sport","22":"product_tag-srce","24":"first","25":"outofstock","26":"taxable","27":"shipping-taxable","28":"purchasable","29":"product-type-simple"},"_links":{"self":[{"href":"https:\/\/fmed.eu\/en\/wp-json\/wp\/v2\/product\/60771","targetHints":{"allow":["GET"]}}],"collection":[{"href":"https:\/\/fmed.eu\/en\/wp-json\/wp\/v2\/product"}],"about":[{"href":"https:\/\/fmed.eu\/en\/wp-json\/wp\/v2\/types\/product"}],"replies":[{"embeddable":true,"href":"https:\/\/fmed.eu\/en\/wp-json\/wp\/v2\/comments?post=60771"}],"version-history":[{"count":1,"href":"https:\/\/fmed.eu\/en\/wp-json\/wp\/v2\/product\/60771\/revisions"}],"predecessor-version":[{"id":69245,"href":"https:\/\/fmed.eu\/en\/wp-json\/wp\/v2\/product\/60771\/revisions\/69245"}],"wp:featuredmedia":[{"embeddable":true,"href":"https:\/\/fmed.eu\/en\/wp-json\/wp\/v2\/media\/60772"}],"wp:attachment":[{"href":"https:\/\/fmed.eu\/en\/wp-json\/wp\/v2\/media?parent=60771"}],"wp:term":[{"taxonomy":"brand","embeddable":true,"href":"https:\/\/fmed.eu\/en\/wp-json\/wp\/v2\/etheme_brands?post=60771"},{"taxonomy":"product_brand","embeddable":true,"href":"https:\/\/fmed.eu\/en\/wp-json\/wp\/v2\/product_brand?post=60771"},{"taxonomy":"product_cat","embeddable":true,"href":"https:\/\/fmed.eu\/en\/wp-json\/wp\/v2\/product_cat?post=60771"},{"taxonomy":"product_tag","embeddable":true,"href":"https:\/\/fmed.eu\/en\/wp-json\/wp\/v2\/product_tag?post=60771"}],"curies":[{"name":"wp","href":"https:\/\/api.w.org\/{rel}","templated":true}]}}