{"id":60797,"date":"2022-10-05T17:41:19","date_gmt":"2022-10-05T17:41:19","guid":{"rendered":"https:\/\/fmed.eu\/product\/prebioticni-inulin-fos-jarrow-formulas\/"},"modified":"2026-01-06T12:36:26","modified_gmt":"2026-01-06T10:36:26","slug":"prebioticni-inulin-fos-jarrow-formulas","status":"publish","type":"product","link":"https:\/\/fmed.eu\/en\/product\/prebioticni-inulin-fos-jarrow-formulas\/","title":{"rendered":"Prebioti\u010dni Inulin FOS, Jarrow Formulas, 180g"},"content":{"rendered":"<p>Spodbujanje prijaznih bakterij \u2013 Inulin in FOS (fruktooligosaharidi) sta topna prebioti\u010dna vlakna, ki spodbujajo rast prijaznih bakterij, da tvorijo pomembne metabolite, vklju\u010dno z mle\u010dno kislino in kratkoveri\u017enimi ma\u0161\u010dobnimi kislinami acetatom, propionatom + butiratom.<br \/>\nObogati in neguje \u010drevesni mikrobiom \u2013 mle\u010dna kislina pomaga vzdr\u017eevati ustrezen pH v \u010drevesju. Poleg tega acetat, propionat in butirat spodbujajo celovitost \u010drevesnih celic, ki obdajajo debelo \u010drevo.<br \/>\nPredlagana uporaba &#8211; Eno okroglo merico vme\u0161ajte v vodo, sok, me\u0161anico beljakovinskih napitkov, smoothie ali druge pija\u010de. Vzemite enkrat ali dvakrat na dan ali po navodilih svojega usposobljenega zdravstvenega delavca. Ta formula je primerna za vegane in vegetarijance.<br \/>\nOcenjeno \u0161t. 1 \u2013 Z inovativnimi, znanstveno utemeljenimi probioti\u010dnimi izdelki, ki jim potro\u0161niki zaupajo, je Jarrow Formulas ponovno priznana kot blagovna znamka probiotikov \u0161t. 1 po zadovoljstvu strank v skladu s \u00bbAnketo uporabnikov prehranskih dopolnil\u00ab ConsumerLab za leto 2021.<br \/>\nIzbolj\u0161a absorpcijo kalcija<br \/>\nSpodbuja rast probioti\u010dnih bakterij<\/p>\n","protected":false},"excerpt":{"rendered":"<p>Spodbujanje prijaznih bakterij \u2013 Inulin in FOS (fruktooligosaharidi) sta topna prebioti\u010dna vlakna, ki spodbujajo rast prijaznih bakterij.<\/p>\n","protected":false},"featured_media":60798,"comment_status":"open","ping_status":"closed","template":"","meta":[],"etheme_brands":[{"term_id":4642,"name":"Jarrow Formulas","slug":"jarrow-formulas","term_group":0,"term_taxonomy_id":4642,"taxonomy":"brand","description":"Jarrow Formulas (podjetje s sede\u017eem v ameri\u0161kem Los Angelesu) je snovalec in dobavitelj vrhunskih prehranskih dopolnil. Podjetje je bilo ustanovljeno leta 1977. Celotna linija Jarrow Formulas zajema vitamine, minerale, probiotike, standardizirane zeli\u0161\u010dne koncentrate, aminokisline in encime.\r\nPodjetje tudi financira raziskovalne \u0161tudije o pomembnosti prehranskih izdelkov, kot je denimo CoQ10. Cilj podjetja je namre\u010d spodbujati optimalno zdravje s prehranskimi dopolnili visoke kakovosti, u\u010dinkovitosti, dostopnosti in v vrhunskih oblikah.","parent":0,"count":36,"filter":"raw"}],"product_brand":[],"product_cat":[3732,3733,3716,3750],"product_tag":[5488,5528,5489,5529,5530,5491,5531,5436,5532,5490],"class_list":{"0":"post-60797","1":"product","2":"type-product","3":"status-publish","4":"has-post-thumbnail","6":"brand-jarrow-formulas","7":"product_cat-energija-in-motivacija","8":"product_cat-imunski-sistem","9":"product_cat-prebava-zelodec-crevesje","10":"product_cat-probiotiki-in-prebiotiki","11":"product_tag-crevesje","12":"product_tag-dao","13":"product_tag-disbioza","14":"product_tag-histamin","15":"product_tag-histaminska-intoleranca","16":"product_tag-hujsanje","17":"product_tag-mikrobiota","18":"product_tag-prebava","19":"product_tag-probiotiki","20":"product_tag-sibo","22":"first","23":"instock","24":"taxable","25":"shipping-taxable","26":"purchasable","27":"product-type-simple"},"_links":{"self":[{"href":"https:\/\/fmed.eu\/en\/wp-json\/wp\/v2\/product\/60797","targetHints":{"allow":["GET"]}}],"collection":[{"href":"https:\/\/fmed.eu\/en\/wp-json\/wp\/v2\/product"}],"about":[{"href":"https:\/\/fmed.eu\/en\/wp-json\/wp\/v2\/types\/product"}],"replies":[{"embeddable":true,"href":"https:\/\/fmed.eu\/en\/wp-json\/wp\/v2\/comments?post=60797"}],"version-history":[{"count":1,"href":"https:\/\/fmed.eu\/en\/wp-json\/wp\/v2\/product\/60797\/revisions"}],"predecessor-version":[{"id":69244,"href":"https:\/\/fmed.eu\/en\/wp-json\/wp\/v2\/product\/60797\/revisions\/69244"}],"wp:featuredmedia":[{"embeddable":true,"href":"https:\/\/fmed.eu\/en\/wp-json\/wp\/v2\/media\/60798"}],"wp:attachment":[{"href":"https:\/\/fmed.eu\/en\/wp-json\/wp\/v2\/media?parent=60797"}],"wp:term":[{"taxonomy":"brand","embeddable":true,"href":"https:\/\/fmed.eu\/en\/wp-json\/wp\/v2\/etheme_brands?post=60797"},{"taxonomy":"product_brand","embeddable":true,"href":"https:\/\/fmed.eu\/en\/wp-json\/wp\/v2\/product_brand?post=60797"},{"taxonomy":"product_cat","embeddable":true,"href":"https:\/\/fmed.eu\/en\/wp-json\/wp\/v2\/product_cat?post=60797"},{"taxonomy":"product_tag","embeddable":true,"href":"https:\/\/fmed.eu\/en\/wp-json\/wp\/v2\/product_tag?post=60797"}],"curies":[{"name":"wp","href":"https:\/\/api.w.org\/{rel}","templated":true}]}}