{"id":60851,"date":"2023-01-26T09:59:14","date_gmt":"2023-01-26T09:59:14","guid":{"rendered":"https:\/\/fmed.eu\/product\/kava-kava-ekstrakt-now-foods-250mg-120-kapsul\/"},"modified":"2025-04-22T13:04:51","modified_gmt":"2025-04-22T11:04:51","slug":"kava-kava-ekstrakt-now-foods-250mg-120-kapsul","status":"publish","type":"product","link":"https:\/\/fmed.eu\/en\/product\/kava-kava-ekstrakt-now-foods-250mg-120-kapsul\/","title":{"rendered":"NOW Foods, Kava Kava Extract, 250mg, 120 kapsul"},"content":{"rendered":"<p>NOW Foods Kava Kava ekstrakt<\/p>\n<p>Kava kava ekstrakt je zeli\u0161\u010dna me\u0161anica s 30% kavalaktonov, ki jo pridobivajo iz korenine rastline Kava Kava. Rastlino Kava kava najdemo po vseh otokih v Tihem oceanu, kjer jo oto\u010dani \u017ee leta skozi zgodovino uporabljajo. U\u017eivanje Kave ima pozitiven u\u010dinek na splo\u0161no po\u010dutje ter deluje pomirjujo\u010de. Kavalaktoni v korenini Kava Kave zmanj\u0161ujejo stres in tesnobo.<\/p>\n","protected":false},"excerpt":{"rendered":"<p>Ekstrakt korenine Kava, ki zmanj\u0161uje stres, spro\u0161\u010da, ter izbolj\u0161uje splo\u0161no po\u010dutje.<\/p>\n","protected":false},"featured_media":60852,"comment_status":"open","ping_status":"closed","template":"","meta":[],"etheme_brands":[{"term_id":4646,"name":"Now Foods","slug":"now-foods","term_group":0,"term_taxonomy_id":4646,"taxonomy":"brand","description":"Now Foods je dru\u017einsko podjetje, ki je nastalo leta 1968. V podjetju prisegajo na naravne in organske proizvode, kar je uslu\u017ebencem in znamki sami prineslo \u0161tevilne nagrade in priznanja. Osrednji moto podjetja je proizvajati visokokakovostne izdelke, ki so strankam cenovno dostopni.","parent":0,"count":33,"filter":"raw"}],"product_brand":[],"product_cat":[3732,3875,5384,3715,3735,3885,3752],"product_tag":[5751,5752,5470],"class_list":{"0":"post-60851","1":"product","2":"type-product","3":"status-publish","4":"has-post-thumbnail","6":"brand-now-foods","7":"product_cat-energija-in-motivacija","8":"product_cat-novo-v-ponudbi","9":"product_cat-obvladovanje-stresa","10":"product_cat-ostalo","11":"product_cat-spanje-insomnia","12":"product_cat-stres","13":"product_cat-zelisca-izvlecki-in-tinkture","14":"product_tag-razpolozenje","15":"product_tag-sprostitev","16":"product_tag-stres","18":"first","19":"outofstock","20":"taxable","21":"shipping-taxable","22":"purchasable","23":"product-type-simple"},"_links":{"self":[{"href":"https:\/\/fmed.eu\/en\/wp-json\/wp\/v2\/product\/60851","targetHints":{"allow":["GET"]}}],"collection":[{"href":"https:\/\/fmed.eu\/en\/wp-json\/wp\/v2\/product"}],"about":[{"href":"https:\/\/fmed.eu\/en\/wp-json\/wp\/v2\/types\/product"}],"replies":[{"embeddable":true,"href":"https:\/\/fmed.eu\/en\/wp-json\/wp\/v2\/comments?post=60851"}],"version-history":[{"count":1,"href":"https:\/\/fmed.eu\/en\/wp-json\/wp\/v2\/product\/60851\/revisions"}],"predecessor-version":[{"id":69238,"href":"https:\/\/fmed.eu\/en\/wp-json\/wp\/v2\/product\/60851\/revisions\/69238"}],"wp:featuredmedia":[{"embeddable":true,"href":"https:\/\/fmed.eu\/en\/wp-json\/wp\/v2\/media\/60852"}],"wp:attachment":[{"href":"https:\/\/fmed.eu\/en\/wp-json\/wp\/v2\/media?parent=60851"}],"wp:term":[{"taxonomy":"brand","embeddable":true,"href":"https:\/\/fmed.eu\/en\/wp-json\/wp\/v2\/etheme_brands?post=60851"},{"taxonomy":"product_brand","embeddable":true,"href":"https:\/\/fmed.eu\/en\/wp-json\/wp\/v2\/product_brand?post=60851"},{"taxonomy":"product_cat","embeddable":true,"href":"https:\/\/fmed.eu\/en\/wp-json\/wp\/v2\/product_cat?post=60851"},{"taxonomy":"product_tag","embeddable":true,"href":"https:\/\/fmed.eu\/en\/wp-json\/wp\/v2\/product_tag?post=60851"}],"curies":[{"name":"wp","href":"https:\/\/api.w.org\/{rel}","templated":true}]}}