{"id":60861,"date":"2023-01-26T11:33:41","date_gmt":"2023-01-26T11:33:41","guid":{"rendered":"https:\/\/fmed.eu\/product\/nmn-jarrow-formulas-60-tablet\/"},"modified":"2025-04-22T13:04:51","modified_gmt":"2025-04-22T11:04:51","slug":"nmn-jarrow-formulas-60-tablet","status":"publish","type":"product","link":"https:\/\/fmed.eu\/en\/product\/nmn-jarrow-formulas-60-tablet\/","title":{"rendered":"NMN, Jarrow Formulas, 60 tablet"},"content":{"rendered":"<p>NMN, nikotinamid mononukleotid, Jarrow Formulas<\/p>\n<p>NMN, nikotinamid mononukleotid je naravna spojina, ki jo najdemo v na\u0161ih telesih in je mo\u010dno, neposredno dopolnilo NAD+. \u010ceprav lahko majhne koli\u010dine NMN pridobimo z razli\u010dnimi viri hrane, s staranjem potrebujemo dodatno pomo\u010d pri pridobivanju dovolj NMN za podporo zdravega staranja na\u0161ih celic.<\/p>\n<p>Znanost je ugotovila, da se s staranjem na\u0161e ravni NAD+ zni\u017eujejo, kar povzro\u010di razli\u010dne znake staranja, kot je naprimer zmanj\u0161ana raven energije.<\/p>\n<p>Redno jemanje prehranskega dopolnila NMN lahko pomaga zvi\u0161ati raven NAD+ ter s tem upo\u010dasniti ter zmanj\u0161ati znake staranja.<\/p>\n","protected":false},"excerpt":{"rendered":"<p id=\"tw-target-text\" class=\"tw-data-text tw-text-large tw-ta\" dir=\"ltr\" data-placeholder=\"Prevod\"><span class=\"Y2IQFc\" lang=\"sl\">NMN je u\u010dinkovit predhodnik bistvenega metabolita vitamina B3, NAD+. NAD+ je bistven za proizvodnjo celi\u010dne energije in delovanje mitohondrijev.<\/span><\/p>\n","protected":false},"featured_media":60862,"comment_status":"open","ping_status":"closed","template":"","meta":[],"etheme_brands":[{"term_id":4642,"name":"Jarrow Formulas","slug":"jarrow-formulas","term_group":0,"term_taxonomy_id":4642,"taxonomy":"brand","description":"Jarrow Formulas (podjetje s sede\u017eem v ameri\u0161kem Los Angelesu) je snovalec in dobavitelj vrhunskih prehranskih dopolnil. Podjetje je bilo ustanovljeno leta 1977. Celotna linija Jarrow Formulas zajema vitamine, minerale, probiotike, standardizirane zeli\u0161\u010dne koncentrate, aminokisline in encime.\r\nPodjetje tudi financira raziskovalne \u0161tudije o pomembnosti prehranskih izdelkov, kot je denimo CoQ10. Cilj podjetja je namre\u010d spodbujati optimalno zdravje s prehranskimi dopolnili visoke kakovosti, u\u010dinkovitosti, dostopnosti in v vrhunskih oblikah.","parent":0,"count":36,"filter":"raw"}],"product_brand":[],"product_cat":[3722,3732,3875,3723,3726],"product_tag":[5753,5754,5469,5755],"class_list":{"0":"post-60861","1":"product","2":"type-product","3":"status-publish","4":"has-post-thumbnail","6":"brand-jarrow-formulas","7":"product_cat-antioksidanti","8":"product_cat-energija-in-motivacija","9":"product_cat-novo-v-ponudbi","10":"product_cat-podpora-srca-in-ozilja","11":"product_cat-vnetja-kosti-in-sklepi","12":"product_tag-antiaging","13":"product_tag-celice","14":"product_tag-energija","15":"product_tag-starost","17":"first","18":"outofstock","19":"taxable","20":"shipping-taxable","21":"purchasable","22":"product-type-simple"},"_links":{"self":[{"href":"https:\/\/fmed.eu\/en\/wp-json\/wp\/v2\/product\/60861","targetHints":{"allow":["GET"]}}],"collection":[{"href":"https:\/\/fmed.eu\/en\/wp-json\/wp\/v2\/product"}],"about":[{"href":"https:\/\/fmed.eu\/en\/wp-json\/wp\/v2\/types\/product"}],"replies":[{"embeddable":true,"href":"https:\/\/fmed.eu\/en\/wp-json\/wp\/v2\/comments?post=60861"}],"version-history":[{"count":1,"href":"https:\/\/fmed.eu\/en\/wp-json\/wp\/v2\/product\/60861\/revisions"}],"predecessor-version":[{"id":69237,"href":"https:\/\/fmed.eu\/en\/wp-json\/wp\/v2\/product\/60861\/revisions\/69237"}],"wp:featuredmedia":[{"embeddable":true,"href":"https:\/\/fmed.eu\/en\/wp-json\/wp\/v2\/media\/60862"}],"wp:attachment":[{"href":"https:\/\/fmed.eu\/en\/wp-json\/wp\/v2\/media?parent=60861"}],"wp:term":[{"taxonomy":"brand","embeddable":true,"href":"https:\/\/fmed.eu\/en\/wp-json\/wp\/v2\/etheme_brands?post=60861"},{"taxonomy":"product_brand","embeddable":true,"href":"https:\/\/fmed.eu\/en\/wp-json\/wp\/v2\/product_brand?post=60861"},{"taxonomy":"product_cat","embeddable":true,"href":"https:\/\/fmed.eu\/en\/wp-json\/wp\/v2\/product_cat?post=60861"},{"taxonomy":"product_tag","embeddable":true,"href":"https:\/\/fmed.eu\/en\/wp-json\/wp\/v2\/product_tag?post=60861"}],"curies":[{"name":"wp","href":"https:\/\/api.w.org\/{rel}","templated":true}]}}