{"id":60899,"date":"2023-04-11T10:38:54","date_gmt":"2023-04-11T10:38:54","guid":{"rendered":"https:\/\/fmed.eu\/product\/kolagen-v-prahu-za-macke-in-pse-organic-collagen-powder-dr-mercola-144g\/"},"modified":"2025-04-22T13:04:51","modified_gmt":"2025-04-22T11:04:51","slug":"kolagen-v-prahu-za-macke-in-pse-organic-collagen-powder-dr-mercola-144g","status":"publish","type":"product","link":"https:\/\/fmed.eu\/en\/product\/kolagen-v-prahu-za-macke-in-pse-organic-collagen-powder-dr-mercola-144g\/","title":{"rendered":"Kolagen v prahu za ma\u010dke in pse (Organic collagen powder), Dr. Mercola, 144g"},"content":{"rendered":"<p>Kolagen v prahu za ma\u010dke in pse (Organic collagen powder), Dr. Mercola<\/p>\n<p>Kolagen je najbolj bogata beljakovina v telesu va\u0161ega ljubljen\u010dka \u2013 predstavlja kar 30 % vseh beljakovin njegovega ali njenega telesa in 70 do 80 % beljakovin v ko\u017ei. Kolagen, ki ga najdemo v vezivnem tkivu po vsem telesu, zagotavlja strukturnim tkivom, da ohranijo svojo celovitost in pro\u017enost. Kolagen podpira celovitost mi\u0161ic, kosti, kit, vezi, krvnih \u017eil, prebavnega trakta in ko\u017ee va\u0161ega ljubljen\u010dka.<\/p>\n<p>Ima bistveno vlogo pri \u0161tevilnih funkcijah:<\/p>\n<p>\u2022 Podpira prebavo s pove\u010danjem \u017eelod\u010dne kisline ter privablja in zadr\u017euje teko\u010dino, vklju\u010dno s prebavnimi sokovi v \u010drevesju va\u0161ega ljubljen\u010dka<\/p>\n<p>\u2022 Pomaga obnoviti in ohraniti zdravje \u010drevesja ter podpira delovanje imunskega sistema<\/p>\n<p>\u2022 Podpira normalne procese razstrupljanja kot prekurzor aminokisline za glutation<\/p>\n<p>\u2022 Podpira zdrave mi\u0161ice in proizvodnjo energije med vadbo s tvorbo kreatina skupaj z dvema drugima aminokislinama\u00a0<\/p>\n<p>\u2022 Podpira genetske gradnike, DNK in RNK, za zdrave celice<\/p>\n<p>\u2022 Podpira normalen zdrav vnetni odziv va\u0161ega ljubljen\u010dka<\/p>\n<p>Ne glede na to, kako pomemben je kolagen za dobro po\u010dutje va\u0161e ma\u010dke ali psa, sposobnost njenega telesa, da ga proizvaja, s staranjem upada. Izgubljeni kolagen pa je mogo\u010de nadomestiti. Prej ko za\u010dnete svojega ljubljen\u010dka oskrbovati z gradbenimi materiali, ki jih potrebuje njegovo telo, ve\u010dja je verjetnost, da lahko pomagate podpirati zdravo, udobno gibanje in vse druge potencialne koristi kolagena.<\/p>\n<p>Organski kolagen v prahu Dr. Mercola je edinstven iz ve\u010d razlogov. to je &#8230;<\/p>\n<p>\u2022 Pridobljeno iz organskega koncentrata govejih kosti, hranjenega s travo, in ne kot stranski proizvod usnjarske industrije.<\/p>\n<p>\u2022 USDA Certified Organic, tako da to\u010dno veste, kaj dobite.<\/p>\n<p>\u2022 Testirano s strani tretjih oseb za vsebnost te\u017ekih kovin, tako da ga lahko z zaupanjem postre\u017eete svojemu ljubljen\u010dku.<\/p>\n<p>\u2022 Ni obdelan s kovinskimi solmi, saj je minimalno obdelan &#8220;popoln&#8221; vir kolagena.<\/p>\n<p>\u2022 Ustvarjen posebej za ma\u010dke in pse, tako da je brez aditivov, arom, dodanega sladkorja, \u010debule, za\u010dimb in MSG.<\/p>\n<p>\u2022 Zelo okusen zahvaljujo\u010d kan\u010dku himalajske soli, zaradi \u010desar je odli\u010dna mo\u017enost za pove\u010danje vnosa teko\u010dine va\u0161ega ljubljen\u010dka<\/p>\n","protected":false},"excerpt":{"rendered":"<p>Organski kolagen v prahu za pse in ma\u010dke je odli\u010dna podpora za zdrave kosti ter gibljivost sklepov va\u0161ih psov in ma\u010dk.<\/p>\n","protected":false},"featured_media":60900,"comment_status":"open","ping_status":"closed","template":"","meta":[],"etheme_brands":[{"term_id":4655,"name":"Dr. Mercola","slug":"dr-mercola","term_group":0,"term_taxonomy_id":4655,"taxonomy":"brand","description":"Dr. Mercola ponuja ali priporo\u010da izdelke, \u0161ele potem, ko je on ali njegova raziskovalna skupina aktivno testirala in pregledala vsako sestavino. Poleg tega ustvarja samo izdelke, za katere ve, da jih bo uporabljal tudi sam in bi priporo\u010dal svoji dru\u017eini in prijateljem.","parent":0,"count":6,"filter":"raw"}],"product_brand":[],"product_cat":[3722,3732,3733,3875,3723,3716,3726],"product_tag":[5488,5489,5756,5441,5757,5490,5455],"class_list":{"0":"post-60899","1":"product","2":"type-product","3":"status-publish","4":"has-post-thumbnail","6":"brand-dr-mercola","7":"product_cat-antioksidanti","8":"product_cat-energija-in-motivacija","9":"product_cat-imunski-sistem","10":"product_cat-novo-v-ponudbi","11":"product_cat-podpora-srca-in-ozilja","12":"product_cat-prebava-zelodec-crevesje","13":"product_cat-vnetja-kosti-in-sklepi","14":"product_tag-crevesje","15":"product_tag-disbioza","16":"product_tag-gibljivost","17":"product_tag-kosti","18":"product_tag-mobilnost","19":"product_tag-sibo","20":"product_tag-sklepi","22":"first","23":"outofstock","24":"taxable","25":"shipping-taxable","26":"purchasable","27":"product-type-simple"},"_links":{"self":[{"href":"https:\/\/fmed.eu\/en\/wp-json\/wp\/v2\/product\/60899","targetHints":{"allow":["GET"]}}],"collection":[{"href":"https:\/\/fmed.eu\/en\/wp-json\/wp\/v2\/product"}],"about":[{"href":"https:\/\/fmed.eu\/en\/wp-json\/wp\/v2\/types\/product"}],"replies":[{"embeddable":true,"href":"https:\/\/fmed.eu\/en\/wp-json\/wp\/v2\/comments?post=60899"}],"version-history":[{"count":1,"href":"https:\/\/fmed.eu\/en\/wp-json\/wp\/v2\/product\/60899\/revisions"}],"predecessor-version":[{"id":69234,"href":"https:\/\/fmed.eu\/en\/wp-json\/wp\/v2\/product\/60899\/revisions\/69234"}],"wp:featuredmedia":[{"embeddable":true,"href":"https:\/\/fmed.eu\/en\/wp-json\/wp\/v2\/media\/60900"}],"wp:attachment":[{"href":"https:\/\/fmed.eu\/en\/wp-json\/wp\/v2\/media?parent=60899"}],"wp:term":[{"taxonomy":"brand","embeddable":true,"href":"https:\/\/fmed.eu\/en\/wp-json\/wp\/v2\/etheme_brands?post=60899"},{"taxonomy":"product_brand","embeddable":true,"href":"https:\/\/fmed.eu\/en\/wp-json\/wp\/v2\/product_brand?post=60899"},{"taxonomy":"product_cat","embeddable":true,"href":"https:\/\/fmed.eu\/en\/wp-json\/wp\/v2\/product_cat?post=60899"},{"taxonomy":"product_tag","embeddable":true,"href":"https:\/\/fmed.eu\/en\/wp-json\/wp\/v2\/product_tag?post=60899"}],"curies":[{"name":"wp","href":"https:\/\/api.w.org\/{rel}","templated":true}]}}