{"id":60909,"date":"2023-04-11T12:41:21","date_gmt":"2023-04-11T12:41:21","guid":{"rendered":"https:\/\/fmed.eu\/product\/d-riboza-v-prahu-d-ribose-life-extension-150g\/"},"modified":"2026-01-06T12:36:58","modified_gmt":"2026-01-06T10:36:58","slug":"d-riboza-v-prahu-d-ribose-life-extension-150g","status":"publish","type":"product","link":"https:\/\/fmed.eu\/en\/product\/d-riboza-v-prahu-d-ribose-life-extension-150g\/","title":{"rendered":"D-riboza v prahu (D-ribose), Life extension, 150g"},"content":{"rendered":"<p>Life extension D-riboza v prahu 150g<\/p>\n<p>Riboza sodi med specifi\u010dne ogljikove hidrate, saj se ne presnavlja kot, na primer sladkor, \u010deprav ima podobno strukturo. Gre za aldopentozo, kar pomeni, da je monosaharid oziroma sladkor, sestavljen iz petih ogljikovih atomov. Zelo je podobna Deoksiribozi, ki se nahaja v DNK.<\/p>\n<p>Prvi jo je opisal Emil Fischer leta 1891.<\/p>\n<p>Riboza se nahaja v dveh oblikah in sicer D in L. Medtem, ko se D pojavlja pogosto v naravi, pa je L le sinteti\u010dna. Life extensions Riboza vsebuje le naravno, D- obliko.<\/p>\n<p>V telesu je D-riboza podvr\u017eena fosforilaciji, ki iz nje tvori ATP in NADH , ki sta pomembna dejavnika energije v telesu . ATP je kon\u010dna oblika energije, ki jo telo dejansko lahko uporabi brez nadaljnje konverzije. Lahko bi rekli, da je ATP energijska valuta telesa.<\/p>\n<p>NADH po drugi strani sodeluje v Krebsovem ciklu in dihalni verigi, ki v telesu proizvedeta najve\u010d ATP.<\/p>\n<p>Zaradi svoje strukture se iz nje lahko tvori energija tudi v celicah, ki imajo oslabljeno tvorbo energije, npr. zaradi kak\u0161nih po\u0161kodb organov, pomanjkanja kisika, ipd.<\/p>\n<p>Absorpcija D-riboze v tankem \u010drevesju sega od 88 do 100% , kar pomeni, da jo boste v celoti tudi izkoristili. Prah je nevtralno sladkastega okusa in se dobro topi v vodi.<\/p>\n","protected":false},"excerpt":{"rendered":"<p>Alternativni vir ATP (energije) za telesne celice in organe.<\/p>\n","protected":false},"featured_media":60910,"comment_status":"open","ping_status":"closed","template":"","meta":[],"etheme_brands":[{"term_id":4696,"name":"LifeExtension","slug":"lifeextension","term_group":0,"term_taxonomy_id":4696,"taxonomy":"brand","description":"LifeExtenstion je podjetje, ki polaga posebno pozornost na kvaliteto. Osredoto\u010deni so na dva posebna podro\u010dja:\r\n\r\nSurovine: Za razliko od drugih proizvajalcev, sestavine, ki gredo v njihove izdelke, niso izbrane na podlagi stro\u0161kov. Namesto tega so izbrane na podlagi \u010distosti, u\u010dinkovitosti in dokazov iz znanstvenih raziskav.\r\n\r\nPotrjevanje u\u010dinkovitosti u\u010dinkovin z znanstvenimi raziskavami: Uporabljajo sestavine in odmerke, ki natan\u010dno posnemajo najuspe\u0161nej\u0161e rezultate, pridobljene v znanstvenih \u0161tudijah, za najve\u010djo u\u010dinkovitost.","parent":0,"count":12,"filter":"raw"}],"product_brand":[],"product_cat":[3732,3733,3875,3723,3736,3726],"product_tag":[5758,5759,5760,5761,5762,5763],"class_list":{"0":"post-60909","1":"product","2":"type-product","3":"status-publish","4":"has-post-thumbnail","6":"brand-lifeextension","7":"product_cat-energija-in-motivacija","8":"product_cat-imunski-sistem","9":"product_cat-novo-v-ponudbi","10":"product_cat-podpora-srca-in-ozilja","11":"product_cat-spomin-in-zdravje-mozganov","12":"product_cat-vnetja-kosti-in-sklepi","13":"product_tag-bolecine-v-misicah-in-skelpih","14":"product_tag-energije","15":"product_tag-fibromialgija","16":"product_tag-srcno-popuscanje","17":"product_tag-tekme","18":"product_tag-treningi","20":"first","21":"outofstock","22":"taxable","23":"shipping-taxable","24":"purchasable","25":"product-type-simple"},"_links":{"self":[{"href":"https:\/\/fmed.eu\/en\/wp-json\/wp\/v2\/product\/60909","targetHints":{"allow":["GET"]}}],"collection":[{"href":"https:\/\/fmed.eu\/en\/wp-json\/wp\/v2\/product"}],"about":[{"href":"https:\/\/fmed.eu\/en\/wp-json\/wp\/v2\/types\/product"}],"replies":[{"embeddable":true,"href":"https:\/\/fmed.eu\/en\/wp-json\/wp\/v2\/comments?post=60909"}],"version-history":[{"count":1,"href":"https:\/\/fmed.eu\/en\/wp-json\/wp\/v2\/product\/60909\/revisions"}],"predecessor-version":[{"id":69233,"href":"https:\/\/fmed.eu\/en\/wp-json\/wp\/v2\/product\/60909\/revisions\/69233"}],"wp:featuredmedia":[{"embeddable":true,"href":"https:\/\/fmed.eu\/en\/wp-json\/wp\/v2\/media\/60910"}],"wp:attachment":[{"href":"https:\/\/fmed.eu\/en\/wp-json\/wp\/v2\/media?parent=60909"}],"wp:term":[{"taxonomy":"brand","embeddable":true,"href":"https:\/\/fmed.eu\/en\/wp-json\/wp\/v2\/etheme_brands?post=60909"},{"taxonomy":"product_brand","embeddable":true,"href":"https:\/\/fmed.eu\/en\/wp-json\/wp\/v2\/product_brand?post=60909"},{"taxonomy":"product_cat","embeddable":true,"href":"https:\/\/fmed.eu\/en\/wp-json\/wp\/v2\/product_cat?post=60909"},{"taxonomy":"product_tag","embeddable":true,"href":"https:\/\/fmed.eu\/en\/wp-json\/wp\/v2\/product_tag?post=60909"}],"curies":[{"name":"wp","href":"https:\/\/api.w.org\/{rel}","templated":true}]}}