{"id":60950,"date":"2023-06-14T08:58:48","date_gmt":"2023-06-14T08:58:48","guid":{"rendered":"https:\/\/fmed.eu\/product\/bcaa-zero-aminokisline-v-prahu-700g-biotechusa\/"},"modified":"2025-04-22T13:04:50","modified_gmt":"2025-04-22T11:04:50","slug":"bcaa-zero-aminokisline-v-prahu-700g-biotechusa","status":"publish","type":"product","link":"https:\/\/fmed.eu\/en\/product\/bcaa-zero-aminokisline-v-prahu-700g-biotechusa\/","title":{"rendered":"BCAA Zero, aminokisline v prahu 700g, BioTechUSA"},"content":{"rendered":"<p>BCAA Zero, aminokisline v prahu 700g, BioTechUSA, mango-ananas<\/p>\n<p>Aminokisline so gradniki enega na\u0161ih osnovnih hranilnih snovi, beljakovin, ki jih obi\u010dajno najdemo povsod v \u010dlove\u0161kem telesu. Obstaja nekaj aminokislin, ki jih \u010dlove\u0161ko telo lahko proizvaja (nebistvene aminokisline), medtem ko aminokisline, ki spadajo v drugo skupino (bistvene aminokisline), zau\u017eijemo s hrano. Od vseh razli\u010dnih aminokislin jih le 20 prispeva k oblikovanju strukture beljakovin. Aminokisline so klju\u010dne za vse telesne funkcije, kot so prebava, delovanje jeter ali celjenje ran. Aminokisline vzdr\u017eujejo ko\u017eo, ligamente, mi\u0161ice, kite, notranje organe, \u017eleze, lase in nohte. Prispevajo tudi k proizvodnji hormonov, nevrotransmisijskih spojin in encimov. Poleg tega slu\u017eijo tudi kot vir energije ter hranilo, ki proizvaja ogljikove hidrate in lipide. Najbogatej\u0161i vir osnovnih aminokislin je hrana \u017eivalskega izvora, rastlinska hrana pa pogosto ne vsebuje vseh aminokislin.<\/p>\n<p>AMINOKISELINE Z RAZVEJANO VERIGO<\/p>\n<p>BCAA, torej aminokisline z razvejano verigo, so sestavljene iz treh aminokislin: valina, izolevcina in levcina, ki so \u0161e posebej pomembne za izgradnjo mi\u0161ic. Valin je vir energije za mi\u0161ice, poleg tega pa veliko prispeva k celi\u010dni presnovi. Izolevcin je aminokislina, ki je potrebna za proizvodnjo hemoglobina, poleg tega pa prispeva k okrevanju. Levcin prispeva k obnovi kosti, ko\u017ee in mi\u0161ic, poleg tega pa je sposoben pove\u010dati absorpcijo beljakovin v sebi. Tri aminokisline, ki sestavljajo BCAA, mo\u010dno medsebojno vplivajo na izgradnjo mi\u0161ic in energijo ter imajo naravni, specifi\u010den dele\u017e v mi\u0161icah.<\/p>\n<p>BCAA ZERO BioTechUSA:<\/p>\n<p>Pribli\u017eno 7g \u010distih aminokislin, od tega 6g BCAA<\/p>\n<p>Z vitaminom B6, ki pomaga zdravi presnovi ogljikovih hidratov in beljakovin (aminokislin)<\/p>\n<p>Brez sladkorja<\/p>\n<p>Brez konzervansov<\/p>\n<p>Razli\u010dna pakiranja in okusi<\/p>\n<p>Brez glutena<\/p>\n<p>Brez laktoze<\/p>\n<p>Veganski izdelek<\/p>\n<p>GRADNJA MI\u0160IC IN ENERGIJA<\/p>\n<p>Izdelek BCAA Zero &#8211; aminokisline v prahu &#8211; znamke BioTechUSA vsebuje levcin, izolevcin in valin v razmerju 2:1:1, ki zelo izbolj\u0161ujejo medsebojni u\u010dinek za gradnjo mi\u0161ic in nudijo energijo ter tvorijo naraven in specifi\u010den del v mi\u0161icah. V izdelek smo dodali tudi vitamin B6, ki prispeva k normalni presnovi beljakovin in glikogena, kot tudi zmanj\u0161anju utrujenosti in iz\u010drpanosti.<\/p>\n<p>Na odmerek (9 g):<\/p>\n<p>3,000 mg L-levcina<\/p>\n<p>1,500 mg L-isolevcina<\/p>\n<p>1,500 mg L-valina<\/p>\n<p>700 mg L-glutamina<\/p>\n<p>2 mg vitamina B6<\/p>\n<p>Komu priporo\u010damo BCAA Zero izdelek?<\/p>\n<p>za mo\u0161ke in \u017eenske<\/p>\n<p>za vs<\/p>\n","protected":false},"excerpt":{"rendered":"<p id=\"tw-target-text\" class=\"tw-data-text tw-text-large tw-ta\" dir=\"ltr\" data-placeholder=\"Prevod\"><span class=\"Y2IQFc\" lang=\"sl\">BCAA\u00a0 Zero je aminokislinski izdelek v obliki prahu, primeren za vsako obliko treninga.<\/span><\/p>\n","protected":false},"featured_media":60951,"comment_status":"open","ping_status":"closed","template":"","meta":[],"etheme_brands":[{"term_id":4782,"name":"BioTechUSA","slug":"biotechusa","term_group":0,"term_taxonomy_id":4782,"taxonomy":"brand","description":"","parent":0,"count":3,"filter":"raw"}],"product_brand":[],"product_cat":[3722,3732,3733,3875,5385,3885,3725,3755,3811],"product_tag":[5663,5471,5565,5500,5441,5444,5710],"class_list":{"0":"post-60950","1":"product","2":"type-product","3":"status-publish","4":"has-post-thumbnail","6":"brand-biotechusa","7":"product_cat-antioksidanti","8":"product_cat-energija-in-motivacija","9":"product_cat-imunski-sistem","10":"product_cat-novo-v-ponudbi","11":"product_cat-sportna-prehrana-regeneracija","12":"product_cat-stres","13":"product_cat-vitamini-in-minerali","14":"product_cat-vnetja-avtoimune-bolezni","15":"product_cat-whey","16":"product_tag-aminokisline","17":"product_tag-antioksidant","18":"product_tag-hormoni","19":"product_tag-imunski-sistem","20":"product_tag-kosti","21":"product_tag-lasje","22":"product_tag-sport","24":"first","25":"outofstock","26":"taxable","27":"shipping-taxable","28":"purchasable","29":"product-type-simple"},"_links":{"self":[{"href":"https:\/\/fmed.eu\/en\/wp-json\/wp\/v2\/product\/60950","targetHints":{"allow":["GET"]}}],"collection":[{"href":"https:\/\/fmed.eu\/en\/wp-json\/wp\/v2\/product"}],"about":[{"href":"https:\/\/fmed.eu\/en\/wp-json\/wp\/v2\/types\/product"}],"replies":[{"embeddable":true,"href":"https:\/\/fmed.eu\/en\/wp-json\/wp\/v2\/comments?post=60950"}],"version-history":[{"count":1,"href":"https:\/\/fmed.eu\/en\/wp-json\/wp\/v2\/product\/60950\/revisions"}],"predecessor-version":[{"id":69230,"href":"https:\/\/fmed.eu\/en\/wp-json\/wp\/v2\/product\/60950\/revisions\/69230"}],"wp:featuredmedia":[{"embeddable":true,"href":"https:\/\/fmed.eu\/en\/wp-json\/wp\/v2\/media\/60951"}],"wp:attachment":[{"href":"https:\/\/fmed.eu\/en\/wp-json\/wp\/v2\/media?parent=60950"}],"wp:term":[{"taxonomy":"brand","embeddable":true,"href":"https:\/\/fmed.eu\/en\/wp-json\/wp\/v2\/etheme_brands?post=60950"},{"taxonomy":"product_brand","embeddable":true,"href":"https:\/\/fmed.eu\/en\/wp-json\/wp\/v2\/product_brand?post=60950"},{"taxonomy":"product_cat","embeddable":true,"href":"https:\/\/fmed.eu\/en\/wp-json\/wp\/v2\/product_cat?post=60950"},{"taxonomy":"product_tag","embeddable":true,"href":"https:\/\/fmed.eu\/en\/wp-json\/wp\/v2\/product_tag?post=60950"}],"curies":[{"name":"wp","href":"https:\/\/api.w.org\/{rel}","templated":true}]}}