{"id":61032,"date":"2023-10-02T09:31:04","date_gmt":"2023-10-02T09:31:04","guid":{"rendered":"https:\/\/fmed.eu\/product\/vital-zymes-forte-encimi-120-veg-kapsul-klaire-labs\/"},"modified":"2025-04-22T13:04:49","modified_gmt":"2025-04-22T11:04:49","slug":"vital-zymes-forte-encimi-120-veg-kapsul-klaire-labs","status":"publish","type":"product","link":"https:\/\/fmed.eu\/en\/product\/vital-zymes-forte-encimi-120-veg-kapsul-klaire-labs\/","title":{"rendered":"Vital-zymes Forte encimi, 120 veg. kapsul Klaire Labs"},"content":{"rendered":"<p>Klaire labs Vital-zymes Forte<\/p>\n<p>Vital-Zymes Forte je prehransko dopolnilo, ki vsebuje kar 13 razli\u010dnih encimov, namenjene pomo\u010di pri prebavi in razgradnji hrane v telesu. Encimi so beljakovine, ki igrajo klju\u010dno vlogo pri razgradnji hrane na manj\u0161e molekule, ki jih telo lahko absorbira in uporablja. Vital-Zymes Forte vsebuje razli\u010dne encime, ki pomagajo pri prebavi ogljikovih hidratov, beljakovin, ma\u0161\u010dob in vlaknin.<\/p>\n<p>Tukaj je nekaj glavnih informacij o Vital-Zymes Forte:<\/p>\n<p>Encimi: To prehransko dopolnilo vsebuje razli\u010dne encime, kot so amilaza, lipaza, proteaza, celuloza itd., ki pomagajo pri razgradnji razli\u010dnih vrst hranil v prebavnem traktu.<\/p>\n<p>Podpora Prebavi: Vital-Zymes Forte je zasnovan tako, da pomaga ljudem, ki imajo te\u017eave s prebavo, vklju\u010dno s tistimi, ki imajo pomanjkanje lastnih prebavnih encimov ali te\u017eave s prebavo dolo\u010denih \u017eivil.<\/p>\n<p>Razli\u010dne Oblike Prehrane: To dopolnilo je lahko koristno za ljudi, ki jedo razli\u010dne vrste hrane, vklju\u010dno z ogljikovimi hidrati, beljakovinami in ma\u0161\u010dobami.<\/p>\n","protected":false},"excerpt":{"rendered":"<p>\u0160irok spekter me\u0161anice 13 mikrobnih in rastlinskih encimov za podporo zdravi prebavi beljakovin, ma\u0161\u010dob, kompleksnih ogljikovih hidratov, vlaknin in sladkorjev.<\/p>\n","protected":false},"featured_media":61033,"comment_status":"open","ping_status":"closed","template":"","meta":[],"etheme_brands":[{"term_id":4644,"name":"Klaire Labs","slug":"klaire-labs","term_group":0,"term_taxonomy_id":4644,"taxonomy":"brand","description":"Klaire Labs je vodilno podjetje na podro\u010dju probiotikov in encimov. Torej je s svojimi izdelki usmerjeno predvsem na podro\u010dje te\u017eav s \u010drevesjem. Ustanovljeno je bilo leta 1969 z namenom zagotoviti izdelke za ljudi, ki imajo te\u017eave z alergijami na hrano in so ob\u010dutljivi na okoljske dejavnike. Podjetje oziroma znamko je leta 2004 kupilo podjetje ProThera.","parent":0,"count":8,"filter":"raw"}],"product_brand":[],"product_cat":[3733,3875,3716],"product_tag":[5766,5500,5436,5767],"class_list":{"0":"post-61032","1":"product","2":"type-product","3":"status-publish","4":"has-post-thumbnail","6":"brand-klaire-labs","7":"product_cat-imunski-sistem","8":"product_cat-novo-v-ponudbi","9":"product_cat-prebava-zelodec-crevesje","10":"product_tag-encimi","11":"product_tag-imunski-sistem","12":"product_tag-prebava","13":"product_tag-prehrana","15":"first","16":"outofstock","17":"taxable","18":"shipping-taxable","19":"purchasable","20":"product-type-simple"},"_links":{"self":[{"href":"https:\/\/fmed.eu\/en\/wp-json\/wp\/v2\/product\/61032","targetHints":{"allow":["GET"]}}],"collection":[{"href":"https:\/\/fmed.eu\/en\/wp-json\/wp\/v2\/product"}],"about":[{"href":"https:\/\/fmed.eu\/en\/wp-json\/wp\/v2\/types\/product"}],"replies":[{"embeddable":true,"href":"https:\/\/fmed.eu\/en\/wp-json\/wp\/v2\/comments?post=61032"}],"version-history":[{"count":1,"href":"https:\/\/fmed.eu\/en\/wp-json\/wp\/v2\/product\/61032\/revisions"}],"predecessor-version":[{"id":69223,"href":"https:\/\/fmed.eu\/en\/wp-json\/wp\/v2\/product\/61032\/revisions\/69223"}],"wp:featuredmedia":[{"embeddable":true,"href":"https:\/\/fmed.eu\/en\/wp-json\/wp\/v2\/media\/61033"}],"wp:attachment":[{"href":"https:\/\/fmed.eu\/en\/wp-json\/wp\/v2\/media?parent=61032"}],"wp:term":[{"taxonomy":"brand","embeddable":true,"href":"https:\/\/fmed.eu\/en\/wp-json\/wp\/v2\/etheme_brands?post=61032"},{"taxonomy":"product_brand","embeddable":true,"href":"https:\/\/fmed.eu\/en\/wp-json\/wp\/v2\/product_brand?post=61032"},{"taxonomy":"product_cat","embeddable":true,"href":"https:\/\/fmed.eu\/en\/wp-json\/wp\/v2\/product_cat?post=61032"},{"taxonomy":"product_tag","embeddable":true,"href":"https:\/\/fmed.eu\/en\/wp-json\/wp\/v2\/product_tag?post=61032"}],"curies":[{"name":"wp","href":"https:\/\/api.w.org\/{rel}","templated":true}]}}