{"id":61072,"date":"2023-10-13T09:10:10","date_gmt":"2023-10-13T09:10:10","guid":{"rendered":"https:\/\/fmed.eu\/product\/dr-best-coq10-koencim-q10-100mg-60-veg-kapsul\/"},"modified":"2026-03-16T12:49:31","modified_gmt":"2026-03-16T10:49:31","slug":"dr-best-coq10-koencim-q10-100mg-60-veg-kapsul","status":"publish","type":"product","link":"https:\/\/fmed.eu\/en\/product\/dr-best-coq10-koencim-q10-100mg-60-veg-kapsul\/","title":{"rendered":"Dr. Best, CoQ10, koencim Q10, 100mg, 60 veg. kapsul"},"content":{"rendered":"<p>Dr. Best CoQ10, koencim Q10, 100mg, 60 veg. kapsul<\/p>\n<p>Koencim Q10, pogosto imenovan tudi CoQ10 ali ubikinon, je naravna snov, ki jo najdemo v celicah telesa in ima pomembno vlogo pri proizvodnji energije. Koencim Q10 se uporablja kot prehransko dopolnilo zaradi svojih potencialnih koristi za zdravje. Dr. Best je blagovna znamka prehranskih dopolnil, ki proizvaja razli\u010dne izdelke, vklju\u010dno s Koencimom Q10.<\/p>\n<p>Tukaj so nekatere od glavnih koristi in informacij o Koencimu Q10:<\/p>\n<p>Energetski Metabolizem: Koencim Q10 igra klju\u010dno vlogo v procesu proizvodnje energije v celicah. Pomaga pri prenosu elektronov v dihalni verigi in s tem omogo\u010da tvorbo adenozin trifosfata (ATP), ki je glavni vir energije v telesu.<\/p>\n<p>Antioksidant: Koencim Q10 deluje tudi kot antioksidant in pomaga za\u0161\u010dititi celice pred prostimi radikali, ki lahko povzro\u010dijo oksidativni stres.<\/p>\n<p>Kardiovaskularno Zdravje: Nekatere raziskave ka\u017eejo, da lahko Koencim Q10 pomaga izbolj\u0161ati zdravje srca in o\u017eilja ter podpreti normalen krvni tlak.<\/p>\n<p>Podpora mi\u0161i\u010dni funkciji: Koencim Q10 lahko podpre zdravo mi\u0161i\u010dno funkcijo, zlasti pri \u0161portnikih in tistih, ki se ukvarjajo s fizi\u010dno aktivnostjo.<\/p>\n<p>Anti-aging: Zaradi svoje vloge pri za\u0161\u010diti celic pred oksidativnim stresom je Koencim Q10 povezan z anti-aging koristmi in zmanj\u0161anjem vidnih znakov staranja ko\u017ee.<\/p>\n<p>Formuliran z Bioperinom: Izdelek Doctor&#8217;s Best High-Absorption CoQ10 je obogaten z naravnim izvle\u010dkom \u010drnega popra, zasnovan za hitro in u\u010dinkovito obnovo zalog CoQ10 v telesu. Uporaba CoQ10 z Bioperinom pove\u010da absorpcijo hranil in biolo\u0161ko razpolo\u017eljivost* Naravno fermentiran, farmacevtske kakovosti CoQ10, proizveden po visokih standardih kakovosti.&#8221;<\/p>\n<p>*Biolo\u0161ka razpolo\u017eljivost se nana\u0161a na sposobnost telesa, da absorbira in uporablja hranila iz prehrane ali prehranskih dopolnil. Bioperin (izvle\u010dek \u010drnega popra) se pogosto uporablja v formulacijah prehranskih dopolnil za izbolj\u0161anje te biolo\u0161ke razpolo\u017eljivosti, kar pripomore k bolj\u0161i absorpciji hranil v telesu.<\/p>\n","protected":false},"excerpt":{"rendered":"<p>Gre za enostavno absorbirno obliko klju\u010dnega hranila, ki poganja in \u0161\u010diti vitalnost srca, zdravje srca in o\u017eilja ter celi\u010dno energijo*. CoQ10 zagotavlja tudi antioksidativno podporo srcu, kjer je naravno koncentriran. Proizvaja se bodisi s postopkom bakterijske fermentacije bodisi s fermentacijo kvasovk.<\/p>\n","protected":false},"featured_media":61073,"comment_status":"open","ping_status":"closed","template":"","meta":[],"etheme_brands":[{"term_id":4643,"name":"Doctor's Best","slug":"doctors-best","term_group":0,"term_taxonomy_id":4643,"taxonomy":"brand","description":"Doctor's Best je znamka, ki so jo leta 1990 ustanovili zdravniki. Podjetje ponuja ve\u010d kot 200 izdelkov, katerih ve\u010dina je narejenih iz sestavin lastne blagovne znamke. Podjetje se lahko pohvali z izdelki, ki jih odlikujejo standardi najvi\u0161je kakovosti.","parent":0,"count":32,"filter":"raw"}],"product_brand":[],"product_cat":[3722,3732,3875,3723,3736],"product_tag":[5469,5769,5770,5470],"class_list":{"0":"post-61072","1":"product","2":"type-product","3":"status-publish","4":"has-post-thumbnail","6":"brand-doctors-best","7":"product_cat-antioksidanti","8":"product_cat-energija-in-motivacija","9":"product_cat-novo-v-ponudbi","10":"product_cat-podpora-srca-in-ozilja","11":"product_cat-spomin-in-zdravje-mozganov","12":"product_tag-energija","13":"product_tag-srce-ozilje","14":"product_tag-staranje","15":"product_tag-stres","17":"first","18":"instock","19":"taxable","20":"shipping-taxable","21":"purchasable","22":"product-type-simple"},"_links":{"self":[{"href":"https:\/\/fmed.eu\/en\/wp-json\/wp\/v2\/product\/61072","targetHints":{"allow":["GET"]}}],"collection":[{"href":"https:\/\/fmed.eu\/en\/wp-json\/wp\/v2\/product"}],"about":[{"href":"https:\/\/fmed.eu\/en\/wp-json\/wp\/v2\/types\/product"}],"replies":[{"embeddable":true,"href":"https:\/\/fmed.eu\/en\/wp-json\/wp\/v2\/comments?post=61072"}],"version-history":[{"count":1,"href":"https:\/\/fmed.eu\/en\/wp-json\/wp\/v2\/product\/61072\/revisions"}],"predecessor-version":[{"id":69220,"href":"https:\/\/fmed.eu\/en\/wp-json\/wp\/v2\/product\/61072\/revisions\/69220"}],"wp:featuredmedia":[{"embeddable":true,"href":"https:\/\/fmed.eu\/en\/wp-json\/wp\/v2\/media\/61073"}],"wp:attachment":[{"href":"https:\/\/fmed.eu\/en\/wp-json\/wp\/v2\/media?parent=61072"}],"wp:term":[{"taxonomy":"brand","embeddable":true,"href":"https:\/\/fmed.eu\/en\/wp-json\/wp\/v2\/etheme_brands?post=61072"},{"taxonomy":"product_brand","embeddable":true,"href":"https:\/\/fmed.eu\/en\/wp-json\/wp\/v2\/product_brand?post=61072"},{"taxonomy":"product_cat","embeddable":true,"href":"https:\/\/fmed.eu\/en\/wp-json\/wp\/v2\/product_cat?post=61072"},{"taxonomy":"product_tag","embeddable":true,"href":"https:\/\/fmed.eu\/en\/wp-json\/wp\/v2\/product_tag?post=61072"}],"curies":[{"name":"wp","href":"https:\/\/api.w.org\/{rel}","templated":true}]}}