{"id":61098,"date":"2023-10-25T10:05:55","date_gmt":"2023-10-25T10:05:55","guid":{"rendered":"https:\/\/fmed.eu\/product\/american-biologics-interclean-mesanica-encimov-z-papainom-in-kompleksom-proteaze-peptidaze\/"},"modified":"2026-01-06T12:36:48","modified_gmt":"2026-01-06T10:36:48","slug":"american-biologics-interclean-mesanica-encimov-z-papainom-in-kompleksom-proteaze-peptidaze","status":"publish","type":"product","link":"https:\/\/fmed.eu\/en\/product\/american-biologics-interclean-mesanica-encimov-z-papainom-in-kompleksom-proteaze-peptidaze\/","title":{"rendered":"American Biologics, Interclean, me\u0161anica encimov z papainom in kompleksom proteaze\/peptidaze"},"content":{"rendered":"<p>American Biologics, Inter Clean, me\u0161anica prebavnih encimov z papainom in kompleksom proteaze\/peptidaze, 90 kapsul<\/p>\n<p>Inter Clean iz American Biologics je prehransko dopolnilo z encimi. Gre za mo\u010dno me\u0161anico encimov z papainom in kompleksom proteaze\/peptidaze. Encime, ki razgrajujejo beljakovine, imenujemo proteoliti\u010dni (beljakovinsko razgrajejo\u010di) encimi ali proteaze. Proteaze se nahajajo tako zunajceli\u010dno kot intracelularno, pa tudi v mitohondrijih. Pomagajo pri razgradnji prehranskih beljakovin v \u017eelodcu in \u010drevesju. Druga pomembna vloga proteoliti\u010dnih encimov je selektivna razgradnja presnovnih produktov, kot so histamin, citozini, eozinofili in vodikov peroksid (ROS).<\/p>\n<p>InterClean vsebuje prehransko dopolnilo z encimi, ki podpirajo prebavo beljakovin in hkrati pomagajo nadzorovati presnovne produkte in vnetne reakcije v telesu.<\/p>\n<p>Pomembno je upo\u0161tevati priporo\u010deni odmerek in navodila za uporabo na etiketi izdelka ali glede na nasvete zdravnika ali strokovnjaka za prehrano.<\/p>\n","protected":false},"excerpt":{"rendered":"<p>InterClean vsebuje prehransko dopolnilo z encimi, ki podpirajo prebavo beljakovin in hkrati pomagajo nadzorovati presnovne produkte in vnetne reakcije v telesu.<\/p>\n","protected":false},"featured_media":61099,"comment_status":"open","ping_status":"closed","template":"","meta":[],"etheme_brands":[{"term_id":4785,"name":"American Biologics","slug":"american-biologics","term_group":0,"term_taxonomy_id":4785,"taxonomy":"brand","description":"","parent":0,"count":1,"filter":"raw"}],"product_brand":[],"product_cat":[3875,3716],"product_tag":[5766,5436,5772],"class_list":{"0":"post-61098","1":"product","2":"type-product","3":"status-publish","4":"has-post-thumbnail","6":"brand-american-biologics","7":"product_cat-novo-v-ponudbi","8":"product_cat-prebava-zelodec-crevesje","9":"product_tag-encimi","10":"product_tag-prebava","11":"product_tag-razgradnja","13":"first","14":"instock","15":"taxable","16":"shipping-taxable","17":"purchasable","18":"product-type-simple"},"_links":{"self":[{"href":"https:\/\/fmed.eu\/en\/wp-json\/wp\/v2\/product\/61098","targetHints":{"allow":["GET"]}}],"collection":[{"href":"https:\/\/fmed.eu\/en\/wp-json\/wp\/v2\/product"}],"about":[{"href":"https:\/\/fmed.eu\/en\/wp-json\/wp\/v2\/types\/product"}],"replies":[{"embeddable":true,"href":"https:\/\/fmed.eu\/en\/wp-json\/wp\/v2\/comments?post=61098"}],"version-history":[{"count":1,"href":"https:\/\/fmed.eu\/en\/wp-json\/wp\/v2\/product\/61098\/revisions"}],"predecessor-version":[{"id":69217,"href":"https:\/\/fmed.eu\/en\/wp-json\/wp\/v2\/product\/61098\/revisions\/69217"}],"wp:featuredmedia":[{"embeddable":true,"href":"https:\/\/fmed.eu\/en\/wp-json\/wp\/v2\/media\/61099"}],"wp:attachment":[{"href":"https:\/\/fmed.eu\/en\/wp-json\/wp\/v2\/media?parent=61098"}],"wp:term":[{"taxonomy":"brand","embeddable":true,"href":"https:\/\/fmed.eu\/en\/wp-json\/wp\/v2\/etheme_brands?post=61098"},{"taxonomy":"product_brand","embeddable":true,"href":"https:\/\/fmed.eu\/en\/wp-json\/wp\/v2\/product_brand?post=61098"},{"taxonomy":"product_cat","embeddable":true,"href":"https:\/\/fmed.eu\/en\/wp-json\/wp\/v2\/product_cat?post=61098"},{"taxonomy":"product_tag","embeddable":true,"href":"https:\/\/fmed.eu\/en\/wp-json\/wp\/v2\/product_tag?post=61098"}],"curies":[{"name":"wp","href":"https:\/\/api.w.org\/{rel}","templated":true}]}}