{"id":61302,"date":"2023-11-29T08:07:20","date_gmt":"2023-11-29T08:07:20","guid":{"rendered":"https:\/\/fmed.eu\/product\/ostrovit-marine-collagen-200g-okus-ribez\/"},"modified":"2026-01-06T12:37:02","modified_gmt":"2026-01-06T10:37:02","slug":"ostrovit-marine-collagen-200g-okus-ribez","status":"publish","type":"product","link":"https:\/\/fmed.eu\/en\/product\/ostrovit-marine-collagen-200g-okus-ribez\/","title":{"rendered":"OstroVit Marine Collagen, 200g, okus ribez"},"content":{"rendered":"<p>OstroVit Marine Collagen, okus ribez, 200g<\/p>\n<p>Kolagen je ena glavnih gradbenih beljakovin telesa, naravni polimer in pomembna sestavina medceli\u010dne snovi \u017eivalskih organizmov. To je strukturna beljakovina, ki predstavlja pribli\u017eno 30% vseh beljakovin v \u010dlove\u0161kem telesu. Najdemo jih v vezivnem tkivu, krvnih \u017eilah, mi\u0161icah, ko\u017ei in laseh.<\/p>\n<p>Ker se raven kolagena v telesu zaradi naravnih procesov staranja z leti zmanj\u0161uje, je smiselno spojino telesu dovajati tudi od zunaj \u2013 kolagen med drugim najdemo v \u017eivalskih kosteh ali kitah, dostopen pa je tudi v obliki prehranskih dopolnil.<\/p>\n<p>Morski kolagen tipa I, uporabljen v OstroVit, je vir hidroliziranih ribjih kolagenskih peptidov, katerih struktura spominja na \u010dlove\u0161ki kolagen. Zaradi tega pa snov izstopa po odli\u010dni absorpciji v \u010dlove\u0161kem telesu in deluje u\u010dinkoviteje kot druge oblike spojine. OstroVit Marine Collagen je izdelek, ki ga poleg bogastva dragocene sestavine odlikuje tudi edinstven okus, zaradi katerega je okusen in dragocen dodatek vsakodnevni prehrani.<\/p>\n<p>Vir morskega kolagena tipa I \u2013 porcija izdelka vsebuje 2200 mg hidroliziranih ribjih kolagenskih peptidov.<\/p>\n<p>1 porcija = 5 meric. U\u010dinkovitost \u2013 paket izdelka vsebuje 74 obrokov prehranskega dopolnila.<\/p>\n<p>Priro\u010dna oblika &#8211; pripravek v obliki pra\u0161ka omogo\u010da nemoteno vnos izdelka, \u0161e posebej pri ljudeh, ki te\u017eko po\u017eirajo tablete.<\/p>\n<p>Brez dodanega sladkorja &#8211; prehransko dopolnilo vsebuje nizkoenergijska sladila, kot sta sukraloza in acesulfam K, ki prispevata k zmanj\u0161anju kalori\u010dne vrednosti izdelka.<\/p>\n","protected":false},"excerpt":{"rendered":"<p>OstroVit Marine Collagen je visoko kakovostno prehransko dopolnilo, ki je vir morskega kolagena tipa I, oblike spojine, ki jo odlikuje odli\u010dna absorpcija v \u010dlove\u0161kem telesu.<\/p>\n","protected":false},"featured_media":61303,"comment_status":"open","ping_status":"closed","template":"","meta":[],"etheme_brands":[{"term_id":4783,"name":"Ostrovit","slug":"ostrovit","term_group":0,"term_taxonomy_id":4783,"taxonomy":"brand","description":"","parent":0,"count":37,"filter":"raw"}],"product_brand":[],"product_cat":[3875,3726],"product_tag":[5441,5444,5526,5781],"class_list":{"0":"post-61302","1":"product","2":"type-product","3":"status-publish","4":"has-post-thumbnail","6":"brand-ostrovit","7":"product_cat-novo-v-ponudbi","8":"product_cat-vnetja-kosti-in-sklepi","9":"product_tag-kosti","10":"product_tag-lasje","11":"product_tag-nohti","12":"product_tag-vezi","14":"first","15":"instock","16":"taxable","17":"shipping-taxable","18":"purchasable","19":"product-type-simple"},"_links":{"self":[{"href":"https:\/\/fmed.eu\/en\/wp-json\/wp\/v2\/product\/61302","targetHints":{"allow":["GET"]}}],"collection":[{"href":"https:\/\/fmed.eu\/en\/wp-json\/wp\/v2\/product"}],"about":[{"href":"https:\/\/fmed.eu\/en\/wp-json\/wp\/v2\/types\/product"}],"replies":[{"embeddable":true,"href":"https:\/\/fmed.eu\/en\/wp-json\/wp\/v2\/comments?post=61302"}],"version-history":[{"count":1,"href":"https:\/\/fmed.eu\/en\/wp-json\/wp\/v2\/product\/61302\/revisions"}],"predecessor-version":[{"id":69199,"href":"https:\/\/fmed.eu\/en\/wp-json\/wp\/v2\/product\/61302\/revisions\/69199"}],"wp:featuredmedia":[{"embeddable":true,"href":"https:\/\/fmed.eu\/en\/wp-json\/wp\/v2\/media\/61303"}],"wp:attachment":[{"href":"https:\/\/fmed.eu\/en\/wp-json\/wp\/v2\/media?parent=61302"}],"wp:term":[{"taxonomy":"brand","embeddable":true,"href":"https:\/\/fmed.eu\/en\/wp-json\/wp\/v2\/etheme_brands?post=61302"},{"taxonomy":"product_brand","embeddable":true,"href":"https:\/\/fmed.eu\/en\/wp-json\/wp\/v2\/product_brand?post=61302"},{"taxonomy":"product_cat","embeddable":true,"href":"https:\/\/fmed.eu\/en\/wp-json\/wp\/v2\/product_cat?post=61302"},{"taxonomy":"product_tag","embeddable":true,"href":"https:\/\/fmed.eu\/en\/wp-json\/wp\/v2\/product_tag?post=61302"}],"curies":[{"name":"wp","href":"https:\/\/api.w.org\/{rel}","templated":true}]}}