{"id":61312,"date":"2023-11-29T08:40:42","date_gmt":"2023-11-29T08:40:42","guid":{"rendered":"https:\/\/fmed.eu\/product\/ostrovit-collagen-kissel-kolagen-v-prahu-200g-okus-jagoda\/"},"modified":"2026-01-06T12:36:54","modified_gmt":"2026-01-06T10:36:54","slug":"ostrovit-collagen-kissel-kolagen-v-prahu-200g-okus-jagoda","status":"publish","type":"product","link":"https:\/\/fmed.eu\/en\/product\/ostrovit-collagen-kissel-kolagen-v-prahu-200g-okus-jagoda\/","title":{"rendered":"OstroVit Collagen Kissel, kolagen v prahu, 200g, okus jagoda"},"content":{"rendered":"<p>OstroVit Collagen Kissel, kolagen v prahu, 200g, okus jagoda<\/p>\n<p>Kolagen je pomembna sestavina medceli\u010dne snovi \u017eivalskih organizmov in ena glavnih gradbenih beljakovin telesa. Je naravni polimer, ki predstavlja pribli\u017eno 30 % vseh beljakovin, ki sestavljajo \u010dlove\u0161ko telo \u2013 pojavlja se v ko\u017ei, mi\u0161icah ali ro\u017eenici o\u010desa, poleg tega pa je ena glavnih sestavin vezivnega tkiva. .<\/p>\n<p>Raven kolagena v telesu se z leti zmanj\u0161uje, kar je posledica naravnih procesov staranja, ki potekajo v telesu. Beljakovine pa lahko pridobimo iz \u017eivalskih kosti ali kit. Spojina, uporabljena v OstroVit Collagen Kissel, je morski kolagen tipa I, imenovan tudi ribji kolagen, ki je po strukturi podoben kolagenu, ki nastaja naravno v \u010dlove\u0161kem telesu in velja za eno naju\u010dinkovitej\u0161ih vrst spojin.<\/p>\n<p>Vitamin A , ki je prisoten v pripravku, pomaga ohranjati zdravo ko\u017eo, podpira pa tudi vzdr\u017eevanje pravilnega vida in pravilno delovanje imunskega sistema.<br \/>\nVitamin C pomaga pri pravilni tvorbi kolagena za pravilno delovanje ko\u017ee in kosti, prispeva pa tudi k zmanj\u0161evanju utrujenosti in iz\u010drpanosti.<br \/>\nVitamin E , ki ga vsebuje prehransko dopolnilo, podpira za\u0161\u010dito celic pred oksidativnim stresom.<\/p>\n<p>Ne vsebuje sladkorja &#8211; Pri pripravi so uporabljena nizkokalori\u010dna sladila, kot sta eritritol in sukraloza, ki prispevata k zmanj\u0161anju energijske vsebnosti prehranskega dopolnila.<\/p>\n<p>Vsebuje kompleks treh vitaminov &#8211; OstroVit Collagen Kissel je vir ribjega kolagena, a tudi pomembnih mikrohranil, kot so vitamin A, vitamin C ali vitamin E.<\/p>\n<p>Velika biolo\u0161ka uporabnost &#8211; V izdelku uporabljeni hidrolizirani ribji kolagenski peptidi so spojine, ki se odlikujejo po visoki absorpciji v \u010dlove\u0161kem telesu.<\/p>\n<p>Slasten, saden okus &#8211; Pripravek z okusom jagode ne le oskrbuje telo z dragocenimi sestavinami, temve\u010d zagotavlja tudi edinstveno izku\u0161njo okusa.<\/p>\n<p>Udobna oblika &#8211; Kolagen v obliki \u017eeleja je odli\u010dna re\u0161itev za ljudi, ki imajo te\u017eave s po\u017eiranjem tablet. Poleg tega lahko pripravek vedno vzamete s seboj, za pripravo pa potrebujete le vrelo vodo.<\/p>\n","protected":false},"excerpt":{"rendered":"<p>OstroVit Collagen Kissel je vir hidroliziranih ribjih kolagenskih peptidov, ki po strukturi spominjajo na \u010dlove\u0161ki kolagen, zaradi \u010desar ga \u010dlove\u0161ko telo zelo dobro absorbira. V obliki \u017eeleja.<\/p>\n","protected":false},"featured_media":61313,"comment_status":"open","ping_status":"closed","template":"","meta":[],"etheme_brands":[{"term_id":4783,"name":"Ostrovit","slug":"ostrovit","term_group":0,"term_taxonomy_id":4783,"taxonomy":"brand","description":"","parent":0,"count":37,"filter":"raw"}],"product_brand":[],"product_cat":[3875,3726],"product_tag":[5441,5444,5526,5782,5455,5781,5783],"class_list":{"0":"post-61312","1":"product","2":"type-product","3":"status-publish","4":"has-post-thumbnail","6":"brand-ostrovit","7":"product_cat-novo-v-ponudbi","8":"product_cat-vnetja-kosti-in-sklepi","9":"product_tag-kosti","10":"product_tag-lasje","11":"product_tag-nohti","12":"product_tag-ribji-kolagen","13":"product_tag-sklepi","14":"product_tag-vezi","15":"product_tag-zele","17":"first","18":"instock","19":"taxable","20":"shipping-taxable","21":"purchasable","22":"product-type-simple"},"_links":{"self":[{"href":"https:\/\/fmed.eu\/en\/wp-json\/wp\/v2\/product\/61312","targetHints":{"allow":["GET"]}}],"collection":[{"href":"https:\/\/fmed.eu\/en\/wp-json\/wp\/v2\/product"}],"about":[{"href":"https:\/\/fmed.eu\/en\/wp-json\/wp\/v2\/types\/product"}],"replies":[{"embeddable":true,"href":"https:\/\/fmed.eu\/en\/wp-json\/wp\/v2\/comments?post=61312"}],"version-history":[{"count":1,"href":"https:\/\/fmed.eu\/en\/wp-json\/wp\/v2\/product\/61312\/revisions"}],"predecessor-version":[{"id":69198,"href":"https:\/\/fmed.eu\/en\/wp-json\/wp\/v2\/product\/61312\/revisions\/69198"}],"wp:featuredmedia":[{"embeddable":true,"href":"https:\/\/fmed.eu\/en\/wp-json\/wp\/v2\/media\/61313"}],"wp:attachment":[{"href":"https:\/\/fmed.eu\/en\/wp-json\/wp\/v2\/media?parent=61312"}],"wp:term":[{"taxonomy":"brand","embeddable":true,"href":"https:\/\/fmed.eu\/en\/wp-json\/wp\/v2\/etheme_brands?post=61312"},{"taxonomy":"product_brand","embeddable":true,"href":"https:\/\/fmed.eu\/en\/wp-json\/wp\/v2\/product_brand?post=61312"},{"taxonomy":"product_cat","embeddable":true,"href":"https:\/\/fmed.eu\/en\/wp-json\/wp\/v2\/product_cat?post=61312"},{"taxonomy":"product_tag","embeddable":true,"href":"https:\/\/fmed.eu\/en\/wp-json\/wp\/v2\/product_tag?post=61312"}],"curies":[{"name":"wp","href":"https:\/\/api.w.org\/{rel}","templated":true}]}}