{"id":61396,"date":"2023-12-01T11:13:24","date_gmt":"2023-12-01T11:13:24","guid":{"rendered":"https:\/\/fmed.eu\/product\/ostrovit-fat-burner-za-zenske-60-kapsul\/"},"modified":"2026-01-06T12:36:54","modified_gmt":"2026-01-06T10:36:54","slug":"ostrovit-fat-burner-za-zenske-60-kapsul","status":"publish","type":"product","link":"https:\/\/fmed.eu\/en\/product\/ostrovit-fat-burner-za-zenske-60-kapsul\/","title":{"rendered":"OstroVit Fat Burner za \u017eenske, 60 kapsul"},"content":{"rendered":"<p>OstroVit Fat Burner za \u017eenske, 60 kapsul<\/p>\n<p>Vse, kar potrebujete, je malo \u017eelje, odrekanja, \u010dasa in preverjene, edinstvene me\u0161anice snovi, ki sestavljajo OstroVit Fat Burner za \u017eenske. Ne glede na to, ali je va\u0161 najljub\u0161i \u0161port mo\u010d, vzdr\u017eljivost ali celo mo\u0161tveni \u0161port, kup vam bo pomagal pri vsakem izmed njih. OstroVit Fat Burner je me\u0161anica 8 elementov, ki skupaj ustvarjajo sinergijsko podporo procesu lipolize, to je razgradnje ma\u0161\u010dobnega tkiva v na\u0161em telesu.<\/p>\n<p>L-karnitin &#8211; kemi\u010dna organska spojina iz skupine aminokislin, ki so naravno prisotne v na\u0161em telesu. Podpira procese izgorevanja ma\u0161\u010dob (absorpcija energije iz ma\u0161\u010dob).<\/p>\n<p>Izvle\u010dek listov zelenega \u010daja &#8211; u\u010dinkovito podpira proces huj\u0161anja, spodbuja razgradnjo ma\u0161\u010dobnih celic in prepre\u010duje njihovo ponovno pove\u010devanje.<\/p>\n<p>L-Tirozin \u2013 omogo\u010da bolj\u0161e prena\u0161anje stranskih u\u010dinkov dolgih in te\u017ekih redukcijskih diet, kjer je na\u0161e telo v globokem kalori\u010dnem deficitu. Izbolj\u0161uje spomin in na\u0161e po\u010dutje.<\/p>\n<p>Kofein &#8211; pomaga pospe\u0161iti metabolizem, stimulira, dodaja energijo, podpira zmanj\u0161evanje nepotrebnega ma\u0161\u010dobnega tkiva.<\/p>\n<p>Izvle\u010dek semen afri\u0161kega manga \u2013 lahko vpliva na uravnavanje ravni leptina (hormona, odgovornega za apetit), uravnava presnovo in podpira presnovo lipidov (ma\u0161\u010dob).<\/p>\n<p>Izvle\u010dek zelene kave \u2013 lahko omeji presnovo ma\u0161\u010dob, pospe\u0161i metabolizem in je odli\u010den antioksidant.<\/p>\n<p>Izvle\u010dek korenine ingverja &#8211; podpira prebavo, pove\u010duje odpornost in se &#8220;bori&#8221; proti prostim radikalom.<\/p>\n<p>Krom \u2013 pomaga vzdr\u017eevati ustrezno raven glukoze v krvi, prispeva k vzdr\u017eevanju pravilne presnove makrohranil.<\/p>\n<p>Lastnosti sestavin, ki jih vsebuje OstroVit Fat Burner za \u017eenske:<\/p>\n<p>Popoln izdelek za vsakega \u0161portnika<\/p>\n<p>Je u\u010dinkovito zdravilo ne samo za \u017eenske, ampak se jim \u0161e posebej priporo\u010da<\/p>\n<p>Podpira procese izgorevanja ma\u0161\u010dob<\/p>\n<p>Pomaga izgubiti nepotrebne kilograme<\/p>\n<p>Lahko pomaga premagati \u017eeljo po visokokalori\u010dnih prigrizkih<\/p>\n<p>Spodbuja metabolizem<\/p>\n<p>Dodaja energijo in ima protivnetne lastnosti<\/p>\n","protected":false},"excerpt":{"rendered":"<p>Edinstvena sestava naravnih sestavin, ki podpirajo zmanj\u0161evanje odve\u010dne telesne ma\u0161\u010dobe.<\/p>\n","protected":false},"featured_media":61397,"comment_status":"open","ping_status":"closed","template":"","meta":[],"etheme_brands":[{"term_id":4783,"name":"Ostrovit","slug":"ostrovit","term_group":0,"term_taxonomy_id":4783,"taxonomy":"brand","description":"","parent":0,"count":37,"filter":"raw"}],"product_brand":[],"product_cat":[3875,5385],"product_tag":[5789,5787,5790,5777],"class_list":{"0":"post-61396","1":"product","2":"type-product","3":"status-publish","4":"has-post-thumbnail","6":"brand-ostrovit","7":"product_cat-novo-v-ponudbi","8":"product_cat-sportna-prehrana-regeneracija","9":"product_tag-kalorije","10":"product_tag-misicna-masa","11":"product_tag-mscoba","12":"product_tag-trening","14":"first","15":"instock","16":"taxable","17":"shipping-taxable","18":"purchasable","19":"product-type-simple"},"_links":{"self":[{"href":"https:\/\/fmed.eu\/en\/wp-json\/wp\/v2\/product\/61396","targetHints":{"allow":["GET"]}}],"collection":[{"href":"https:\/\/fmed.eu\/en\/wp-json\/wp\/v2\/product"}],"about":[{"href":"https:\/\/fmed.eu\/en\/wp-json\/wp\/v2\/types\/product"}],"replies":[{"embeddable":true,"href":"https:\/\/fmed.eu\/en\/wp-json\/wp\/v2\/comments?post=61396"}],"version-history":[{"count":1,"href":"https:\/\/fmed.eu\/en\/wp-json\/wp\/v2\/product\/61396\/revisions"}],"predecessor-version":[{"id":69190,"href":"https:\/\/fmed.eu\/en\/wp-json\/wp\/v2\/product\/61396\/revisions\/69190"}],"wp:featuredmedia":[{"embeddable":true,"href":"https:\/\/fmed.eu\/en\/wp-json\/wp\/v2\/media\/61397"}],"wp:attachment":[{"href":"https:\/\/fmed.eu\/en\/wp-json\/wp\/v2\/media?parent=61396"}],"wp:term":[{"taxonomy":"brand","embeddable":true,"href":"https:\/\/fmed.eu\/en\/wp-json\/wp\/v2\/etheme_brands?post=61396"},{"taxonomy":"product_brand","embeddable":true,"href":"https:\/\/fmed.eu\/en\/wp-json\/wp\/v2\/product_brand?post=61396"},{"taxonomy":"product_cat","embeddable":true,"href":"https:\/\/fmed.eu\/en\/wp-json\/wp\/v2\/product_cat?post=61396"},{"taxonomy":"product_tag","embeddable":true,"href":"https:\/\/fmed.eu\/en\/wp-json\/wp\/v2\/product_tag?post=61396"}],"curies":[{"name":"wp","href":"https:\/\/api.w.org\/{rel}","templated":true}]}}