{"id":61438,"date":"2024-01-16T09:50:58","date_gmt":"2024-01-16T09:50:58","guid":{"rendered":"https:\/\/fmed.eu\/product\/doctors-best-nattokinase-natokinaza-2000fus-90-kapsul\/"},"modified":"2026-01-06T12:37:02","modified_gmt":"2026-01-06T10:37:02","slug":"doctors-best-nattokinase-natokinaza-2000fus-90-kapsul","status":"publish","type":"product","link":"https:\/\/fmed.eu\/en\/product\/doctors-best-nattokinase-natokinaza-2000fus-90-kapsul\/","title":{"rendered":"Doctor&#8217;s Best, Nattokinase, Natokinaza, 2000FUs, 90 kapsul"},"content":{"rendered":"<p>Doctor&#8217;s Best Natokinaza (Nattokinase)<\/p>\n<p>Nattokinase je encim, pridobljen iz &#8220;natto&#8221;, tradicionalne fermentirane sojine hrane, priljubljene na Japonskem. Med proizvodnim procesom natto soja brez GSO se skuha in fermentira s prijaznimi bakterijami Bacillus subtilis, ki proizvajajo natokinazo. Doctor&#8217;s Best Nattokinase vsebuje encim nattokinase z odstranjenim vitaminom K2. Dokazano je, da natokinaza podpira zdrav cirkulacijski sistem, saj pomaga vzdr\u017eevati normalne liste fibrinogena v krvi.<\/p>\n<p>NATOKINAZA ZA BOLJ ZDRAVO ZDRAVJE SRCA &#8211; klini\u010dne in neklini\u010dne \u0161tudije so pokazale, da lahko natokinaza podpira zdravje srca in krvnega obtoka, tako da pomaga vzdr\u017eevati normalen pretok krvi.<\/p>\n<p>IZBOLJ\u0160AJTE KRVNI PRETOK &#8211; Veganska formula nattokinase spodbuja bolj\u0161o cirkulacijo in zdravje srca<\/p>\n<p>VEGANSKE SESTAVINE BREZ GSO \u2013 ko se zdru\u017eijo zdrave bakterije, imenovane natto bacillus, in sojina zrna, se tvori encim natokinaza, ki je prijazen do krvnega obtoka, z 2000 fu (fibrinoliti\u010dnih enot), ki pomaga vzdr\u017eevati ustrezen pretok krvi.<\/p>\n<p>Natokinaza za bolj zdravo srce!<br \/>\nKaj je Natto in Nattokinase?<\/p>\n<p>Ali ste vedeli, da je Japonska dom najstarej\u0161ega prebivalstva na svetu? Japonci \u017ee stoletja prehranjujejo svojo pot do bolj\u0161ega zdravja srca in njihova skrivnost se morda skriva v preprosti hrani, imenovani natto, fermentirani sojini izdelek, bogat z natokinazo. Natto je fermentiran s probioti\u010dno bakterijsko vrsto (Bacillus subtilis), ki spodbuja zdravje prebavil. Nattokinaza je mo\u010dna beljakovina, ki raztaplja krvne strdke, ki se uporablja pri podpori zdravja srca in o\u017eilja.<\/p>\n<p>Zakaj jemati dodatke Nattokinase? \u010ceprav je na Japonskem priljubljen, je pridobljen okus. U\u017eivanje nata za podporo zdravega srca morda ni za vsakogar. Natto ima sluzasto teksturo, ostro aromo in izrazit okus, primerljiv s fermentiranim sirom. Morda bi bilo bolje, \u010de jemljete neokusne peroralne dodatke nattokinaze, ki so najbolj\u0161i na\u010din za dostavo encima po telesu, ne da bi morali jesti ne tako privla\u010den natto!<\/p>\n<p>Nattokinaza podpira zdravo cirkulacijo Nattokinaza je znana kot mo\u010dan fibrinoliti\u010dni encim, ki je ekstrahiran in visoko pre\u010di\u0161\u010den natto. Ve\u010dletne znanstvene raziskave so pokazale, da natokinaza izbolj\u0161a krvni obtok. Natokinaza zmanj\u0161a sposobnost strjevanja krvi &#8211; &#8220;red\u010di kri&#8221; in lahko pomaga pri za\u0161\u010diti pred boleznimi, ki jih povzro\u010dajo krvni strdki.<\/p>\n<p>Za razliko od aspirina, natokinaza ne dra\u017ei \u017eelodca! \u0160tevilne \u0161tudije so pokazale pozitivne u\u010dinke natokinaze na ohranjanje zdravega krvn<\/p>\n","protected":false},"excerpt":{"rendered":"<p>Dokazano je, da natokinaza podpira zdrav cirkulacijski sistem, saj pomaga vzdr\u017eevati normalne liste fibrinogena v krvi.<\/p>\n","protected":false},"featured_media":61439,"comment_status":"open","ping_status":"closed","template":"","meta":[],"etheme_brands":[{"term_id":4643,"name":"Doctor's Best","slug":"doctors-best","term_group":0,"term_taxonomy_id":4643,"taxonomy":"brand","description":"Doctor's Best je znamka, ki so jo leta 1990 ustanovili zdravniki. Podjetje ponuja ve\u010d kot 200 izdelkov, katerih ve\u010dina je narejenih iz sestavin lastne blagovne znamke. Podjetje se lahko pohvali z izdelki, ki jih odlikujejo standardi najvi\u0161je kakovosti.","parent":0,"count":32,"filter":"raw"}],"product_brand":[],"product_cat":[3722,3732,3875,3723],"product_tag":[5469,5540,5514,5500,5585,5586,5496,5497,5587,5588],"class_list":{"0":"post-61438","1":"product","2":"type-product","3":"status-publish","4":"has-post-thumbnail","6":"brand-doctors-best","7":"product_cat-antioksidanti","8":"product_cat-energija-in-motivacija","9":"product_cat-novo-v-ponudbi","10":"product_cat-podpora-srca-in-ozilja","11":"product_tag-energija","12":"product_tag-holesterol","13":"product_tag-homocistein","14":"product_tag-imunski-sistem","15":"product_tag-infarkt","16":"product_tag-kap","17":"product_tag-ozilje","18":"product_tag-srce","19":"product_tag-statini","20":"product_tag-ubiquinol","22":"first","23":"instock","24":"taxable","25":"shipping-taxable","26":"purchasable","27":"product-type-simple"},"_links":{"self":[{"href":"https:\/\/fmed.eu\/en\/wp-json\/wp\/v2\/product\/61438","targetHints":{"allow":["GET"]}}],"collection":[{"href":"https:\/\/fmed.eu\/en\/wp-json\/wp\/v2\/product"}],"about":[{"href":"https:\/\/fmed.eu\/en\/wp-json\/wp\/v2\/types\/product"}],"replies":[{"embeddable":true,"href":"https:\/\/fmed.eu\/en\/wp-json\/wp\/v2\/comments?post=61438"}],"version-history":[{"count":1,"href":"https:\/\/fmed.eu\/en\/wp-json\/wp\/v2\/product\/61438\/revisions"}],"predecessor-version":[{"id":69185,"href":"https:\/\/fmed.eu\/en\/wp-json\/wp\/v2\/product\/61438\/revisions\/69185"}],"wp:featuredmedia":[{"embeddable":true,"href":"https:\/\/fmed.eu\/en\/wp-json\/wp\/v2\/media\/61439"}],"wp:attachment":[{"href":"https:\/\/fmed.eu\/en\/wp-json\/wp\/v2\/media?parent=61438"}],"wp:term":[{"taxonomy":"brand","embeddable":true,"href":"https:\/\/fmed.eu\/en\/wp-json\/wp\/v2\/etheme_brands?post=61438"},{"taxonomy":"product_brand","embeddable":true,"href":"https:\/\/fmed.eu\/en\/wp-json\/wp\/v2\/product_brand?post=61438"},{"taxonomy":"product_cat","embeddable":true,"href":"https:\/\/fmed.eu\/en\/wp-json\/wp\/v2\/product_cat?post=61438"},{"taxonomy":"product_tag","embeddable":true,"href":"https:\/\/fmed.eu\/en\/wp-json\/wp\/v2\/product_tag?post=61438"}],"curies":[{"name":"wp","href":"https:\/\/api.w.org\/{rel}","templated":true}]}}