{"id":61528,"date":"2024-10-08T10:29:51","date_gmt":"2024-10-08T10:29:51","guid":{"rendered":"https:\/\/fmed.eu\/product\/jarrow-formulas-alpha-gpc-300-mg-60-kapsul\/"},"modified":"2026-02-02T09:56:10","modified_gmt":"2026-02-02T07:56:10","slug":"jarrow-formulas-alpha-gpc-300-mg-60-kapsul","status":"publish","type":"product","link":"https:\/\/fmed.eu\/en\/product\/jarrow-formulas-alpha-gpc-300-mg-60-kapsul\/","title":{"rendered":"Jarrow Formulas, Alpha GPC 300 mg, 60 kapsul"},"content":{"rendered":"<p>Alpha GPC 300 mg z biolo\u0161ko razpolo\u017eljivim virom holina, vegan<\/p>\n<p>Alpha GPC Jarrow Formulas je prehransko dopolnilo, ki vsebuje alfa-glicerilfosforilholin (Alpha GPC), naravno prisotno obliko holina, ki je pomembna za delovanje mo\u017eganov. Holin, ki ga vsebuje Alpha GPC, je znan po tem, da podpira tvorbo acetilholina, pomembnega nevrotransmiterja, ki je klju\u010den za spomin, kognitivne funkcije in zdravje mo\u017eganov. Alpha GPC je cenjen zaradi svoje sposobnosti, da prehaja krvno-mo\u017egansko pregrado, kar omogo\u010da bolj\u0161i vpliv na mo\u017egane v primerjavi z drugimi oblikami holina.<\/p>\n<p>Koristi:<\/p>\n<p>Podpira zdravje mo\u017eganov in izbolj\u0161uje kognitivne funkcije.<br \/>\nPrispeva k bolj\u0161emu spominu in u\u010denju.<br \/>\nPodpira proizvodnjo acetilholina, pomembnega za signalizacijo v mo\u017eganih.<br \/>\nKoristno pri nevrolo\u0161kem zdravju in regeneraciji.<br \/>\nAlpha GPC iz Jarrow Formulas je zasnovan tako, da telesu zagotovi kakovosten vir holina, primeren tako za vsakodnevno podporo mo\u017eganom kot tudi za ljudi z ve\u010djimi potrebami po kognitivni podpori.<\/p>\n","protected":false},"excerpt":{"rendered":"<p>Alpha GPC je naravni fiziolo\u0161ki predhodnik acetilholina, nevrotransmiterja, ki sodeluje pri spominu in drugih kognitivnih funkcijah. Alpha GPC je biolo\u0161ko bolj razpolo\u017eljiv kot druge oblike holina in znano je, da prehaja krvno-mo\u017egansko pregrado.<\/p>\n","protected":false},"featured_media":61529,"comment_status":"open","ping_status":"closed","template":"","meta":[],"etheme_brands":[{"term_id":4642,"name":"Jarrow Formulas","slug":"jarrow-formulas","term_group":0,"term_taxonomy_id":4642,"taxonomy":"brand","description":"Jarrow Formulas (podjetje s sede\u017eem v ameri\u0161kem Los Angelesu) je snovalec in dobavitelj vrhunskih prehranskih dopolnil. Podjetje je bilo ustanovljeno leta 1977. Celotna linija Jarrow Formulas zajema vitamine, minerale, probiotike, standardizirane zeli\u0161\u010dne koncentrate, aminokisline in encime.\r\nPodjetje tudi financira raziskovalne \u0161tudije o pomembnosti prehranskih izdelkov, kot je denimo CoQ10. Cilj podjetja je namre\u010d spodbujati optimalno zdravje s prehranskimi dopolnili visoke kakovosti, u\u010dinkovitosti, dostopnosti in v vrhunskih oblikah.","parent":0,"count":36,"filter":"raw"}],"product_brand":[],"product_cat":[3875,3723,3724,3736],"product_tag":[5540,5514,5451,5492,5583,5493,5584,5445,5527],"class_list":{"0":"post-61528","1":"product","2":"type-product","3":"status-publish","4":"has-post-thumbnail","6":"brand-jarrow-formulas","7":"product_cat-novo-v-ponudbi","8":"product_cat-podpora-srca-in-ozilja","9":"product_cat-razstrupljanje-in-jetra","10":"product_cat-spomin-in-zdravje-mozganov","11":"product_tag-holesterol","12":"product_tag-homocistein","13":"product_tag-jetra","14":"product_tag-koncentracija","15":"product_tag-mascobe","16":"product_tag-mozgani","17":"product_tag-nootropik","18":"product_tag-razstrupljanje","19":"product_tag-spomin","21":"first","22":"instock","23":"taxable","24":"shipping-taxable","25":"purchasable","26":"product-type-simple"},"_links":{"self":[{"href":"https:\/\/fmed.eu\/en\/wp-json\/wp\/v2\/product\/61528","targetHints":{"allow":["GET"]}}],"collection":[{"href":"https:\/\/fmed.eu\/en\/wp-json\/wp\/v2\/product"}],"about":[{"href":"https:\/\/fmed.eu\/en\/wp-json\/wp\/v2\/types\/product"}],"replies":[{"embeddable":true,"href":"https:\/\/fmed.eu\/en\/wp-json\/wp\/v2\/comments?post=61528"}],"version-history":[{"count":1,"href":"https:\/\/fmed.eu\/en\/wp-json\/wp\/v2\/product\/61528\/revisions"}],"predecessor-version":[{"id":69177,"href":"https:\/\/fmed.eu\/en\/wp-json\/wp\/v2\/product\/61528\/revisions\/69177"}],"wp:featuredmedia":[{"embeddable":true,"href":"https:\/\/fmed.eu\/en\/wp-json\/wp\/v2\/media\/61529"}],"wp:attachment":[{"href":"https:\/\/fmed.eu\/en\/wp-json\/wp\/v2\/media?parent=61528"}],"wp:term":[{"taxonomy":"brand","embeddable":true,"href":"https:\/\/fmed.eu\/en\/wp-json\/wp\/v2\/etheme_brands?post=61528"},{"taxonomy":"product_brand","embeddable":true,"href":"https:\/\/fmed.eu\/en\/wp-json\/wp\/v2\/product_brand?post=61528"},{"taxonomy":"product_cat","embeddable":true,"href":"https:\/\/fmed.eu\/en\/wp-json\/wp\/v2\/product_cat?post=61528"},{"taxonomy":"product_tag","embeddable":true,"href":"https:\/\/fmed.eu\/en\/wp-json\/wp\/v2\/product_tag?post=61528"}],"curies":[{"name":"wp","href":"https:\/\/api.w.org\/{rel}","templated":true}]}}