{"id":64021,"date":"2025-03-12T14:03:40","date_gmt":"2025-03-12T14:03:40","guid":{"rendered":"https:\/\/fmed.eu\/bodovi-vjernosti\/"},"modified":"2025-03-12T14:17:04","modified_gmt":"2025-03-12T14:17:04","slug":"fmed-klub","status":"publish","type":"page","link":"https:\/\/fmed.eu\/hr\/fmed-klub\/","title":{"rendered":"FMED klub"},"content":{"rendered":"\t\t<div data-elementor-type=\"wp-page\" data-elementor-id=\"64021\" class=\"elementor elementor-64021 elementor-64015\" data-elementor-post-type=\"page\">\n\t\t\t\t<div class=\"elementor-element elementor-element-e150cf3 e-flex e-con-boxed e-con e-parent\" data-id=\"e150cf3\" data-element_type=\"container\" data-e-type=\"container\">\n\t\t\t\t\t<div class=\"e-con-inner\">\n\t\t\t\t<div class=\"elementor-element elementor-element-d8a4886 elementor-widget elementor-widget-text-editor\" data-id=\"d8a4886\" data-element_type=\"widget\" data-e-type=\"widget\" data-widget_type=\"text-editor.default\">\n\t\t\t\t<div class=\"elementor-widget-container\">\n\t\t\t\t\t\t\t\t\t<p>Za registrirane korisnike nudimo nekoliko razli\u010ditih pogodnosti koje mo\u017eete koristiti uz pomo\u0107 FMED bodova.<\/p>\n<h2>Kako mogu dobiti FMED bodove?<\/h2>\n<p>Trenutno mo\u017eete zaraditi FMED bodove:<\/p>\n<ul>\n<li>Uz online kupnju<\/li>\n<li>S drugim radnjama koje on odre\u0111uje<\/li>\n<\/ul>\n<p>VA\u017dAN! Ako niste prijavljeni u trenutku naplate, ne mo\u017eemo vam dodijeliti bodove za kupnju iz tehni\u010dkih razloga. <\/p>\n<h3>FMED bodovi za online kupnju<\/h3>\n<p>Za svakih punih 1,00 \u20ac vrijednosti va\u0161e narud\u017ebe dobit \u0107ete jedan bod. 1,99 \u20ac donosi vam 1 bod, dok vam 2,00 \u20ac ve\u0107 donosi 2 boda. <\/p>\n<p>Bodovi \u0107e biti dodijeljeni na va\u0161 ra\u010dun nakon \u0161to va\u0161a narud\u017eba bude u cijelosti pla\u0107ena i uplata nam bude dodijeljena.<\/p>\n<p>Ako se vrijednost narud\u017ebe i pla\u0107anje razlikuju (npr. zbog pogre\u0161ke u povratu ili isporuci), dobit \u0107ete broj bodova prema iznosu koji ste platili. Za svaku dovr\u0161enu i obra\u0111enu kupnju dobit \u0107ete bodove, a za 1 \u20ac 1 FMED bod. <\/p>\n<h2>Vaga<\/h2>\n<ul>\n<li>Srebrno \u010dlanstvo, 300 bodova i vi\u0161e donosi vam 5% popusta na svaku kupnju<\/li>\n<li>Zlatno \u010dlanstvo, vi\u0161e od 1500 bodova donosi vam 15% popusta na bilo koju kupnju<\/li>\n<li>Platinum \u010dlanstvo, vi\u0161e od 2500 bodova donosi vam 20% popusta na bilo koju kupnju<\/li>\n<\/ul>\n<h2>Korisni\u010dki portal<\/h2>\n<p>Svom bodovnom saldu mo\u017eete pristupiti na svojim korisni\u010dkim stranicama u kartici &#8220;<a href=\"https:\/\/www.fmed.eu\/moj-racun\/my-points\/\">Moji bodovi<\/a>&#8220;.<\/p>\n<h2>Valjanost<\/h2>\n<p>Bodovi vrijede 1 godinu od kupnje.<\/p>\n<p>Nakon \u0161to pro\u0111e 1 godina od kupnje, broj FMED bodova bit \u0107e izbrisan. 30, 20 i 10 dana prije isteka bodova, obavijestit \u0107emo vas e-po\u0161tom. <\/p>\n<p>U slu\u010daju da imate dovoljno bodova na svom ra\u010dunu na datum isteka, ostat \u0107ete na trenutnoj razini, u slu\u010daju da na va\u0161em ra\u010dunu ima manje FMED bodova, stavit \u0107emo vas na odgovaraju\u0107u razinu prema ljestvici.<\/p>\n<p>Zadr\u017eavamo pravo promjene ili ukidanja bodova vjernosti bez prethodne najave. <\/p>\n<p>Ovaj je dokument posljednji put izmijenjen 10\/09\/2022.<\/p>\n\t\t\t\t\t\t\t\t<\/div>\n\t\t\t\t<\/div>\n\t\t\t\t\t<\/div>\n\t\t\t\t<\/div>\n\t\t<div class=\"elementor-element elementor-element-59bdcde e-flex e-con-boxed e-con e-parent\" data-id=\"59bdcde\" data-element_type=\"container\" data-e-type=\"container\">\n\t\t\t\t\t<div class=\"e-con-inner\">\n\t\t\t\t<div class=\"elementor-element elementor-element-cbf36c5 elementor-widget elementor-widget-etheme_products\" data-id=\"cbf36c5\" data-element_type=\"widget\" data-e-type=\"widget\" data-widget_type=\"etheme_products.default\">\n\t\t\t\t<div class=\"elementor-widget-container\">\n\t\t\t\t\t        <link rel=\"stylesheet\" href=\"https:\/\/fmed.eu\/wp-content\/themes\/xstore\/css\/modules\/woocommerce\/product-hovers\/product-view-default.min.css\" type=\"text\/css\" media=\"all\" \/> \t\t<div class=\"etheme_products etheme_products-r335 \" >\t\t\t\t<div class=\"row products products-loop products-grid row-count-3\" data-row-count=\"3\">\n\n\t\t\t\t\r\n\t\t\t\t\t\t\t\t\t\r\n\t\t\t\t\t \t<div class=\"first grid-sizer wishlist-disabled col-md-4 col-sm-6 col-xs-6 product-hover-disable product-view-default view-color-dark et_cart-on product type-product post-59096 status-publish outofstock product_cat-ostalo-hr has-post-thumbnail taxable shipping-taxable purchasable product-type-simple\">\n        \t\t<div class=\"content-product \">\n\t\t\t\n\t\t\t\n\t\t\t\t<div class=\"product-image-wrapper hover-effect-disable\"\n                    >\n\n\t\t\t\t\t\t\t\t\t\t<p class=\"stock out-of-stock\">Nema na zalihi<\/p>                        <a class=\"product-content-image woocommerce-LoopProduct-link woocommerce-loop-product__link\" href=\"https:\/\/fmed.eu\/hr\/proizvod\/ohladena-dostava\/\"\n                           data-images=\"\"\n                        >\n                            <img fetchpriority=\"high\" decoding=\"async\" width=\"300\" height=\"300\" src=\"https:\/\/fmed.eu\/wp-content\/uploads\/xstore\/xstore-placeholder-1x1.png\" class=\"attachment-woocommerce_thumbnail size-woocommerce_thumbnail lazyload lazyload-simple et-lazyload-fadeIn\" alt=\"Ohla\u0111ena dostava\" sizes=\"(max-width: 300px) 100vw, 300px\" data-src=\"https:\/\/fmed.eu\/wp-content\/uploads\/2025\/01\/hlajena-dostava-300x300.jpg\" data-srcset=\"https:\/\/fmed.eu\/wp-content\/uploads\/2025\/01\/hlajena-dostava-300x300.jpg 300w, https:\/\/fmed.eu\/wp-content\/uploads\/2025\/01\/hlajena-dostava-1024x1024.jpg 1024w, https:\/\/fmed.eu\/wp-content\/uploads\/2025\/01\/hlajena-dostava-150x150.jpg 150w, https:\/\/fmed.eu\/wp-content\/uploads\/2025\/01\/hlajena-dostava-768x768.jpg 768w, https:\/\/fmed.eu\/wp-content\/uploads\/2025\/01\/hlajena-dostava-1536x1536.jpg 1536w, https:\/\/fmed.eu\/wp-content\/uploads\/2025\/01\/hlajena-dostava-600x600.jpg 600w, https:\/\/fmed.eu\/wp-content\/uploads\/2025\/01\/hlajena-dostava-100x100.jpg 100w, https:\/\/fmed.eu\/wp-content\/uploads\/2025\/01\/hlajena-dostava-1x1.jpg 1w, https:\/\/fmed.eu\/wp-content\/uploads\/2025\/01\/hlajena-dostava-10x10.jpg 10w, https:\/\/fmed.eu\/wp-content\/uploads\/2025\/01\/hlajena-dostava.jpg 1600w\" \/>                        <\/a>\n\t\t\t\t\t\t\t\t\t\t\t<footer class=\"footer-product\">\n                            \t\t\t\t\t\t\t\t\t<span class=\"show-quickly\" data-prodid=\"59096\">Brzi pogled<\/span>\n\t\t\t\t\t\t\t\t                            \t\t\t\t\t\t<\/footer>\n\t\t\t\t\t\t\t\t\t<\/div>\n\n\t\t\t\t\n\t\t\t\t\t<div class=\"text-center product-details\">\t\t\t\t\t\t\t<h2 class=\"product-title\">\n\t\t\t\t\t\t\t\t<a href=\"https:\/\/fmed.eu\/hr\/proizvod\/ohladena-dostava\/\">Ohla\u0111ena dostava<\/a>\n                            <\/h2>\n\t\t\t\t\t\t        <div class=\"products-page-brands\">\r\n\t\t\t                <a href=\"https:\/\/fmed.eu\/hr\/product-brands\/fmed-hr\/\"\r\n                   class=\"view-products\">Fmed<\/a>\r\n\t\t\t\t\t\t\t        <\/div>\r\n\t\t\n\t<span class=\"price\"><span class=\"woocommerce-Price-amount amount\"><bdi><span class=\"woocommerce-Price-currencySymbol\">&euro;<\/span>5,56<\/bdi><\/span> <small class=\"woocommerce-price-suffix\">z DPH<\/small><\/span>\n\n\t\t\t\t\t\t<\/a><a href=\"https:\/\/fmed.eu\/hr\/proizvod\/ohladena-dostava\/\" aria-describedby=\"woocommerce_loop_add_to_cart_link_describedby_59096\" data-quantity=\"1\" class=\"button product_type_simple\" data-product_id=\"59096\" data-product_sku=\"FM-1\" aria-label=\"Pro\u010ditaj vi\u0161e o &ldquo;Ohla\u0111ena dostava&rdquo;\" rel=\"nofollow\" data-success_message=\"\" data-product_name=\"Ohla\u0111ena dostava\">Pro\u010ditaj vi\u0161e<\/a>\t<span id=\"woocommerce_loop_add_to_cart_link_describedby_59096\" class=\"screen-reader-text\">\n\t\t\t<\/span>\n<div class=\"xoo-wl-btn-container xoo-wl-btc-simple xoo-wl-btc-popup\"><button type=\"button\" data-product_id=\"59096\" class=\"xoo-wl-action-btn xoo-wl-open-form-btn button btn xoo-wl-btn-popup\" >Po\u0161aljite mi e-po\u0161tu kada bude dostupno<\/button><\/div>\n                        \n                                        <\/div>\n\t\t\t\t\t\t\t\t\t         \t\t<\/div><!-- .content-product -->\n\t<\/div>\n\n\t\t\t\t\r\n\t\t\t\t\t\t\t\t\r\n\t\t\t\t<\/div> <!-- .row -->\t\t\t\t\t<\/div>\t\t\t\t<\/div>\n\t\t\t\t<\/div>\n\t\t\t\t\t<\/div>\n\t\t\t\t<\/div>\n\t\t\t\t<\/div>\n\t\t","protected":false},"excerpt":{"rendered":"<p>&#8230;<\/p>\n","protected":false},"author":1,"featured_media":0,"parent":0,"menu_order":0,"comment_status":"closed","ping_status":"closed","template":"","meta":{"footnotes":""},"class_list":["post-64021","page","type-page","status-publish","hentry"],"_links":{"self":[{"href":"https:\/\/fmed.eu\/hr\/wp-json\/wp\/v2\/pages\/64021","targetHints":{"allow":["GET"]}}],"collection":[{"href":"https:\/\/fmed.eu\/hr\/wp-json\/wp\/v2\/pages"}],"about":[{"href":"https:\/\/fmed.eu\/hr\/wp-json\/wp\/v2\/types\/page"}],"author":[{"embeddable":true,"href":"https:\/\/fmed.eu\/hr\/wp-json\/wp\/v2\/users\/1"}],"replies":[{"embeddable":true,"href":"https:\/\/fmed.eu\/hr\/wp-json\/wp\/v2\/comments?post=64021"}],"version-history":[{"count":0,"href":"https:\/\/fmed.eu\/hr\/wp-json\/wp\/v2\/pages\/64021\/revisions"}],"wp:attachment":[{"href":"https:\/\/fmed.eu\/hr\/wp-json\/wp\/v2\/media?parent=64021"}],"curies":[{"name":"wp","href":"https:\/\/api.w.org\/{rel}","templated":true}]}}