{"id":69903,"date":"2025-02-21T17:02:26","date_gmt":"2025-02-21T15:02:26","guid":{"rendered":"https:\/\/fmed.eu\/opci-uvjeti-poslovanja\/"},"modified":"2025-11-11T10:06:51","modified_gmt":"2025-11-11T08:06:51","slug":"opci-uvjeti-poslovanja","status":"publish","type":"page","link":"https:\/\/fmed.eu\/hr\/opci-uvjeti-poslovanja\/","title":{"rendered":"Op\u0107i uvjeti poslovanja"},"content":{"rendered":"\t\t<div data-elementor-type=\"wp-page\" data-elementor-id=\"69903\" class=\"elementor elementor-69903 elementor-62561\" data-elementor-post-type=\"page\">\n\t\t\t\t<div class=\"elementor-element elementor-element-e150cf3 e-flex e-con-boxed e-con e-parent\" data-id=\"e150cf3\" data-element_type=\"container\" data-e-type=\"container\">\n\t\t\t\t\t<div class=\"e-con-inner\">\n\t\t\t\t<div class=\"elementor-element elementor-element-d8a4886 elementor-widget elementor-widget-text-editor\" data-id=\"d8a4886\" data-element_type=\"widget\" data-e-type=\"widget\" data-widget_type=\"text-editor.default\">\n\t\t\t\t<div class=\"elementor-widget-container\">\n\t\t\t\t\t\t\t\t\t<h4>Op\u0107i uvjeti poslovanja<\/h4>\n<p>Dobrodo\u0161li u Fmed.eu internetsku trgovinu. Web stranicom upravlja Adrimax s.r.o., pru\u017eatelj usluga e-trgovine (u daljnjem tekstu &#8220;Pru\u017eatelj&#8221;). Svi korisnici podlije\u017eu sljede\u0107im op\u0107im uvjetima i odredbama, koji se moraju uzeti u obzir. Op\u0107i uvjeti sastavljeni su u skladu s va\u017ee\u0107im zakonodavstvom. U slu\u010daju da se ne sla\u017eete s ovim op\u0107im uvjetima, napustite web stranicu. Zadr\u017eavamo pravo izmjene op\u0107ih uvjeta na web stranicama fmed.eu u bilo kojem trenutku i bez prethodne najave. Sve promjene Op\u0107ih uvjeta obvezuju\u0107e su za Korisnike.      <\/p>\n<p>Korisnik je svatko tko koristi internetsku trgovinu: <a href=\"https:\/\/fmed.eu\/hr\/\">fmed.eu<\/a>.<br>Informacije o pru\u017eatelju usluga dostupne su na poveznici: <a href=\"\/?page_id=6311\">https:\/\/fmed.eu\/pravne-informacije\/<\/a><\/p>\n<h4>Cijene i uvjeti pla\u0107anja<\/h4>\n<p>Sve objavljene cijene izra\u017eene su u eurima i uklju\u010duju PDV. Cijene vrijede za kupnje putem internetske trgovine fmed.eu i podlo\u017ene su promjenama bez prethodne najave. Sve cijene vrijede u trenutku narud\u017ebe. Obveznici PDV-a tako\u0111er su du\u017eni navesti svoj porezni broj prilikom registracije.   <\/p>\n<h4>Na\u010dini pla\u0107anja u internetskoj trgovini fmed.eu<\/h4>\n<p>Pla\u0107anje odabrane robe mo\u017ee se podmiriti na tri na\u010dina:<\/p>\n<ul>\n<li>pla\u0107anje pouze\u0107em po primitku po\u0161iljke; Prilikom narud\u017ebe kupac odabire na\u010din pla\u0107anja &#8220;pouze\u0107em&#8221;. U trenutku prihva\u0107anja narud\u017ebe ona se potvr\u0111uje i \u0161alje se status &#8220;u obradi&#8221;. Ako je proizvod na zalihi, \u0161alje se sljede\u0107i radni dan (&#8220;poslano&#8221; status), u suprotnom kupac je obavije\u0161ten e-mailom ili telefonom. <\/li>\n<\/ul>\n<p>Dostava putem GLS-a ili DPD-a: Kupac pla\u0107a robu po primitku po\u0161iljke, kao i tro\u0161kove po\u0161tanske uputnice, po\u0161tanskom djelatniku ili u po\u0161ti u slu\u010daju da ste odsutni kada dostavlja\u010d do\u0111e u posjet. Tro\u0161ak po\u0161tanske uputnice ili provizije napla\u0107uje se u internetskoj trgovini fmed.eu prije potvrde narud\u017ebe.  <\/p>\n<ul>\n<li>pla\u0107anje predra\u010dunom. Korisnik \u0107e dobiti upute o na\u010dinu pla\u0107anja narud\u017ebe putem e-maila i na kraju kupnje. U svrhu pla\u0107anja i reference unosi se broj narud\u017ebe.  <\/li>\n<li>Pla\u0107anje bankovnom ili kreditnom karticom putem procesora pla\u0107anja Stripe.com. Ako je proizvod na zalihi, \u0161alje se sljede\u0107i radni dan (&#8220;poslano&#8221; status), u suprotnom kupac je obavije\u0161ten e-mailom ili telefonom.  <\/li>\n<\/ul>\n<h4>Jamstvo<\/h4>\n<p>Artikli imaju jamstvo ako je to navedeno na jamstvenom listu ili na ra\u010dunu. Jamstvo vrijedi prema uputama na jamstvenom listu i uz predo\u010denje ra\u010duna. Jamstveni rokovi navedeni su na jamstvenim listovima ili na ra\u010dunu.  <\/p>\n<p>Informacije o jamstvu tako\u0111er su navedene na stranici prezentacije proizvoda. Ako nema podataka o jamstvu, artikl nema jamstvo ili podaci trenutno nisu poznati. U potonjem slu\u010daju mo\u017eete nas kontaktirati i dobiti a\u017eurne informacije. Potro\u0161a\u010d mo\u017ee potra\u017eivati jamstvo za proizvode za koje je jamstvo obvezno (popis tih proizvoda odre\u0111en je Pravilima o robi za koje se izdaje jamstvo za besprijekoran rad) i za one za koje je dano dobrovoljno jamstvo. Tijekom jamstvenog razdoblja potro\u0161a\u010d mo\u017ee zatra\u017eiti od jamca da besplatno otkloni nedostatak. Ako se kvar ne mo\u017ee otkloniti ili ga tvrtka ne otkloni u ukupnom roku od 45 dana, potro\u0161a\u010d mo\u017ee zatra\u017eiti zamjenu za novi besplatni proizvod.<br>Jamstvo ne pokriva:     <\/p>\n<ol>\n<li>Normalno tro\u0161enje proizvoda<\/li>\n<li>mehani\u010dka o\u0161te\u0107enja (npr. o\u0161te\u0107enja uzrokovana o\u0161trim predmetom, uvijanje, stiskanje, pad itd.)<\/li>\n<li>nedostaci ili o\u0161te\u0107enja uzrokovana nepravilnom uporabom proizvoda, odnosno postupanjem suprotnim uputama proizvo\u0111a\u010da za uporabu <\/li>\n<li>pogre\u0161ke zbog \u010dimbenika koji su izvan razumnog dosega jamca<\/li>\n<li>ne pokriva nedostatke uzrokovane kori\u0161tenjem proizvoda u svrhu koja nije predvi\u0111ena ili od strane tre\u0107e strane<\/li>\n<li>Jamstvo ne pokriva nedostatke nastale spajanjem proizvoda na nepravilno instaliran ili neispravan pribor<\/li>\n<li>Jamstvo ne vrijedi ako je proizvod bio izlo\u017een vlazi, vlazi, ekstremnoj vru\u0107ini ili drugim uvjetima okoline, brzim promjenama tih uvjeta, korozivnim u\u010dincima, oksidaciji, prolijevanju hrane ili pi\u0107a ili u\u010dincima kemijskih sredstava.<\/li>\n<li>Jamstvo se ne primjenjuje ako je proizvod otvorio, izmijenio ili popravio bilo tko osim ovla\u0161tenog davatelja usluga<\/li>\n<li>Jamstvo se ne primjenjuje ako su podaci na jamstvenom listu ili ra\u010dunu promijenjeni ili ispravljeni<\/li>\n<\/ol>\n<h4>\u010cinjeni\u010dna pogre\u0161ka<\/h4>\n<p>Potro\u0161a\u010d (korisnik) mo\u017ee potra\u017eivati nedostatke kupljene robe pod jamstvom ili na temelju materijalnog nedostatka.<br>Reklamaciju po temelju materijalnog nedostatka potro\u0161a\u010d mo\u017ee potra\u017eivati za svaki kupljeni proizvod (\u0161to zna\u010di da potro\u0161a\u010d mo\u017ee ostvariti prava iz materijalnog nedostatka zbog nedostatka proizvoda za koji nije dano jamstvo, a mo\u017ee odlu\u010diti u\u010diniti isto ako ne \u017eeli zahtijevati jamstvo za proizvod za koji je dano jamstvo).<br>Pogre\u0161ka je stvarna:<\/p>\n<ul>\n<li>ako roba nema svojstva potrebna za njezinu uobi\u010dajenu uporabu ili za promet;<\/li>\n<li>ako roba nema svojstva potrebna za posebnu uporabu za koju je kupac kupuje, ali koja su prodavatelju bila poznata ili su mu trebala biti poznata;<\/li>\n<li>ako roba nema svojstva i obilje\u017eja koja su izri\u010dito ili pre\u0161utno dogovorena ili propisana;<\/li>\n<li>ako je prodavatelj isporu\u010dio robu koja nije u skladu s uzorkom ili modelom, osim ako je uzorak ili model prikazan samo u svrhu prijave.<\/li>\n<\/ul>\n<p>Na temelju materijalnog nedostatka, potro\u0161a\u010d mo\u017ee prigovoriti prodavatelju nedostatak proizvoda u roku od dva mjeseca od otkrivanja materijalnog nedostatka (prodavatelj vi\u0161e nije odgovoran za nedostatke koji se pojave na proizvodu nakon dvije godine od primitka), te po vlastitom izboru zatra\u017eiti ispravak nedostatka ili povrat upla\u0107enog iznosa razmjerno kvaru ili zamjenu robe ili povrat upla\u0107enog iznosa. Potro\u0161a\u010d mora detaljnije opisati nedostatak u obavijesti o kvaru i omogu\u0107iti prodavatelju da pregleda proizvod. Ako nedostatak nije sporan, tvrtka mora udovoljiti zahtjevu potro\u0161a\u010da u najkra\u0107em mogu\u0107em roku, a najkasnije u roku od osam dana. Ako postoji spor oko nedostatka, tvrtka mora potro\u0161a\u010du dati pisani odgovor u istom roku. Da biste potvrdili materijalni nedostatak, morate poslati pisani zahtjev e-po\u0161tom na info@fmed.eu.    <\/p>\n<h4>Ograni\u010denje odgovornosti<\/h4>\n<p>Adrimax s.r.o. ula\u017ee sve napore kako bi osigurao da su informacije objavljene na ovoj web stranici a\u017eurne, to\u010dne i potpune. Tvrtka tako\u0111er zadr\u017eava pravo izmjene sadr\u017eaja web stranice bez prethodne najave. Iako tvrtka daje sve od sebe kako bi pru\u017eila to\u010dne fotografije predmeta za prodaju, sve fotografije treba shvatiti kao simboli\u010dne. Fotografije ne jam\u010de karakteristike predmeta.   <\/p>\n<h4>Informacije o proizvodu<\/h4>\n<p>Adrimax s.r.o. daje sve od sebe kako bi pru\u017eio kvalitetne i profesionalne informacije o proizvodima u svojoj ponudi. Informacije na web stranici fmed.eu nisu zdravstveni savjeti ili bilo kakvi savjeti u srodnom podru\u010dju, uklju\u010duju\u0107i dobrobit, energiju, san itd. Kupac je du\u017ean informirati se o u\u010dinku kupljenog proizvoda i njegovoj pravilnoj uporabi kod lije\u010dnika, ljekarnika ili drugog stru\u010dnjaka. Adrimax s.r.o. ne preuzima nikakvu odgovornost za uzimanje kupljenih dodataka prehrani. Adrimax s.r.o. tako\u0111er ne jam\u010di vjerodostojnost i to\u010dnost podataka zabilje\u017eenih na fmed.eu web stranici. Posjetitelj je du\u017ean informirati se o kupljenim proizvodima.     <\/p>\n<h4>Postupak registracije korisnika<\/h4>\n<p>Stranice fmed.eu internetske trgovine dostupne su i registriranim korisnicima i anonimnim posjetiteljima internetske trgovine. Svaki korisnik dobiva svoju lozinku prilikom besplatne registracije. Svaki korisnik jam\u010di da \u0107e svoje korisni\u010dko ime i lozinku imati samo kod svoje ovla\u0161tene osobe.   <\/p>\n<h4>Narud\u017ebe i prednarud\u017ebe<\/h4>\n<p>Mogu\u0107nost naru\u010divanja je 24 sata dnevno, svaki dan u godini. Obrada narud\u017ebe zapo\u010dinje odmah nakon primitka narud\u017ebe putem ko\u0161arice. Nakon zavr\u0161etka procesa kupnje, korisnik \u0107e putem e-maila dobiti obavijest o primitku narud\u017ebe sa svim potrebnim podacima o kupnji. Pritom kupac mora obratiti pozornost na ispravan unos podataka. Kupac tako\u0111er prima e-mail u trenutku otpreme robe. Pru\u017eatelj usluga nije odgovoran za ka\u0161njenja uzrokovana dostavnom tvrtkom ili za ka\u0161njenja dobavlja\u010da u isporuci proizvoda. Kada korisnik izvr\u0161i narud\u017ebu, smatra se da je prihva\u0107a i sla\u017ee se s navedenim op\u0107im uvjetima. Internetska trgovina fmed.eu ne snosi naknadnu odgovornost u slu\u010daju da nije u mogu\u0107nosti isporu\u010diti odre\u0111eni artikl ili u slu\u010daju ka\u0161njenja u isporuci.<br>Korak po korak postupak kupnje (sklapanje ugovora) dostupan je na poveznici: <a href=\"\/?page_id=6308\">https:\/\/www.fmed.eu\/postopek-nakupa<\/a>       <\/p>\n<h4>Tro\u0161ak otkazivanja i obrade narud\u017ebe<\/h4>\n<p>Kupac mo\u017ee otkazati narud\u017ebu prije otpreme robe. U slu\u010daju otkazivanja narud\u017ebe nakon potvrde i pla\u0107anja, ali prije otpreme, pru\u017eatelj zadr\u017eava pravo naplate naknade za obradu u iznosu <b>od 10,00 EUR<\/b>, koja se odbija od povrata.<br>Ovaj tro\u0161ak pokriva tro\u0161kove obrade narud\u017ebi, transakcijske naknade i administrativne zadatke.<span style=\"color: inherit; font-family: inherit; font-size: inherit; background-color: rgba(0, 0, 0, 0);\"><br>Ova odredba ne dovodi u pitanje pravo potro\u0161a\u010da na odustajanje od ugovora prema Zakonu o za\u0161titi potro\u0161a\u010da (ZVPot), koji se odnosi na fizi\u010dke osobe koje kupuju robu u svrhe izvan svoje pla\u0107ene djelatnosti.<\/span> <\/p>\n<h4>Pravo na odustajanje od ugovora, povrat proizvoda, povrat pla\u0107anja<\/h4>\n<p>Korisnik (gore navedeno odnosi se isklju\u010divo na fizi\u010dke osobe koje nabavljaju robu u svrhe izvan svoje pla\u0107ene djelatnosti) ima pravo obavijestiti Pru\u017eatelja putem <a href=\"https:\/\/mailto:info@fmed.eu\">e-mail adrese info@fmed.eu<\/a> roku od \u010detrnaest (14) dana od primitka robe, da odustaje od ugovora, bez potrebe za navo\u0111enjem razloga za svoju odluku. Jedini tro\u0161ak koji potro\u0161a\u010d mora platiti u slu\u010daju odustajanja od ugovora je tro\u0161ak povrata robe. Ne prihva\u0107amo po\u0161iljke s otkupninom! Roba se mora vratiti prodavatelju najkasnije u roku od 14 dana od podno\u0161enja poruke o odustajanju od ugovora (kupnje). Za odustajanje od ugovora o stvarima korisnik mora poslati pisani zahtjev e-po\u0161tom na <a href=\"https:\/\/mailto:info@fmed.eu\">adresu info@fmed.eu<\/a>. Proizvodi moraju biti nekori\u0161teni, neo\u0161te\u0107eni i u originalnom pakiranju, koje mora biti neo\u0161te\u0107eno, ina\u010de \u0107e povrat robe biti odbijen. U slu\u010daju da korisnik naru\u010di dva ili vi\u0161e proizvoda u isto vrijeme, korisnik ima pravo odustati od ugovora i za pojedine proizvode. Ponu\u0111a\u010d \u0107e vratiti punu kupoprodajnu cijenu u najkra\u0107em mogu\u0107em roku, najkasnije u roku od 14 dana od primitka poruke o odustajanju od ugovora, pri \u010demu \u0107e kupoprodajna cijena biti vra\u0107ena transakcijom na bankovni ra\u010dun korisnika. Kupac mora vratiti robu na adresu tvrtke Adrimax s.r.o. Ako pru\u017eatelj zakasni s povratom uplate, mora potro\u0161a\u010du platiti, uz zakonsku zateznu kamatu, i jednu desetinu primljenih uplata za svakih navr\u0161enih trideset dana ka\u0161njenja u povratu.<br>Potro\u0161a\u010d nema pravo odustajanja u slu\u010daju ugovora \u010diji je predmet proizvod koji je proizveden u skladu s preciznim uputama potro\u0161a\u010da, koji je prilago\u0111en njegovim osobnim potrebama, koji po svojoj prirodi nije prikladan za povrat, koji je kvarljiv ili koji je ve\u0107 istekao. Ne postoji mogu\u0107nost odustajanja od ugovora pri kupnji softvera ili audio i video medija ako je potro\u0161a\u010d otvorio sigurnosni pe\u010dat.         <\/p>\n<h4>Povrat predmeta za pravne osobe<\/h4>\n<p>Ako \u017eelite ra\u010dun u tvrtki, prihva\u0107ate uvjete koji vrijede za tvrtke (isti uvjeti kao i za fizi\u010dke osobe, ali bez mogu\u0107nosti odustajanja od ugovora u roku od 14 dana). Omogu\u0107ujemo tvrtkama, obrtnicima i drugim pravnim osobama da vrate po\u0161iljke artikala unutar jamstvenih uvjeta. Pravne osobe nemaju mogu\u0107nost odustajanja od ugovora u roku od 14 dana ili povrata kupoprodajne cijene, kao \u0161to je slu\u010daj s potro\u0161a\u010dima (fizi\u010dkim osobama).  <\/p>\n<h4>Povrat o\u0161te\u0107enih po\u0161iljaka<\/h4>\n<p>U slu\u010daju da kupac primi fizi\u010dki o\u0161te\u0107enu po\u0161iljku ili paket koji pokazuje znakove otvaranja, ili paket s nedostatkom sadr\u017eaja, potrebno je to reklamirati dostavnoj slu\u017ebi, u istom stanju u kakvom je zaprimljen (bez dodavanja ili uklanjanja) te pokrenuti postupak reklamacije kod dostavne slu\u017ebe popunjavanjem zapisnika o reklamaciji. Zajedno s dostavnom slu\u017ebom nastojat \u0107emo rije\u0161iti prigovor u najkra\u0107em mogu\u0107em roku.  <\/p>\n<h4>Otprema, dostava i preuzimanje proizvoda<\/h4>\n<p>Proizvodi \u0107e biti dostavljeni korisniku putem odabrane dostavne slu\u017ebe u najkra\u0107em mogu\u0107em roku, u roku od pet do deset radnih dana.  &nbsp;Ako vam za to vrijeme ne mo\u017eemo isporu\u010diti proizvod, odmah \u0107emo vas obavijestiti e-mail adresom ili telefonom. Proizvodi na zalihi <x id=\"gid_0\"><\/x>bit \u0107e poslani <x id=\"gid_1\"><\/x>isti dan ili najkasnije dan nakon primitka va\u0161e narud\u017ebe. Ne \u0161aljemo subotom, nedjeljom i praznicima. Ako proizvoda nema na zalihi ili iz bilo kojeg razloga ne mo\u017eemo poslati naru\u010deni proizvod, obavijestit \u0107emo vas u najkra\u0107em mogu\u0107em roku.   <\/p>\n<h4>Dostava proizvoda putem GLS-a ili DHL-a:<\/h4>\n<p>U slu\u010daju da niste dostupni kada posjetite dostavlja\u010da, primit \u0107ete obavijest o dolaznoj po\u0161ti.  U tom slu\u010daju naru\u010deni proizvod mo\u017eete preuzeti u lokalnoj po\u0161ti u roku od 15 dana. Otkupninu paketa pla\u0107ate po\u0161taru pouze\u0107em u gotovini. Preuzimanje je mogu\u0107e na temelju identifikacijskog dokumenta samo od strane osobe \u010diji su podaci (ime i prezime) navedeni prilikom podno\u0161enja zahtjeva za dostavu.  <br>Ako naru\u010denu robu ne primite nakon 30 dana od primitka narud\u017ebe, poslat \u0107emo vam poruku putem e-maila u kojoj mo\u017eete otkazati ili produ\u017eiti narud\u017ebu dok proizvod ne bude na zalihi. Tro\u0161kove dostave pla\u0107a kupac i napla\u0107uju se prema cjeniku odabrane dostavne slu\u017ebe. Tro\u0161ak dostave izra\u010dunava se i dodaje iznosu kupnje na kraju narud\u017ebe.  <\/p>\n<h4>Ugovori o arhiviranju<\/h4>\n<p>Svi ugovori sklopljeni izme\u0111u pru\u017eatelja i kupca arhiviraju se u sjedi\u0161tu tvrtke Adrimax s.r.o. Svi ra\u010duni bit \u0107e trajno pohranjeni kod pru\u017eatelja usluga. Kupac mo\u017ee dobiti kopiju ugovora tako da zatra\u017ei e-mail na <a href=\"https:\/\/mailto:info@fmed.eu\">adresu info@fmed.eu<\/a>. <\/p>\n<h4>Za\u0161tita autorskih prava<\/h4>\n<p>Sadr\u017eaj na web stranici fmed.eu vlasni\u0161tvo je tvrtke Adrimax s.r.o. Zabranjeno je svako kopiranje, kori\u0161tenje, objavljivanje, distribucija internetskog sadr\u017eaja ili njegovih pojedina\u010dnih dijelova bez pismenog dopu\u0161tenja tvrtke Adrimax s.r.o. <\/p>\n<h4>Pritu\u017ebe i sporovi<\/h4>\n<p>Za sve reklamacije kupcu se daje e-mail adresa <a href=\"https:\/\/mailto:info@fmed.eu\">info@fmed.eu<\/a>. Pru\u017eatelj ula\u017ee sve napore kako bi ispunio svoju du\u017enost uspostave u\u010dinkovitog sustava rje\u0161avanja pritu\u017ebi. Ponu\u0111a\u010d ula\u017ee sve napore <x id=\"gid_1\"><\/x>kako bi sve sporove rije\u0161io sporazumno. U suprotnom, sporove \u0107e rje\u0161avati nadle\u017eni sud u Sofiji.   <\/p>\n<h4>Pomo\u0107 i dodatna pitanja<\/h4>\n<p>U slu\u010daju bilo kakvih dodatnih informacija i pitanja vezanih uz na\u0161u ponudu ili kori\u0161tenje internetske trgovine, obratite nam se na <a href=\"https:\/\/mailto:info@fmed.eu\">info@fmed.eu<\/a>.<br>Zadnja izmjena Op\u0107ih uvjeta: 10.11.2025.<\/p>\t\t\t\t\t\t\t\t<\/div>\n\t\t\t\t<\/div>\n\t\t\t\t\t<\/div>\n\t\t\t\t<\/div>\n\t\t\t\t<\/div>\n\t\t","protected":false},"excerpt":{"rendered":"<p>&#8230;<\/p>\n","protected":false},"author":1,"featured_media":0,"parent":0,"menu_order":0,"comment_status":"closed","ping_status":"closed","template":"","meta":{"footnotes":""},"class_list":["post-69903","page","type-page","status-publish","hentry"],"_links":{"self":[{"href":"https:\/\/fmed.eu\/hr\/wp-json\/wp\/v2\/pages\/69903","targetHints":{"allow":["GET"]}}],"collection":[{"href":"https:\/\/fmed.eu\/hr\/wp-json\/wp\/v2\/pages"}],"about":[{"href":"https:\/\/fmed.eu\/hr\/wp-json\/wp\/v2\/types\/page"}],"author":[{"embeddable":true,"href":"https:\/\/fmed.eu\/hr\/wp-json\/wp\/v2\/users\/1"}],"replies":[{"embeddable":true,"href":"https:\/\/fmed.eu\/hr\/wp-json\/wp\/v2\/comments?post=69903"}],"version-history":[{"count":2,"href":"https:\/\/fmed.eu\/hr\/wp-json\/wp\/v2\/pages\/69903\/revisions"}],"predecessor-version":[{"id":69905,"href":"https:\/\/fmed.eu\/hr\/wp-json\/wp\/v2\/pages\/69903\/revisions\/69905"}],"wp:attachment":[{"href":"https:\/\/fmed.eu\/hr\/wp-json\/wp\/v2\/media?parent=69903"}],"curies":[{"name":"wp","href":"https:\/\/api.w.org\/{rel}","templated":true}]}}