{"id":54580,"date":"2018-08-03T06:25:19","date_gmt":"2018-08-03T06:25:19","guid":{"rendered":"https:\/\/fmed.eu\/product\/molibden-glutation-sulfacija-koza-lasje\/"},"modified":"2025-04-22T13:05:30","modified_gmt":"2025-04-22T11:05:30","slug":"molibden-glutation-sulfacija-koza-lasje","status":"publish","type":"product","link":"https:\/\/fmed.eu\/hr\/proizvod\/molibden-glutation-sulfacija-koza-lasje\/","title":{"rendered":"Molibden"},"content":{"rendered":"<p>Country Life Molybdenum<\/p>\n<p>Molibden je esencialni mineral, kar pomeni, da ga telo ne more ustvariti samo in ga moramo za \u017eivljenje nujno zau\u017eiti. Sodeluje kot kofaktor pri treh skupinah encimov. Glavna naloga je presnavljanje aminokislin z \u017eveplom, kar pomeni, da ima pomembno nalogo pri vzdr\u017eevanju ravnovesja \u017evepla v telesu in pomanjkanja molibdena se dejansko ka\u017eejo kot simptomi zastrupitve z \u017eveplom.<\/p>\n<p>\u017dveplo<\/p>\n<p>Tudi \u017eveplo je esencialni element za \u017eivljenje. Glavni viri \u017evepla v telesu so tri aminokisline (cistein, cistin in metionin) ter dva vitamina (biotin in tiamin). Veliko drugih snovi v telesu potrebuje \u017eveplo in ena najpomembnej\u0161ih je sigurno \u00bbglavni telesni antioksidant\u00ab glutation. \u017dveplo je tudi sestavni del beljakovine keratin, ki jo najdemo v ko\u017ei in laseh.<\/p>\n<p>\u017dveplo je tudi glavna zna\u010dilnost prehranskega dopolnila MSM , ki se uporablja za zdravje kosti.<\/p>\n<p>Sulfacija<\/p>\n<p>Sulfacija je eden od razstrupljevalnih mehanizmov v drugi fazi razstrupljanja jeter. Sulfacija med drugim v telesu razstruplja tudi \u0161\u010ditni\u010dne hormone, salikate, prehranske aditive, veliko okoljskih strupov in mnogo zdravil.<\/p>\n","protected":false},"excerpt":{"rendered":"<p>Esencialni mineral, bistven za dobro presnovo \u017evepla v telesu.<\/p>\n","protected":false},"featured_media":64640,"comment_status":"open","ping_status":"closed","template":"","meta":[],"etheme_brands":[{"term_id":4665,"name":"Country Life","slug":"country-life","term_group":0,"term_taxonomy_id":4665,"taxonomy":"brand","description":"Country Life je dru\u017einsko podjetje z ve\u010d kot 40-letno tradicijo. V svoji zaprisegi strankam zagotavljajo samo najbolj\u0161e. Pona\u0161ajo se z organsko proizvodnjo, ki temelji na avtenti\u010dnosti, \u010distosti, sve\u017eini sestavin, kot tudi na konsisten\u010dnosti formul. Kot pravijo je integriteta glavna sestavina vsakega njihovega izdelka.","parent":0,"count":1,"filter":"raw"}],"product_brand":[],"product_cat":[3722,3723,3724,3725,3726],"product_tag":[5440,5441,5442,5443,5444,5445,5446,5447],"class_list":{"0":"post-54580","1":"product","2":"type-product","3":"status-publish","4":"has-post-thumbnail","6":"brand-country-life","7":"product_cat-antioksidanti","8":"product_cat-podpora-srca-in-ozilja","9":"product_cat-razstrupljanje-in-jetra","10":"product_cat-vitamini-in-minerali","11":"product_cat-vnetja-kosti-in-sklepi","12":"product_tag-glutation","13":"product_tag-kosti","14":"product_tag-koza","15":"product_tag-kri","16":"product_tag-lasje","17":"product_tag-razstrupljanje","18":"product_tag-sulfacija","19":"product_tag-zveplo","21":"first","22":"outofstock","23":"taxable","24":"shipping-taxable","25":"purchasable","26":"product-type-simple"},"_links":{"self":[{"href":"https:\/\/fmed.eu\/hr\/wp-json\/wp\/v2\/product\/54580","targetHints":{"allow":["GET"]}}],"collection":[{"href":"https:\/\/fmed.eu\/hr\/wp-json\/wp\/v2\/product"}],"about":[{"href":"https:\/\/fmed.eu\/hr\/wp-json\/wp\/v2\/types\/product"}],"replies":[{"embeddable":true,"href":"https:\/\/fmed.eu\/hr\/wp-json\/wp\/v2\/comments?post=54580"}],"version-history":[{"count":1,"href":"https:\/\/fmed.eu\/hr\/wp-json\/wp\/v2\/product\/54580\/revisions"}],"predecessor-version":[{"id":69389,"href":"https:\/\/fmed.eu\/hr\/wp-json\/wp\/v2\/product\/54580\/revisions\/69389"}],"wp:featuredmedia":[{"embeddable":true,"href":"https:\/\/fmed.eu\/hr\/wp-json\/wp\/v2\/media\/64640"}],"wp:attachment":[{"href":"https:\/\/fmed.eu\/hr\/wp-json\/wp\/v2\/media?parent=54580"}],"wp:term":[{"taxonomy":"brand","embeddable":true,"href":"https:\/\/fmed.eu\/hr\/wp-json\/wp\/v2\/etheme_brands?post=54580"},{"taxonomy":"product_brand","embeddable":true,"href":"https:\/\/fmed.eu\/hr\/wp-json\/wp\/v2\/product_brand?post=54580"},{"taxonomy":"product_cat","embeddable":true,"href":"https:\/\/fmed.eu\/hr\/wp-json\/wp\/v2\/product_cat?post=54580"},{"taxonomy":"product_tag","embeddable":true,"href":"https:\/\/fmed.eu\/hr\/wp-json\/wp\/v2\/product_tag?post=54580"}],"curies":[{"name":"wp","href":"https:\/\/api.w.org\/{rel}","templated":true}]}}