{"id":55142,"date":"2018-08-03T06:25:32","date_gmt":"2018-08-03T06:25:32","guid":{"rendered":"https:\/\/fmed.eu\/product\/glukozamin-hondroitin-msm\/"},"modified":"2026-01-06T12:37:25","modified_gmt":"2026-01-06T10:37:25","slug":"glukozamin-hondroitin-msm","status":"publish","type":"product","link":"https:\/\/fmed.eu\/hr\/proizvod\/glukozamin-hondroitin-msm\/","title":{"rendered":"Jarrow Formulas, Glukozamin, hondroitin, MSM, 240 kapsul"},"content":{"rendered":"<p>Jarrow Formulas Glukozamin, hondroitin in MSM 240 tabl.<\/p>\n<p>Izredno kvalitetna me\u0161anica glukozamina, hodroitina in MSM v optimalnih razmerjih z dodatkom mangana, namenjna zdravju kosti in sklepov ter vezi in tetiv . Tak\u0161en izdelek priporo\u010da tudi Dr. Feil v njegovi knjigi Premagajmo artrozo in bole\u010dine v sklepih .<\/p>\n<p>Glukozamin<\/p>\n<p>Glukozamin (glucosamine) je amino sladkor in prekurzor biokemi\u010dne sinteze glikoziliranih beljakovin in lipidov. Je del strukture polisaharidov citosana in citina. Najve\u010d se ga nahaja v lupinah \u0161koljk, kosteh in kostnem mezgu.<\/p>\n<p>Hondroitin<\/p>\n<p>Hondroitin (chondroitin sulfate) sodi med obliko sladkorjev, ki so vgrajeni v hrustanec. Glukosamin je glavni prena\u0161alec kompresijskih sil v sklepih. Hondroitin se u\u010dinkovito absorbira v \u010drevesju in njegova biorazpolo\u017eljivost je med 15 in 24%.<\/p>\n<p>MSM<\/p>\n<p>MSM (metil sulfonil metan) je organska spojina z \u017eveplom. \u0160tevilne raziskave so potrdile, da je MSM netoksi\u010den in ne povzro\u010da stranskih u\u010dinkov vsaj do odmerkov 6g dnevno.<\/p>\n<p>Mangan<\/p>\n<p>Je naravni mineral, ki v telesu pogosto deluje kot kofaktor razli\u010dnih encimov. Sodi med esencialna hranila, kar pomeni, da ga moramo vna\u0161ati v telo skozi prehrano in je nujno potreben za \u017eivljenje. V telesu ima veliko vlog med katerimi so \u0161e posebej pomembne:<\/p>\n<p>Vzdr\u017eevanje zdravih kosti<\/p>\n<p>Dobro delovanje vezivnega tkiva (sklepi, tetive, vezi) ter<\/p>\n<p>Vpliv na proizvodnjo energije in<\/p>\n<p>Antioksidativno delovanje.<\/p>\n","protected":false},"excerpt":{"rendered":"<p>Izredno kvalitetna kombinacija glukozamina, hondoritina, MSM-a in mangana za zdrave sklepe, kosti, vezi in tetive.<\/p>\n","protected":false},"featured_media":55143,"comment_status":"open","ping_status":"closed","template":"","meta":[],"etheme_brands":[{"term_id":4642,"name":"Jarrow Formulas","slug":"jarrow-formulas","term_group":0,"term_taxonomy_id":4642,"taxonomy":"brand","description":"Jarrow Formulas (podjetje s sede\u017eem v ameri\u0161kem Los Angelesu) je snovalec in dobavitelj vrhunskih prehranskih dopolnil. Podjetje je bilo ustanovljeno leta 1977. Celotna linija Jarrow Formulas zajema vitamine, minerale, probiotike, standardizirane zeli\u0161\u010dne koncentrate, aminokisline in encime.\r\nPodjetje tudi financira raziskovalne \u0161tudije o pomembnosti prehranskih izdelkov, kot je denimo CoQ10. Cilj podjetja je namre\u010d spodbujati optimalno zdravje s prehranskimi dopolnili visoke kakovosti, u\u010dinkovitosti, dostopnosti in v vrhunskih oblikah.","parent":0,"count":36,"filter":"raw"}],"product_brand":[],"product_cat":[3726],"product_tag":[5554,5555,5556,5557,5441,5558,5559,5560,5455],"class_list":{"0":"post-55142","1":"product","2":"type-product","3":"status-publish","4":"has-post-thumbnail","6":"brand-jarrow-formulas","7":"product_cat-vnetja-kosti-in-sklepi","8":"product_tag-bolecine-v-hrbtenici","9":"product_tag-glukozamin","10":"product_tag-hondoritin","11":"product_tag-kolki","12":"product_tag-kosti","13":"product_tag-kriz","14":"product_tag-msm","15":"product_tag-osteoporoza","16":"product_tag-sklepi","18":"first","19":"instock","20":"taxable","21":"shipping-taxable","22":"purchasable","23":"product-type-simple"},"_links":{"self":[{"href":"https:\/\/fmed.eu\/hr\/wp-json\/wp\/v2\/product\/55142","targetHints":{"allow":["GET"]}}],"collection":[{"href":"https:\/\/fmed.eu\/hr\/wp-json\/wp\/v2\/product"}],"about":[{"href":"https:\/\/fmed.eu\/hr\/wp-json\/wp\/v2\/types\/product"}],"replies":[{"embeddable":true,"href":"https:\/\/fmed.eu\/hr\/wp-json\/wp\/v2\/comments?post=55142"}],"version-history":[{"count":1,"href":"https:\/\/fmed.eu\/hr\/wp-json\/wp\/v2\/product\/55142\/revisions"}],"predecessor-version":[{"id":69369,"href":"https:\/\/fmed.eu\/hr\/wp-json\/wp\/v2\/product\/55142\/revisions\/69369"}],"wp:featuredmedia":[{"embeddable":true,"href":"https:\/\/fmed.eu\/hr\/wp-json\/wp\/v2\/media\/55143"}],"wp:attachment":[{"href":"https:\/\/fmed.eu\/hr\/wp-json\/wp\/v2\/media?parent=55142"}],"wp:term":[{"taxonomy":"brand","embeddable":true,"href":"https:\/\/fmed.eu\/hr\/wp-json\/wp\/v2\/etheme_brands?post=55142"},{"taxonomy":"product_brand","embeddable":true,"href":"https:\/\/fmed.eu\/hr\/wp-json\/wp\/v2\/product_brand?post=55142"},{"taxonomy":"product_cat","embeddable":true,"href":"https:\/\/fmed.eu\/hr\/wp-json\/wp\/v2\/product_cat?post=55142"},{"taxonomy":"product_tag","embeddable":true,"href":"https:\/\/fmed.eu\/hr\/wp-json\/wp\/v2\/product_tag?post=55142"}],"curies":[{"name":"wp","href":"https:\/\/api.w.org\/{rel}","templated":true}]}}