{"id":58511,"date":"2019-10-07T12:46:00","date_gmt":"2019-10-07T12:46:00","guid":{"rendered":"https:\/\/fmed.eu\/product\/bor-artroza-sklepi-kosti\/"},"modified":"2025-04-22T13:05:12","modified_gmt":"2025-04-22T11:05:12","slug":"bor-artroza-sklepi-kosti","status":"publish","type":"product","link":"https:\/\/fmed.eu\/hr\/proizvod\/bor-artroza-sklepi-kosti\/","title":{"rendered":"Bor v kelatni obliki"},"content":{"rendered":"<p>Nature&#8217;s Way Bor &#8211; 3mg, 100 kapsul (aminokislinski kelat)<\/p>\n<p>Bor je mineral, ki je potreben za pretvorbo vitamina D v aktivno obliko. Sodeluje tesno v povezavi s kalcijem.<\/p>\n<p>Bor se vgrajuje v kosti in s tem skrbi za njihovo trdnost.<\/p>\n<p>Kak\u0161na je optimalna koli\u010dina bora \u0161e ni znano, raziskave pa ka\u017eejo, da je najni\u017eji u\u010dinkovit odmerek 3mg. V \u0161tudijah u\u010dinkoviti odmerki za hormonske spremembe (in posledi\u010dno tudi spremembe kostne gostote) pri \u017eenskah v menopavzi so bili 6mg, medtem ko so hormonske spremembe pri mlaj\u0161ih spro\u017eili 10mg odmerki.<\/p>\n<p>Bor je v \u0161tudijah imel slede\u010de u\u010dinke:<\/p>\n<p>povi\u0161anje prostega testosterona in celokupnega testosterona<\/p>\n<p>zmanj\u0161anje vnetij<\/p>\n<p>zmanj\u0161anje mo\u017enosti za ledvi\u010dne kamne<\/p>\n<p>Njegova glavna prednost pa je seveda izbolj\u0161evanje zdravja kosti zato je priporo\u010dljiv pri osteoporozi in osteoartrozi, koristen pa je lahko tudi za celjenje zlomov ali drugih te\u017eavah s kostmi.<\/p>\n<p>Nature&#8217;s Way bor v vsaki kapsuli vsebuje kar 3mg bora v obliki aminokislinskega kelata, ki izbolj\u0161a njegovo absorpcijo in izkoristek.<\/p>\n<p>Bor priporo\u010da tudi Dr. Feil v svoji knjigi Premagajmo artrozo in bole\u010dine v sklepih .<\/p>\n","protected":false},"excerpt":{"rendered":"<p>Trojni bor vsebuje tri biolo\u0161ko razpolo\u017eljive oblike minerala bora za zdrave kosti in sklepe.<\/p>\n","protected":false},"featured_media":54707,"comment_status":"open","ping_status":"closed","template":"","meta":[],"etheme_brands":[{"term_id":4642,"name":"Jarrow Formulas","slug":"jarrow-formulas","term_group":0,"term_taxonomy_id":4642,"taxonomy":"brand","description":"Jarrow Formulas (podjetje s sede\u017eem v ameri\u0161kem Los Angelesu) je snovalec in dobavitelj vrhunskih prehranskih dopolnil. Podjetje je bilo ustanovljeno leta 1977. Celotna linija Jarrow Formulas zajema vitamine, minerale, probiotike, standardizirane zeli\u0161\u010dne koncentrate, aminokisline in encime.\r\nPodjetje tudi financira raziskovalne \u0161tudije o pomembnosti prehranskih izdelkov, kot je denimo CoQ10. Cilj podjetja je namre\u010d spodbujati optimalno zdravje s prehranskimi dopolnili visoke kakovosti, u\u010dinkovitosti, dostopnosti in v vrhunskih oblikah.","parent":0,"count":36,"filter":"raw"}],"product_brand":[],"product_cat":[3725,3726],"product_tag":[5520,5572,5521,5441,5558,5613,5573,5560,5545,5455,5599],"class_list":{"0":"post-58511","1":"product","2":"type-product","3":"status-publish","4":"has-post-thumbnail","6":"brand-jarrow-formulas","7":"product_cat-vitamini-in-minerali","8":"product_cat-vnetja-kosti-in-sklepi","9":"product_tag-artritis","10":"product_tag-artroza","11":"product_tag-bolecine","12":"product_tag-kosti","13":"product_tag-kriz","14":"product_tag-menopavza","15":"product_tag-obraba-sklepov","16":"product_tag-osteoporoza","17":"product_tag-prostata","18":"product_tag-sklepi","19":"product_tag-testosteron","21":"first","22":"outofstock","23":"taxable","24":"shipping-taxable","25":"purchasable","26":"product-type-simple"},"_links":{"self":[{"href":"https:\/\/fmed.eu\/hr\/wp-json\/wp\/v2\/product\/58511","targetHints":{"allow":["GET"]}}],"collection":[{"href":"https:\/\/fmed.eu\/hr\/wp-json\/wp\/v2\/product"}],"about":[{"href":"https:\/\/fmed.eu\/hr\/wp-json\/wp\/v2\/types\/product"}],"replies":[{"embeddable":true,"href":"https:\/\/fmed.eu\/hr\/wp-json\/wp\/v2\/comments?post=58511"}],"version-history":[{"count":1,"href":"https:\/\/fmed.eu\/hr\/wp-json\/wp\/v2\/product\/58511\/revisions"}],"predecessor-version":[{"id":69327,"href":"https:\/\/fmed.eu\/hr\/wp-json\/wp\/v2\/product\/58511\/revisions\/69327"}],"wp:featuredmedia":[{"embeddable":true,"href":"https:\/\/fmed.eu\/hr\/wp-json\/wp\/v2\/media\/54707"}],"wp:attachment":[{"href":"https:\/\/fmed.eu\/hr\/wp-json\/wp\/v2\/media?parent=58511"}],"wp:term":[{"taxonomy":"brand","embeddable":true,"href":"https:\/\/fmed.eu\/hr\/wp-json\/wp\/v2\/etheme_brands?post=58511"},{"taxonomy":"product_brand","embeddable":true,"href":"https:\/\/fmed.eu\/hr\/wp-json\/wp\/v2\/product_brand?post=58511"},{"taxonomy":"product_cat","embeddable":true,"href":"https:\/\/fmed.eu\/hr\/wp-json\/wp\/v2\/product_cat?post=58511"},{"taxonomy":"product_tag","embeddable":true,"href":"https:\/\/fmed.eu\/hr\/wp-json\/wp\/v2\/product_tag?post=58511"}],"curies":[{"name":"wp","href":"https:\/\/api.w.org\/{rel}","templated":true}]}}