{"id":59084,"date":"2018-09-27T09:32:25","date_gmt":"2018-09-27T07:32:25","guid":{"rendered":"https:\/\/fmed.eu\/product\/ulje-jetre-ribe-morskog-stakora\/"},"modified":"2025-03-04T11:51:52","modified_gmt":"2025-03-04T11:51:52","slug":"ulje-jetre-ribe-morskog-stakora","status":"publish","type":"product","link":"https:\/\/fmed.eu\/hr\/proizvod\/ulje-jetre-ribe-morskog-stakora\/","title":{"rendered":"Ulje jetre Morskog \u0161takora"},"content":{"rendered":"<h2>Rosita ulje jetre Morskog \u0161takora<\/h2>\n<p>Rosita proizvodi ovo <strong>vrlo posebno riblje ulje<\/strong> na tradicionalan na\u010din, potpuno ru\u010dno izra\u0111eno i bez upotrebe topline, te od divljih riba Morskoh \u0161takora (\u0161takora, Chimaera Monstrosa) ulovljenih u \u010distim vodama Norve\u0161ke. Kao rezultat rijetkosti i odr\u017eivog ribolova za dugoro\u010dno o\u010duvanje vrsta, ovo se ulje proizvodi samo u vrlo malim koli\u010dinama.<\/p>\n<p>Napravljen je <strong>samo od svje\u017ee jetre najbolje kvalitete <\/strong>koriste\u0107i drevnu metodu Vikinga. Rezultat je izuzetno \u010disto i autenti\u010dno ulje, kakvo su znali na\u0161i stari, stolje\u0107ima prije.<\/p>\n<p>Ovo riblje ulje sadr\u017ei \u0161irok raspon prirodnih masnih kiselina i hranjivih tvari i antioksidansa topivih u mastima. Izvrstan je izvor prirodnih, biolo\u0161ki aktivnih <strong>lipida Alkilglicerola.<\/strong><\/p>\n<p>Proizvedeno bez ikakvih alergena (osim ribe) sa svom predano\u0161\u0107u i stra\u0161\u0107u.<\/p>\n<h3>Alkilgliceroli<\/h3>\n<p>Alkilgliceroli su posebna vrsta masnih kiselina s izuzetno sna\u017enim antikancerogenim u\u010dincima. Njihov izvor je riblje ulje morskih pasa ili riba morski \u0161takor.<\/p>\n<p>Nakon gutanja ugra\u0111uju se u stani\u010dne stijenke i utje\u010du na njihov rad. Alkilgliceroli su se pokazali sna\u017eno u\u010dinkovitima u nekoliko razli\u010ditih studija raka i metastaza.<\/p>\n<h3>Morski \u0161takor (Chimaera monstroza)<\/h3>\n<p>Naziva se i Chimera, pripada skupini ribljih vrsta Holocephali, opisuju\u0107i \u0161upljinu glave. Morski \u0161takor ima veliku glavu s malim ustima i velikim usnama. Kratki i uski rep pobrinuo se za njegovo ime. Razvio se prije oko 350 milijuna godina i od tada je stekao prilagodbe koje druge ribe nemaju. Ima pokrivene \u0161krge i zube namijenjene lomljenju i mljevenju \u0161koljaka i meku\u0161aca. Nije razvio ljuske.<\/p>\n<p>Njihova najbli\u017ea \u017eiva rodbina su morski psi. \u017dive na dnu oceana na dubinama do 2.600 m i rijetko plutaju pli\u0107e od 200 m.<\/p>\n","protected":false},"excerpt":{"rendered":"<p>Vrlo posebno riblje ulje s visokim udjelom istra\u017eenih alkilglicerola.<\/p>\n","protected":false},"featured_media":57152,"comment_status":"open","ping_status":"closed","template":"","meta":[],"etheme_brands":[{"term_id":4706,"name":"Rosita","slug":"rosita-hr","term_group":0,"term_taxonomy_id":4706,"taxonomy":"brand","description":"Rosita nudi ru\u010dno ra\u0111ene dodatke za bolje zdravlje i postizanje ve\u0107e razine svijesti. Poznato je po pru\u017eanju divlje ulovljenih, neprera\u0111enih, sirovih i odr\u017eivih ulja od jetre ribe, svje\u017eih i kristalno \u010distih voda Norve\u0161ke.\nCilj je osigurati riblje ulje koje pru\u017ea onoliko svje\u017eine i hranjivih sastojaka koliko bi se moglo na\u0107i u \u017eivoj ribi.","parent":0,"count":3,"filter":"raw"}],"product_brand":[],"product_cat":[5419,3830,5418,3831,3832,5417,3833],"product_tag":[],"class_list":{"0":"post-59084","1":"product","2":"type-product","3":"status-publish","4":"has-post-thumbnail","6":"brand-rosita-hr","7":"product_cat-antioksidanti-hr","8":"product_cat-imunoloski-sustav","9":"product_cat-ostalo-hr","10":"product_cat-pamcenje-i-zdravlje-mozga","11":"product_cat-podrska-za-srce-i-krvne-zile","12":"product_cat-slabokrvnost-anemija-hr","13":"product_cat-zdrave-masti","15":"first","16":"outofstock","17":"taxable","18":"shipping-taxable","19":"purchasable","20":"product-type-simple"},"_links":{"self":[{"href":"https:\/\/fmed.eu\/hr\/wp-json\/wp\/v2\/product\/59084","targetHints":{"allow":["GET"]}}],"collection":[{"href":"https:\/\/fmed.eu\/hr\/wp-json\/wp\/v2\/product"}],"about":[{"href":"https:\/\/fmed.eu\/hr\/wp-json\/wp\/v2\/types\/product"}],"replies":[{"embeddable":true,"href":"https:\/\/fmed.eu\/hr\/wp-json\/wp\/v2\/comments?post=59084"}],"version-history":[{"count":0,"href":"https:\/\/fmed.eu\/hr\/wp-json\/wp\/v2\/product\/59084\/revisions"}],"wp:featuredmedia":[{"embeddable":true,"href":"https:\/\/fmed.eu\/hr\/wp-json\/wp\/v2\/media\/57152"}],"wp:attachment":[{"href":"https:\/\/fmed.eu\/hr\/wp-json\/wp\/v2\/media?parent=59084"}],"wp:term":[{"taxonomy":"brand","embeddable":true,"href":"https:\/\/fmed.eu\/hr\/wp-json\/wp\/v2\/etheme_brands?post=59084"},{"taxonomy":"product_brand","embeddable":true,"href":"https:\/\/fmed.eu\/hr\/wp-json\/wp\/v2\/product_brand?post=59084"},{"taxonomy":"product_cat","embeddable":true,"href":"https:\/\/fmed.eu\/hr\/wp-json\/wp\/v2\/product_cat?post=59084"},{"taxonomy":"product_tag","embeddable":true,"href":"https:\/\/fmed.eu\/hr\/wp-json\/wp\/v2\/product_tag?post=59084"}],"curies":[{"name":"wp","href":"https:\/\/api.w.org\/{rel}","templated":true}]}}