{"id":59088,"date":"2018-10-30T09:42:56","date_gmt":"2018-10-30T09:42:56","guid":{"rendered":"https:\/\/fmed.eu\/product\/liposomski-vitamin-c-za-djecu\/"},"modified":"2025-03-04T11:51:52","modified_gmt":"2025-03-04T11:51:52","slug":"liposomski-vitamin-c-za-djecu","status":"publish","type":"product","link":"https:\/\/fmed.eu\/hr\/proizvod\/liposomski-vitamin-c-za-djecu\/","title":{"rendered":"Liposomal Vitamin C za djecu"},"content":{"rendered":"<h2>Dr. Mercola-Liposomal Vitamin C za djecu 125mg x 30 Kapsula<\/h2>\n<p><strong>Poseban oblik vitamina C, prilago\u0111en djeci. S prilago\u0111enom veli\u010dinom porcije i malim kapsulama za lak\u0161e gutanje.<\/strong><\/p>\n<p>Liposomski oblik vitamina C trenutno je najbolji oblik ovog vitamina na tr\u017ei\u0161tu. Posebnost je u tome \u0161to je vitamin C okru\u017een masnom ovojnicom (liposomom) koja omogu\u0107uje apsorpciju kroz limfni sustav. Klasi\u010dni vitamin C apsorbira se putem portalnog sustava i prvo mora pro\u0107i jetru prije nego \u0161to u\u0111e u krvotok. Pomo\u0107u liposomskih vitamina to mo\u017eete izbje\u0107i. Na taj na\u010din ima manje probave i \u0161titite jetru. To tako\u0111er omogu\u0107uje bolju apsorpciju i bioraspolo\u017eivost vitamina C. Neke studije \u010dak sugeriraju da je dostava u same stanice bolja nego kod IV (intravenskog) vitamina C.<\/p>\n<p>Iz tog razloga potrebna vam je manja koli\u010dina vitamina za isti u\u010dinak, istodobno izbjegavaju\u0107i neugodne probavne simptome klasi\u010dne askorbinske kiseline.<\/p>\n<p>Dr. Mercola jedan je od uglednih specijalista za funkcionalnu medicinu i brine se o visokim standardima njegovih dodataka. To se vidi i po sastojcima koji se koriste u liposomskim proizvodima, gdje uvijek koristi <strong>samo suncokretov lecitin<\/strong>, dok ve\u0107ina drugih proizvo\u0111a\u010da koristi jeftiniji i \u010desto kontroverzni sojin lecitin.<\/p>\n<h3>Svojstva vitamina C<\/h3>\n<p>To je jedan od vitalnih vitamina za koji je dokazano da nedostaje na\u0161oj prehrani.<\/p>\n<p>Posebno je poznat po svojim antioksidativnim svojstvima i blagotvorno djeluje na imunolo\u0161ki sustav, posebno u jesenskim i zimskim mjesecima.<\/p>\n<p>Me\u0111utim, zaboravljamo da je vitamin C izuzetno va\u017ean za stvaranje kolagena koji je va\u017ean za zdravu i lijepu ko\u017eu, kosti, vene, hrskavicu, desni i zube. Njegov utjecaj na kolagen toliko je mo\u0107an da su njegova pozitivna svojstva otkrivena upravo zbog ove karakteristike. Vrlo jak nedostatak vitamina C izazvat \u0107e skorbut.<\/p>\n<h3>Vitamin C i skorbut<\/h3>\n<p>Skorbut je bolest uzrokovana nedostatkom vitamina C. Prvi simptomi uklju\u010duju umor, slabost i te\u0161ke noge i \u0161ake. Tada smanjuje broj crvenih krvnih zrnaca, a zatim uzrokuje bolest desni (krvarenje zubnog mesa), svoj najkarakteristi\u010dniji simptom. Zatim slijede promjene na kosi i ko\u017ei koja tako\u0111er po\u010dinje krvariti, a rane polako zarastaju.<\/p>\n<p>Skurbut su opisivali drevni Egip\u0107ani koji su otkrili da ga spre\u010dava konzumacija citrusa, raj\u010dice i krumpira. Kasnije je to postao glavni problem dugih morskih ekspedicija, gdje je ve\u0107ina posade mogla stradati i nakon mjesec dana. Stoga su 1795. godine Englezi prihvatili zdravstvenu reformu koja je svim mornarima preporu\u010dila upotrebu soka od limuna.<\/p>\n<p>Otkri\u0107e <strong>vitamina C<\/strong> pripisuje se ma\u0111arskom fiziologu Albertu Szent-Gy\u00f6rgyijuu, koji je tako\u0111er dobio Nobelovu nagradu 1937. godine.<\/p>\n<h3>Dr. Mercola liposomski vitamin C sadr\u017ei vitamin C koji:<\/h3>\n<ul>\n<li>va\u017ean je za funkcioniranje imunolo\u0161kog sustava tijekom intenzivne tjelesne aktivnosti i nakon nje (blagotvoran u\u010dinak posti\u017ee se dnevnim unosom od 200 mg, uz preporu\u010deni dnevni unos vitamina C).<\/li>\n<li>Va\u017ean je pri stvaranju kolagena za zdrave vene, kosti, hrskavicu, desni, ko\u017eu, zube<\/li>\n<li>doprinosi osloba\u0111anju energije u metabolizmu<\/li>\n<li>pridonosi funkcioniranju \u017eiv\u010danog sustava<\/li>\n<li>pridonosi normalnom psiholo\u0161kom funkcioniranju<\/li>\n<li>Ima ulogu u funkcioniranju imunolo\u0161kog sustava<\/li>\n<li>va\u017ean pri za\u0161titi stanica od oksidativnog stresa<\/li>\n<li>Doprinosi smanjenju umora i iscrpljenosti<\/li>\n<li>Doprinosi obnavljanju smanjenog oblika vitamina E u njegov aktivni oblik<\/li>\n<li>Pove\u0107ava apsorpciju \u017eeljeza<\/li>\n<\/ul>\n<p>&nbsp;<\/p>\n<p>&nbsp;<\/p>\n<p>&nbsp;<\/p>\n<p>&nbsp;<\/p>\n","protected":false},"excerpt":{"rendered":"<p>Vitamin C u liposomskom obliku, pogodan za djecu.<\/p>\n","protected":false},"featured_media":57030,"comment_status":"open","ping_status":"closed","template":"","meta":[],"etheme_brands":[{"term_id":4707,"name":"Dr. Mercola","slug":"dr-mercola-hr","term_group":0,"term_taxonomy_id":4707,"taxonomy":"brand","description":"Dr. Mercola nudi ili preporu\u010duje proizvode tek nakon \u0161to ih je on ili njegov istra\u017eiva\u010dki tim aktivno testirao i pregledao svaki sastojak. Uz to, on stvara samo proizvode za koje zna da \u0107e ih i sam koristiti i da bi ih preporu\u010dio obitelji i prijateljima.","parent":0,"count":2,"filter":"raw"}],"product_brand":[],"product_cat":[5420,5419,3836,3827,3837,3830,3838,3832,5423,3839,3829],"product_tag":[6368,6257,6277,6276,6299,6296],"class_list":{"0":"post-59088","1":"product","2":"type-product","3":"status-publish","4":"has-post-thumbnail","6":"brand-dr-mercola-hr","7":"product_cat-akcija-hr","8":"product_cat-antioksidanti-hr","9":"product_cat-bebe-i-djeca","10":"product_cat-detoksikacija-i-jetra","11":"product_cat-energija-i-motivacija","12":"product_cat-imunoloski-sustav","13":"product_cat-kontrola-stresa","14":"product_cat-podrska-za-srce-i-krvne-zile","15":"product_cat-prehlade","16":"product_cat-upala-kosti-i-zglobovi","17":"product_cat-vitamini-i-minerali","18":"product_tag-djeca-hr","19":"product_tag-energija-hr","20":"product_tag-hladan","21":"product_tag-imunoloski-sustav-hr","22":"product_tag-kolagena","23":"product_tag-koza-hr","25":"first","26":"instock","27":"taxable","28":"shipping-taxable","29":"purchasable","30":"product-type-simple"},"_links":{"self":[{"href":"https:\/\/fmed.eu\/hr\/wp-json\/wp\/v2\/product\/59088","targetHints":{"allow":["GET"]}}],"collection":[{"href":"https:\/\/fmed.eu\/hr\/wp-json\/wp\/v2\/product"}],"about":[{"href":"https:\/\/fmed.eu\/hr\/wp-json\/wp\/v2\/types\/product"}],"replies":[{"embeddable":true,"href":"https:\/\/fmed.eu\/hr\/wp-json\/wp\/v2\/comments?post=59088"}],"version-history":[{"count":0,"href":"https:\/\/fmed.eu\/hr\/wp-json\/wp\/v2\/product\/59088\/revisions"}],"wp:featuredmedia":[{"embeddable":true,"href":"https:\/\/fmed.eu\/hr\/wp-json\/wp\/v2\/media\/57030"}],"wp:attachment":[{"href":"https:\/\/fmed.eu\/hr\/wp-json\/wp\/v2\/media?parent=59088"}],"wp:term":[{"taxonomy":"brand","embeddable":true,"href":"https:\/\/fmed.eu\/hr\/wp-json\/wp\/v2\/etheme_brands?post=59088"},{"taxonomy":"product_brand","embeddable":true,"href":"https:\/\/fmed.eu\/hr\/wp-json\/wp\/v2\/product_brand?post=59088"},{"taxonomy":"product_cat","embeddable":true,"href":"https:\/\/fmed.eu\/hr\/wp-json\/wp\/v2\/product_cat?post=59088"},{"taxonomy":"product_tag","embeddable":true,"href":"https:\/\/fmed.eu\/hr\/wp-json\/wp\/v2\/product_tag?post=59088"}],"curies":[{"name":"wp","href":"https:\/\/api.w.org\/{rel}","templated":true}]}}