{"id":59104,"date":"2020-01-26T14:43:40","date_gmt":"2020-01-26T14:43:40","guid":{"rendered":"https:\/\/fmed.eu\/product\/laurishield-pjena-pranje-za-ostecenu-kozu\/"},"modified":"2025-03-04T11:51:54","modified_gmt":"2025-03-04T11:51:54","slug":"laurishield-pjena-pranje-za-ostecenu-kozu","status":"publish","type":"product","link":"https:\/\/fmed.eu\/hr\/proizvod\/laurishield-pjena-pranje-za-ostecenu-kozu\/","title":{"rendered":"LauriShield Foaming Wash za o\u0161te\u0107enu ko\u017eu"},"content":{"rendered":"<h2>LauriShield foaming wash 208ml<\/h2>\n<p>LauriShield foaming wash koristi se za \u010di\u0161\u0107enje o\u0161te\u0107ene, ranjive ili nadra\u017eene ko\u017ee potpuno prirodnim sapunom koji sadr\u017ei <a href=\"\/?p=11448\">Lauricidin<\/a>.<\/p>\n<p>LauriShield je dizajniran za nje\u017eno \u010di\u0161\u0107enje i trenutno vla\u017eenje o\u0161te\u0107ene ko\u017ee. Podr\u017eava fleksibilnost ko\u017ee te je ja\u010da i \u0161titi.<\/p>\n<p>Preporu\u010duje se upotreba s <a href=\"\/?p=32677\">dermalnim losionom<\/a> ili <a href=\"\/?p=32705\">za\u0161titnom hranjivom kremom LauriShield<\/a>.<\/p>\n<h3>Sapun za o\u0161te\u0107enu i ranjivu ko\u017eu<\/h3>\n<p>Iako LauriShield sapun mo\u017eete koristiti svakodnevno, svoj \u0107e najbolji potencijal pokazati na podru\u010djima s o\u0161te\u0107enom ko\u017eom. Koristiti na ispuknutoj, ranjenoj i suhoj ili na bilo koji drugi na\u010din o\u0161te\u0107enoj i nezdravoj ko\u017ei. Nudi nje\u017eno \u010di\u0161\u0107enje koje ne iritira ko\u017eu.<\/p>\n<h3>Prirodni miris esencijalnih ulja<\/h3>\n<p>Teku\u0107i sapun LauriShield oboga\u0107en je prirodnim esencijalnim uljima koja mu daju ugodan i nje\u017ean citrusni miris.<\/p>\n<h3>Sigurni i u\u010dinkoviti sastojci<\/h3>\n<p>Njegujte ko\u017eu Lauricidinom bez agresivnih i \u0161tetnih sastojaka poput parabena i sulfata koji se nalaze u ve\u0107ini kozmeti\u010dkih proizvoda.<\/p>\n<p>Na\u0161i su sastojci toliko sigurni da ih \u010dak mo\u017eete koristiti i na <strong>ranama<\/strong>.<\/p>\n<h2><img fetchpriority=\"high\" decoding=\"async\" class=\"size-medium wp-image-32683 alignright\" src=\"https:\/\/fmed.eu\/wp-content\/uploads\/2025\/01\/kozna-pregrada-ok-300x200-1.jpg\" alt=\"jaka ko\u017ena barijera\" width=\"300\" height=\"200\" \/> <a href=\"https:\/\/fmed.splet.in\/wp-content\/uploads\/2020\/01\/kozna-pregrada-poskodovana.jpg\"><img decoding=\"async\" class=\"alignright size-medium wp-image-32685\" src=\"https:\/\/fmed.eu\/wp-content\/uploads\/2025\/01\/kozna-pregrada-poskodovana-300x199-1.jpg\" alt=\"o\u0161te\u0107ena ko\u017ena barijera\" width=\"300\" height=\"199\" \/><\/a>Ko\u017ena barijera<\/h2>\n<p>Ko\u017ea je na\u0161 najve\u0107i organ koji nas \u0161titi od vanjskog okru\u017eenja. Stoga je va\u017eno da je ko\u017ea tako\u0111er zdrava na mikro\u0107elijskoj razini i spre\u010dava ulazak malih \u010destica i mikroorganizama u na\u0161e tijelo.<\/p>\n<p>O\u0161te\u0107ena ko\u017ena barijera (vanjski sloj epiderme) ostavlja \u0161tetne tvari u tijelu i ne mo\u017ee u\u010dinkovito zadr\u017eati vlagu i lipide u tijelu, \u0161to dovodi do dehidracije ko\u017ee, o\u0161te\u0107enja i infekcija.<\/p>\n<p>LauriShield sadr\u017ei Lauricidin u posebnoj formuli koja poma\u017ee ko\u017ei da obnovi svoju barijeru, dok joj poma\u017ee za\u0161titnim slojem.<\/p>\n<h3><a href=\"https:\/\/fmed.splet.in\/wp-content\/uploads\/2020\/01\/laurishield-kozne-okuzbe.jpg\"><img decoding=\"async\" class=\"alignright size-medium wp-image-32687\" src=\"https:\/\/fmed.eu\/wp-content\/uploads\/2025\/01\/laurishield-kozne-okuzbe-300x165-1.jpg\" alt=\"infekcije ko\u017ee, grinje, bakterije\" width=\"300\" height=\"165\" \/><\/a> Hranjivi proizvodi za njegu o\u0161te\u0107ene ko\u017ee<\/h3>\n<p>Serija proizvoda LauriShield sadr\u017ei:<\/p>\n<ul>\n<li><a href=\"\/?p=32677\">Losion za ko\u017eu LauriShield<\/a><\/li>\n<li><a href=\"\/?p=32705\">LauriShield mast za ko\u017eu<\/a><\/li>\n<li>LauriShield sapun<\/li>\n<\/ul>\n<p><a href=\"https:\/\/fmed.splet.in\/wp-content\/uploads\/2020\/01\/laurishield-suha-razpokana-koza.jpg\"><img loading=\"lazy\" decoding=\"async\" class=\"alignright size-medium wp-image-32681\" src=\"https:\/\/fmed.eu\/wp-content\/uploads\/2025\/01\/laurishield-suha-razpokana-koza-300x164-1.jpg\" alt=\"za suhu i ispucalu ko\u017eu\" width=\"300\" height=\"164\" \/><\/a>Zajedno su prikladni za popravak o\u0161te\u0107ene i ostarjele ko\u017ee:<\/p>\n<ul>\n<li>Suha i ispucala ko\u017ea (posebno na stopalima i rukama)<\/li>\n<li><a href=\"https:\/\/fmed.splet.in\/wp-content\/uploads\/2020\/01\/laurishield-rane.jpg\"><img loading=\"lazy\" decoding=\"async\" class=\"alignright size-medium wp-image-32691\" src=\"https:\/\/fmed.eu\/wp-content\/uploads\/2025\/01\/laurishield-rane-300x165-1.jpg\" alt=\"ko\u017ene rane i ozljede ko\u017ee\" width=\"300\" height=\"165\" \/><\/a>Perut i perutava ko\u017ea<\/li>\n<li>Ko\u017ene rane<\/li>\n<li>Osip i dermatitis<\/li>\n<li>Infekcije ko\u017ee<\/li>\n<\/ul>\n<p><a href=\"https:\/\/fmed.splet.in\/wp-content\/uploads\/2020\/01\/laurishield-izpuscaji-dermatitis.jpg\"><img loading=\"lazy\" decoding=\"async\" class=\"alignright size-medium wp-image-32689\" src=\"https:\/\/fmed.eu\/wp-content\/uploads\/2025\/01\/laurishield-izpuscaji-dermatitis-300x165-1.jpg\" alt=\"osip na ko\u017ei, dermatitis\" width=\"300\" height=\"165\" \/><\/a>Kod o\u0161te\u0107ene i problemati\u010dne ko\u017ee glavni uzroci su \u010desto u tijelu, pa preporu\u010dujemo upotrebu zajedno s oralnim <a href=\"\/?p=11448\">Lauricidinom<\/a><\/p>\n<h3>Mikrobiolo\u0161ki ispitani proizvodi<\/h3>\n<p>Svi su proizvodi LauriShield mikrobiolo\u0161ki ispitani i uni\u0161tavaju 99% patogenih mikroorganizama.<\/p>\n<h3>Zna\u010dajke proizvoda<\/h3>\n<ul>\n<li>Prikladna pumpa od pjene<\/li>\n<li>Za 4 tjedna kori\u0161tenja<\/li>\n<li>Aktivirana formula \u010disti i vla\u017ei ko\u017eu<\/li>\n<li>\u010cisti prirodnom biljnom formulom s Lauricidinom<\/li>\n<li>Podr\u017eava ko\u017enu barijeru<\/li>\n<li>Pogodno za o\u0161te\u0107enu i nadra\u017eenu ko\u017eu<\/li>\n<li>Ugodan prirodni miris<\/li>\n<li>Nema nafte, nema parabena<\/li>\n<\/ul>\n","protected":false},"excerpt":{"rendered":"<p>\u010cisti i vla\u017ei o\u0161te\u0107enu i nadra\u017eenu ko\u017eu.<\/p>\n","protected":false},"featured_media":55066,"comment_status":"open","ping_status":"closed","template":"","meta":[],"etheme_brands":[{"term_id":4710,"name":"Med-Chem Labs","slug":"med-chem-labs-hr","term_group":0,"term_taxonomy_id":4710,"taxonomy":"brand","description":"Med-Chem Labs, Inc. osnovao je 1966. Dr. Kabara, ponosna dizajnerica dodataka prehrani Lauricidin\u00ae za bolje zdravlje i samolije\u010denje.\nPionirsko istra\u017eivanje dr. Kabare u otkri\u0107u monolaurina 1960-ih bio je osnova za prijenos Lauricidina\u00ae u zdravstvenu zajednicu.","parent":0,"count":6,"filter":"raw"}],"product_brand":[],"product_cat":[3836,3828,5418,5423],"product_tag":[6296],"class_list":{"0":"post-59104","1":"product","2":"type-product","3":"status-publish","4":"has-post-thumbnail","6":"brand-med-chem-labs-hr","7":"product_cat-bebe-i-djeca","8":"product_cat-osobna-higijena","9":"product_cat-ostalo-hr","10":"product_cat-prehlade","11":"product_tag-koza-hr","13":"first","14":"instock","15":"taxable","16":"shipping-taxable","17":"purchasable","18":"product-type-simple"},"_links":{"self":[{"href":"https:\/\/fmed.eu\/hr\/wp-json\/wp\/v2\/product\/59104","targetHints":{"allow":["GET"]}}],"collection":[{"href":"https:\/\/fmed.eu\/hr\/wp-json\/wp\/v2\/product"}],"about":[{"href":"https:\/\/fmed.eu\/hr\/wp-json\/wp\/v2\/types\/product"}],"replies":[{"embeddable":true,"href":"https:\/\/fmed.eu\/hr\/wp-json\/wp\/v2\/comments?post=59104"}],"version-history":[{"count":0,"href":"https:\/\/fmed.eu\/hr\/wp-json\/wp\/v2\/product\/59104\/revisions"}],"wp:featuredmedia":[{"embeddable":true,"href":"https:\/\/fmed.eu\/hr\/wp-json\/wp\/v2\/media\/55066"}],"wp:attachment":[{"href":"https:\/\/fmed.eu\/hr\/wp-json\/wp\/v2\/media?parent=59104"}],"wp:term":[{"taxonomy":"brand","embeddable":true,"href":"https:\/\/fmed.eu\/hr\/wp-json\/wp\/v2\/etheme_brands?post=59104"},{"taxonomy":"product_brand","embeddable":true,"href":"https:\/\/fmed.eu\/hr\/wp-json\/wp\/v2\/product_brand?post=59104"},{"taxonomy":"product_cat","embeddable":true,"href":"https:\/\/fmed.eu\/hr\/wp-json\/wp\/v2\/product_cat?post=59104"},{"taxonomy":"product_tag","embeddable":true,"href":"https:\/\/fmed.eu\/hr\/wp-json\/wp\/v2\/product_tag?post=59104"}],"curies":[{"name":"wp","href":"https:\/\/api.w.org\/{rel}","templated":true}]}}