{"id":59132,"date":"2019-06-08T13:19:40","date_gmt":"2019-06-08T11:19:40","guid":{"rendered":"https:\/\/fmed.eu\/product\/bakar-sebakat\/"},"modified":"2025-03-04T11:51:58","modified_gmt":"2025-03-04T11:51:58","slug":"bakar-sebakat","status":"publish","type":"product","link":"https:\/\/fmed.eu\/hr\/proizvod\/bakar-sebakat\/","title":{"rendered":"Bakar (bakreni sebakat)"},"content":{"rendered":"<h2>Izvorni prirodni bakreni sebakat<\/h2>\n<p>Bakar je neophodan mineral koji je ljudskom tijelu potreban u malim koli\u010dinama (tragovima). Zadu\u017een je za nekoliko razli\u010ditih metaboli\u010dkih procesa. Jedno od najva\u017enijih je kataliziranje (ubrzavanje) smanjenja kisika (REDOX), uz napomenu da djeluje kao antioksidans i tako\u0111er \u0161titi \u017eiv\u010dani sustav.<\/p>\n<p>Utje\u010de na stvaranje hemoglobina i tako utje\u010de na anemiju i utje\u010de na stvaranje kolagena.<\/p>\n<p>Budu\u0107i da tijelo tro\u0161i relativno malo, nedostaci nisu \u010desti. Izlo\u017eeni su uglavnom pojedinci koji:<\/p>\n<ul>\n<li>uzimate <strong>suplemente s cinkom<\/strong>,<\/li>\n<li>imate <strong>\u017eelu\u010danu premosnicu<\/strong>,<\/li>\n<li>koriste <strong>antacide<\/strong> i dugoro\u010dno PPI (GERD lijekovi),<\/li>\n<\/ul>\n<p>Nedostatak \u017eelu\u010danih kiselina i \u017eelu\u010dana premosnica ozbiljno ograni\u010davaju apsorpciju bakra pa u takvim slu\u010dajevima morate biti svjesni dovoljnog unosa ovog va\u017enog minerala.<\/p>\n<p>Ako uzimate cink bez dodatka bakra, imate vrlo velike \u0161anse za nedostatak. Visoke doze cinka pove\u0107avaju proizvodni enzim poznat kao metalotionin, koji mo\u017ee vezati bakar i smanjiti njegovu koli\u010dinu u tijelu. Ako zamjenjujete cink, najbolje je uzimati kvalitetne formule koje ve\u0107 sadr\u017ee bakar, kao \u0161to je <a href=\"\/?p=11411\">Optizinc<\/a>.<\/p>\n<h3>Uloga bakra u tijelu<\/h3>\n<p>Njegova primarna uloga u tijelu je kofaktor enzima iz porodice metaloenzima, na pr. NADH dehidrogenaza-2, Cu, un-superoksid dismutaza (SOD1), Cu Amin oksidaza i citokrom c oksidaza.<\/p>\n<p>Ti su enzimi \u010dvrsto povezani s funkcioniranjem imunolo\u0161kog sustava, proizvode\u0107i energiju i \u0161tite\u0107i tijelo od oksidativnog stresa (npr. SOD pretvara otrovne superoksidalne molekule u peroksid koji tijelo mo\u017ee izlu\u010diti).<\/p>\n<p>U slobodnom obliku bakar stimulira imunolo\u0161ke stanice. Nedostatak bakra mo\u017ee suzbiti imunolo\u0161ki odgovor na antigene i mo\u017ee suzbiti uro\u0111eni imunitet, \u0161to se o\u010dituje kao neutropenija (smanjeni broj neutrofila). Bakar tako\u0111er utje\u010de na funkcioniranje makrofaga, jo\u0161 jednog od stanica imunolo\u0161kog sustava i na taj na\u010din igra ulogu u regulaciji upalnih procesa u tijelu.<\/p>\n<p>Pa\u017enja kod previsokog unosa bakra! Bakar mora biti uravnote\u017een u tijelu (posebno s cinkom). Previsoke vrijednosti bakra povezane su s bolestima mozga poput Alzheimerove bolesti.<\/p>\n<p>Siguran unos bakra je 3mg dnevno. Ne prekora\u010dujte dnevnu dozu, pogotovo ako je uzimate dugoro\u010dno.<\/p>\n","protected":false},"excerpt":{"rendered":"<p>Neophodan mineral koji utje\u010de na funkcioniranje imunolo\u0161kog sustava i sna\u017ean je antioksidans.<\/p>\n","protected":false},"featured_media":57856,"comment_status":"open","ping_status":"closed","template":"","meta":[],"etheme_brands":[{"term_id":4712,"name":"Source Naturals","slug":"source-naturals-hr","term_group":0,"term_taxonomy_id":4712,"taxonomy":"brand","description":"Source Naturals prisutan je na svjetskom tr\u017ei\u0161tu od 1982. godine. Uzde su u rukama redateljice Ire Goldberg koja cijelo to vrijeme poku\u0161ava slijediti glavni cilj, a to je: podr\u017eati potencijal svakog pojedinca da u\u017eiva u optimalnom zdravlju. U tim po\u010detnim trenucima ideja kombiniranja snova o hrani, ljekovitog bilja i farmaceutskih dodataka bila je prava rijetkost. Tvrtka se danas mo\u017ee pohvaliti mnogim nagra\u0111ivanim formulama koje su prepoznate i poznate po svojoj izvrsnosti. Tome u prilog idu i neovisna istra\u017eivanja i nutritivna analiza.","parent":0,"count":18,"filter":"raw"}],"product_brand":[],"product_cat":[5419,3830,3839,3829],"product_tag":[6257],"class_list":{"0":"post-59132","1":"product","2":"type-product","3":"status-publish","4":"has-post-thumbnail","6":"brand-source-naturals-hr","7":"product_cat-antioksidanti-hr","8":"product_cat-imunoloski-sustav","9":"product_cat-upala-kosti-i-zglobovi","10":"product_cat-vitamini-i-minerali","11":"product_tag-energija-hr","13":"first","14":"outofstock","15":"taxable","16":"shipping-taxable","17":"purchasable","18":"product-type-simple"},"_links":{"self":[{"href":"https:\/\/fmed.eu\/hr\/wp-json\/wp\/v2\/product\/59132","targetHints":{"allow":["GET"]}}],"collection":[{"href":"https:\/\/fmed.eu\/hr\/wp-json\/wp\/v2\/product"}],"about":[{"href":"https:\/\/fmed.eu\/hr\/wp-json\/wp\/v2\/types\/product"}],"replies":[{"embeddable":true,"href":"https:\/\/fmed.eu\/hr\/wp-json\/wp\/v2\/comments?post=59132"}],"version-history":[{"count":0,"href":"https:\/\/fmed.eu\/hr\/wp-json\/wp\/v2\/product\/59132\/revisions"}],"wp:featuredmedia":[{"embeddable":true,"href":"https:\/\/fmed.eu\/hr\/wp-json\/wp\/v2\/media\/57856"}],"wp:attachment":[{"href":"https:\/\/fmed.eu\/hr\/wp-json\/wp\/v2\/media?parent=59132"}],"wp:term":[{"taxonomy":"brand","embeddable":true,"href":"https:\/\/fmed.eu\/hr\/wp-json\/wp\/v2\/etheme_brands?post=59132"},{"taxonomy":"product_brand","embeddable":true,"href":"https:\/\/fmed.eu\/hr\/wp-json\/wp\/v2\/product_brand?post=59132"},{"taxonomy":"product_cat","embeddable":true,"href":"https:\/\/fmed.eu\/hr\/wp-json\/wp\/v2\/product_cat?post=59132"},{"taxonomy":"product_tag","embeddable":true,"href":"https:\/\/fmed.eu\/hr\/wp-json\/wp\/v2\/product_tag?post=59132"}],"curies":[{"name":"wp","href":"https:\/\/api.w.org\/{rel}","templated":true}]}}