{"id":59152,"date":"2018-08-03T06:25:20","date_gmt":"2018-08-03T06:25:20","guid":{"rendered":"https:\/\/fmed.eu\/product\/karnozin\/"},"modified":"2025-04-20T11:17:08","modified_gmt":"2025-04-20T09:17:08","slug":"karnozin","status":"publish","type":"product","link":"https:\/\/fmed.eu\/hr\/proizvod\/karnozin\/","title":{"rendered":"Zinc carnosine (PepZinGi)"},"content":{"rendered":"<h2>Doctor&#8217;s Best PepZinGI<\/h2>\n<p>Doctors&#8217;s Best PepZinGI kao \u0161to ime i ka\u017ee sastoji se od Pep (za \u017eeludac), Zin (za cink) i GI (Gastro intestinalni ili. Probavni sustav). To je poseban spoj cinka i karnozina, poznat i kao cink L-karnozin ili polaprezinc. Sadr\u017ei 23% cinka i 77% karnozina, a u Japanu je odobren kao klini\u010dki lijek protiv \u010dira na \u017eelucu.<\/p>\n<p>Cink je poznati antioksidans, \u0161to zna\u010di da \u0161titi stanice od oksidativnog stresa. Upravo je ova karakteristika klju\u010dna za njegov u\u010dinak, jer se cink karnozin ve\u017ee na slobodne radikale izravno u \u017eelucu.<\/p>\n<p>Klini\u010dka ispitivanja pokazala su da je cink karnozin siguran za primjenu u dozama od 150 mg, bez ikakvih nuspojava.<\/p>\n","protected":false},"excerpt":{"rendered":"<p>Poseban oblik cinka koji se koristi u Japanu kao lijek protiv \u010dira na \u017eelucu.<\/p>\n","protected":false},"featured_media":64621,"comment_status":"open","ping_status":"closed","template":"","meta":[],"etheme_brands":[{"term_id":4717,"name":"Doctor's Best","slug":"doctors-best-hr","term_group":0,"term_taxonomy_id":4717,"taxonomy":"brand","description":"Doctor's Best je marka koju su 1990. osnovali lije\u010dnici. Tvrtka nudi vi\u0161e od 200 proizvoda, od kojih je ve\u0107ina izra\u0111ena od sastojaka vlastite marke. Tvrtka se mo\u017ee pohvaliti proizvodima koji se odlikuju najvi\u0161im standardima kvalitete.","parent":0,"count":13,"filter":"raw"}],"product_brand":[],"product_cat":[5419,3834,3829],"product_tag":[],"class_list":{"0":"post-59152","1":"product","2":"type-product","3":"status-publish","4":"has-post-thumbnail","6":"brand-doctors-best-hr","7":"product_cat-antioksidanti-hr","8":"product_cat-probava-zeludac-crijeva","9":"product_cat-vitamini-i-minerali","11":"first","12":"outofstock","13":"taxable","14":"shipping-taxable","15":"purchasable","16":"product-type-simple"},"_links":{"self":[{"href":"https:\/\/fmed.eu\/hr\/wp-json\/wp\/v2\/product\/59152","targetHints":{"allow":["GET"]}}],"collection":[{"href":"https:\/\/fmed.eu\/hr\/wp-json\/wp\/v2\/product"}],"about":[{"href":"https:\/\/fmed.eu\/hr\/wp-json\/wp\/v2\/types\/product"}],"replies":[{"embeddable":true,"href":"https:\/\/fmed.eu\/hr\/wp-json\/wp\/v2\/comments?post=59152"}],"version-history":[{"count":0,"href":"https:\/\/fmed.eu\/hr\/wp-json\/wp\/v2\/product\/59152\/revisions"}],"wp:featuredmedia":[{"embeddable":true,"href":"https:\/\/fmed.eu\/hr\/wp-json\/wp\/v2\/media\/64621"}],"wp:attachment":[{"href":"https:\/\/fmed.eu\/hr\/wp-json\/wp\/v2\/media?parent=59152"}],"wp:term":[{"taxonomy":"brand","embeddable":true,"href":"https:\/\/fmed.eu\/hr\/wp-json\/wp\/v2\/etheme_brands?post=59152"},{"taxonomy":"product_brand","embeddable":true,"href":"https:\/\/fmed.eu\/hr\/wp-json\/wp\/v2\/product_brand?post=59152"},{"taxonomy":"product_cat","embeddable":true,"href":"https:\/\/fmed.eu\/hr\/wp-json\/wp\/v2\/product_cat?post=59152"},{"taxonomy":"product_tag","embeddable":true,"href":"https:\/\/fmed.eu\/hr\/wp-json\/wp\/v2\/product_tag?post=59152"}],"curies":[{"name":"wp","href":"https:\/\/api.w.org\/{rel}","templated":true}]}}