{"id":59156,"date":"2018-08-03T06:25:20","date_gmt":"2018-08-03T06:25:20","guid":{"rendered":"https:\/\/fmed.eu\/product\/5-htp-depresija-anksioznost-zatvor\/"},"modified":"2025-03-04T11:52:00","modified_gmt":"2025-03-04T11:52:00","slug":"5-htp-depresija-anksioznost-zatvor","status":"publish","type":"product","link":"https:\/\/fmed.eu\/hr\/proizvod\/5-htp-depresija-anksioznost-zatvor\/","title":{"rendered":"5-HTP + B6 + C"},"content":{"rendered":"<h2>Doctor&#8217;s Best 5-HTP<\/h2>\n<p>5-HTP je skra\u0107enica od 5-hidroksi triptofana i derivat je aminokiseline triptofan iz kojeg tijelo proizvodi neurotransmiter serotonin u mozgu i crijevima. Pretvorba u mozgu odvija se u prisutnosti vitamina B6 i vitamina C (\u0161to tako\u0111er rezultira doprinosom normalnoj psiholo\u0161koj funkciji), koji su tako\u0111er dio Dr&#8217;s Best 5-HTP formule.<\/p>\n<p>5-HTP u ovom proizvodu dobiva se iz sjemena afri\u010dke biljke Griffonia simplicifolia, koja je potpuno bez sinteti\u010dkih sastojaka i ima visok stupanj \u010disto\u0107e.<\/p>\n<h3>5 HTP protiv triptofana<\/h3>\n<p>5 HTP i triptofan su vrlo sli\u010dni, ali vrlo razli\u010diti. Triptofan je aminokiselina koja je u velikoj mjeri zastupljena u hrani (npr. U puretini), ali triptofan ima puno vi\u0161e funkcija od 5-HTP-a. Zbog toga se \u010desto doga\u0111a da tijelo koristi triptofan za ne\u0161to drugo osim za serotonin. Npr. Kada vam nedostaje niacin (vitamin B3), triptofan se mo\u017ee u potpunosti transformirati u njega.<\/p>\n<p>5 HTP S druge strane nema drugih funkcija i njegova je primarna funkcija pretvoriti u serotonin.<\/p>\n<h3>Vitamin C i B6 imaju sljede\u0107e pozitivne u\u010dinke:<\/h3>\n<ul>\n<li>Doprinose osloba\u0111anju energije u metabolizmu<\/li>\n<li>pridonijeti normalnom psiholo\u0161kom funkcioniranju<\/li>\n<li>doprinose smanjenju umora i iscrpljenosti<\/li>\n<\/ul>\n<p>Dr\u2019s Best 5-HTP je neurolo\u0161ki aktivan i njegov \u0107e se u\u010dinak osjetiti na psiholo\u0161koj razini, bez stimulativnih u\u010dinaka (poput kave).<\/p>\n<p>&nbsp;<\/p>\n","protected":false},"excerpt":{"rendered":"<p>Proizvod s aktivnim oblikom triptofana, prete\u010de serotonina i brine o dobrom psiholo\u0161kom zdravlju.<\/p>\n","protected":false},"featured_media":64592,"comment_status":"open","ping_status":"closed","template":"","meta":[],"etheme_brands":[{"term_id":4717,"name":"Doctor's Best","slug":"doctors-best-hr","term_group":0,"term_taxonomy_id":4717,"taxonomy":"brand","description":"Doctor's Best je marka koju su 1990. osnovali lije\u010dnici. Tvrtka nudi vi\u0161e od 200 proizvoda, od kojih je ve\u0107ina izra\u0111ena od sastojaka vlastite marke. Tvrtka se mo\u017ee pohvaliti proizvodima koji se odlikuju najvi\u0161im standardima kvalitete.","parent":0,"count":13,"filter":"raw"}],"product_brand":[],"product_cat":[5419,3837,3838,3831,3834,3845,3829],"product_tag":[],"class_list":{"0":"post-59156","1":"product","2":"type-product","3":"status-publish","4":"has-post-thumbnail","6":"brand-doctors-best-hr","7":"product_cat-antioksidanti-hr","8":"product_cat-energija-i-motivacija","9":"product_cat-kontrola-stresa","10":"product_cat-pamcenje-i-zdravlje-mozga","11":"product_cat-probava-zeludac-crijeva","12":"product_cat-spavanje-nesanica","13":"product_cat-vitamini-i-minerali","15":"first","16":"instock","17":"taxable","18":"shipping-taxable","19":"purchasable","20":"product-type-simple"},"_links":{"self":[{"href":"https:\/\/fmed.eu\/hr\/wp-json\/wp\/v2\/product\/59156","targetHints":{"allow":["GET"]}}],"collection":[{"href":"https:\/\/fmed.eu\/hr\/wp-json\/wp\/v2\/product"}],"about":[{"href":"https:\/\/fmed.eu\/hr\/wp-json\/wp\/v2\/types\/product"}],"replies":[{"embeddable":true,"href":"https:\/\/fmed.eu\/hr\/wp-json\/wp\/v2\/comments?post=59156"}],"version-history":[{"count":0,"href":"https:\/\/fmed.eu\/hr\/wp-json\/wp\/v2\/product\/59156\/revisions"}],"wp:featuredmedia":[{"embeddable":true,"href":"https:\/\/fmed.eu\/hr\/wp-json\/wp\/v2\/media\/64592"}],"wp:attachment":[{"href":"https:\/\/fmed.eu\/hr\/wp-json\/wp\/v2\/media?parent=59156"}],"wp:term":[{"taxonomy":"brand","embeddable":true,"href":"https:\/\/fmed.eu\/hr\/wp-json\/wp\/v2\/etheme_brands?post=59156"},{"taxonomy":"product_brand","embeddable":true,"href":"https:\/\/fmed.eu\/hr\/wp-json\/wp\/v2\/product_brand?post=59156"},{"taxonomy":"product_cat","embeddable":true,"href":"https:\/\/fmed.eu\/hr\/wp-json\/wp\/v2\/product_cat?post=59156"},{"taxonomy":"product_tag","embeddable":true,"href":"https:\/\/fmed.eu\/hr\/wp-json\/wp\/v2\/product_tag?post=59156"}],"curies":[{"name":"wp","href":"https:\/\/api.w.org\/{rel}","templated":true}]}}