{"id":59162,"date":"2018-08-03T04:25:23","date_gmt":"2018-08-03T04:25:23","guid":{"rendered":"https:\/\/fmed.eu\/product\/ashwagandha-stres\/"},"modified":"2026-04-01T11:03:01","modified_gmt":"2026-04-01T09:03:01","slug":"ashwagandha-stres","status":"publish","type":"product","link":"https:\/\/fmed.eu\/hr\/proizvod\/ashwagandha-stres\/","title":{"rendered":"Ashwagandha"},"content":{"rendered":"<h2>Jarrow Formulas Ashwagandha<\/h2>\n<p>Ashwagandha (<em>Withania somnifera<\/em>) naziva se i &#8220;kraljicom ajurvedskog bilja&#8221;. Tipi\u010dno se koristi kao adaptogen (EFSA-Q-2008-3983), \u0161to zna\u010di da regulira hormonalnu ravnote\u017eu, posebno tijekom povi\u0161enog stresa.<\/p>\n<p>Poma\u017ee kod psiholo\u0161kog stresa, napetosti i anksioznosti te doprinosi optimalnom opu\u0161tanju i op\u0107oj dobrobiti te emocionalnoj ravnote\u017ei (EFSA-Q-2008-2916).<\/p>\n<p>Uz to mo\u017ee biti korisno za srce i cjelokupni kardiovaskularni sustav (EFSA-Q-2008-3236).<\/p>\n<p>Ako doslovno prevedemo Ashwagandhu, to bi zna\u010dilo &#8220;miris konja&#8221;, koji je izveden iz tipi\u010dnog mirisa svje\u017eeg korijenja. Raste u Sjevernoj Americi i Indiji i koristi se tisu\u0107lje\u0107ima.<\/p>\n<p>Formule za \u017eiro Ashwagandha sadr\u017ei poseban, patentirani ekstrakt Ashwagandhe nazvan KSM-66 \u00ae. To zna\u010di da dobivate provjerenu kvalitetu, standardizaciju aktivnih sastojaka i optimalnu apsorpciju i u\u010dinak.<\/p>\n<p>Ekstrakt korijena najbolji je oblik Ashwagandhe, jer se jedini dio pokazao u\u010dinkovitim i netoksi\u010dnim. Pazite da koristite samo \u010disti ekstrakt korijena!<\/p>\n","protected":false},"excerpt":{"rendered":"<p>Naziva se i &#8220;kraljicom ayurvedske medicine&#8221;, djeluje kao adaptogen kada je krivac stres.<\/p>\n","protected":false},"featured_media":54766,"comment_status":"open","ping_status":"closed","template":"","meta":[],"etheme_brands":[{"term_id":4720,"name":"Jarrow Formulas","slug":"jarrow-formulas-hr","term_group":0,"term_taxonomy_id":4720,"taxonomy":"brand","description":"Jarrow Formulas (tvrtka sa sjedi\u0161tem u Los Angelesu) dizajner je i dobavlja\u010d vrhunskih dodataka prehrani. Tvrtka je osnovana 1977. Cjelokupna linija Jarrow Formulas uklju\u010duje vitamine, minerale, probiotike, standardizirane biljne koncentrate, aminokiseline i enzime.\r\nTvrtka tako\u0111er financira istra\u017eiva\u010dke studije o va\u017enosti prehrambenih proizvoda poput CoQ10. Cilj tvrtke je promicanje optimalnog zdravlja prehrambenim dodacima visoke kvalitete, u\u010dinkovitosti, dostupnosti i u vrhunskim oblicima.","parent":0,"count":27,"filter":"raw"}],"product_brand":[],"product_cat":[3843,3837,3830,3838,3831,3832],"product_tag":[6374],"class_list":{"0":"post-59162","1":"product","2":"type-product","3":"status-publish","4":"has-post-thumbnail","6":"brand-jarrow-formulas-hr","7":"product_cat-bilje-ekstrakti-i-tinkture","8":"product_cat-energija-i-motivacija","9":"product_cat-imunoloski-sustav","10":"product_cat-kontrola-stresa","11":"product_cat-pamcenje-i-zdravlje-mozga","12":"product_cat-podrska-za-srce-i-krvne-zile","13":"product_tag-srce-hr","15":"first","16":"instock","17":"taxable","18":"shipping-taxable","19":"purchasable","20":"product-type-simple"},"_links":{"self":[{"href":"https:\/\/fmed.eu\/hr\/wp-json\/wp\/v2\/product\/59162","targetHints":{"allow":["GET"]}}],"collection":[{"href":"https:\/\/fmed.eu\/hr\/wp-json\/wp\/v2\/product"}],"about":[{"href":"https:\/\/fmed.eu\/hr\/wp-json\/wp\/v2\/types\/product"}],"replies":[{"embeddable":true,"href":"https:\/\/fmed.eu\/hr\/wp-json\/wp\/v2\/comments?post=59162"}],"version-history":[{"count":0,"href":"https:\/\/fmed.eu\/hr\/wp-json\/wp\/v2\/product\/59162\/revisions"}],"wp:featuredmedia":[{"embeddable":true,"href":"https:\/\/fmed.eu\/hr\/wp-json\/wp\/v2\/media\/54766"}],"wp:attachment":[{"href":"https:\/\/fmed.eu\/hr\/wp-json\/wp\/v2\/media?parent=59162"}],"wp:term":[{"taxonomy":"brand","embeddable":true,"href":"https:\/\/fmed.eu\/hr\/wp-json\/wp\/v2\/etheme_brands?post=59162"},{"taxonomy":"product_brand","embeddable":true,"href":"https:\/\/fmed.eu\/hr\/wp-json\/wp\/v2\/product_brand?post=59162"},{"taxonomy":"product_cat","embeddable":true,"href":"https:\/\/fmed.eu\/hr\/wp-json\/wp\/v2\/product_cat?post=59162"},{"taxonomy":"product_tag","embeddable":true,"href":"https:\/\/fmed.eu\/hr\/wp-json\/wp\/v2\/product_tag?post=59162"}],"curies":[{"name":"wp","href":"https:\/\/api.w.org\/{rel}","templated":true}]}}